{"id":22964,"date":"2025-08-18T23:26:27","date_gmt":"2025-08-18T20:26:27","guid":{"rendered":"https:\/\/pesu24.ee\/?post_type=product&#038;p=22964"},"modified":"2026-03-05T09:53:42","modified_gmt":"2026-03-05T07:53:42","slug":"oosark-beauty-night-dark-mirage","status":"publish","type":"product","link":"https:\/\/pesu24.ee\/en\/oosargid\/oosark-beauty-night-dark-mirage\/","title":{"rendered":"\u00d6\u00f6s\u00e4rk Beauty Night Dark Mirage"},"content":{"rendered":"<p>\u00d6\u00f6s\u00e4rk Beauty Night Dark Mirage on loodud naistele, kes soovivad tunda end erilisena ja v\u00f5luvana igal hetkel. Selle ainulaadne disain \u00fchendab luksusliku pitsrinnahoidja ja \u00f5rna pooll\u00e4bipaistva kangaga, r\u00f5hutades naiselikkust peenetundeliselt, kuid samas intrigeerivalt. See on ideaalne valik naistele, kes hindavad mugavuse ja sensuaalsuse t\u00e4iuslikku kooslust.<\/p>\n<p>S\u00e4rgi \u00fclemist osa kaunistab kaunite mustritega pits, mis t\u00f5stab esile dekoltee ja lisab luksusliku aktsendi. Alumise osa kerge ja pooll\u00e4bipaistev materjal toob esile keha loomuliku ilu, luues \u00f5hulise ja sensuaalse ilme. Komplekti kuuluvad ka elegantsed stringid, mis t\u00e4iendavad \u00f6\u00f6s\u00e4rki ideaalselt, pakkudes terviklikku ja harmoonilist v\u00e4limust.<\/p>\n<p>Reguleeritavad \u00f5lapaelad tagavad t\u00e4iusliku sobivuse ja maksimaalse mugavuse. Beauty Night Dark Mirage on \u00f6\u00f6s\u00e4rk, mis paneb iga naise tundma end erilise ja lummavana, tuues esile tema loomuliku v\u00f5lu ning naiselikkuse.<\/p>\n<p><span style=\"color: #008000;\"><strong>KOMPLEKT SISALDAB:<\/strong><\/span><\/p>\n<ul>\n<li>\u00f6\u00f6s\u00e4rk<\/li>\n<li>stringid<\/li>\n<\/ul>\n<p><strong><span style=\"color: #008000;\">DETAILS:<\/span><\/strong><\/p>\n<ul>\n<li>klassikalise disainiga \u00f6\u00f6s\u00e4rk<\/li>\n<li>v\u00f5luv disain<\/li>\n<li>hingav kangas<\/li>\n<li>reguleeritavad \u00f5lapaelad<\/li>\n<li>mugav ning elastne kangas (5% pol\u00fcester, 85% pol\u00fcamiid &amp; 10% elastaan)<\/li>\n<\/ul>","protected":false},"excerpt":{"rendered":"<p>&#46;&#46;&#46;<\/p>","protected":false},"featured_media":23060,"comment_status":"open","ping_status":"closed","template":"","meta":{"_glsr_average":0,"_glsr_ranking":0,"_glsr_reviews":0},"product_brand":[503],"product_cat":[151],"product_tag":[403],"class_list":{"0":"post-22964","1":"product","2":"type-product","3":"status-publish","4":"has-post-thumbnail","6":"product_brand-beauty-night","7":"product_cat-oosargid","8":"product_tag-beauty-night","9":"pa_suurus-l-xl","10":"pa_suurus-s-m","11":"pa_suurus-xxl-xxxl","12":"pa_varvus-must","14":"first","15":"instock","16":"sold-individually","17":"taxable","18":"shipping-taxable","19":"purchasable","20":"product-type-variable"},"_links":{"self":[{"href":"https:\/\/pesu24.ee\/en\/wp-json\/wp\/v2\/product\/22964","targetHints":{"allow":["GET"]}}],"collection":[{"href":"https:\/\/pesu24.ee\/en\/wp-json\/wp\/v2\/product"}],"about":[{"href":"https:\/\/pesu24.ee\/en\/wp-json\/wp\/v2\/types\/product"}],"replies":[{"embeddable":true,"href":"https:\/\/pesu24.ee\/en\/wp-json\/wp\/v2\/comments?post=22964"}],"wp:featuredmedia":[{"embeddable":true,"href":"https:\/\/pesu24.ee\/en\/wp-json\/wp\/v2\/media\/23060"}],"wp:attachment":[{"href":"https:\/\/pesu24.ee\/en\/wp-json\/wp\/v2\/media?parent=22964"}],"wp:term":[{"taxonomy":"product_brand","embeddable":true,"href":"https:\/\/pesu24.ee\/en\/wp-json\/wp\/v2\/product_brand?post=22964"},{"taxonomy":"product_cat","embeddable":true,"href":"https:\/\/pesu24.ee\/en\/wp-json\/wp\/v2\/product_cat?post=22964"},{"taxonomy":"product_tag","embeddable":true,"href":"https:\/\/pesu24.ee\/en\/wp-json\/wp\/v2\/product_tag?post=22964"}],"curies":[{"name":"wp","href":"https:\/\/api.w.org\/{rel}","templated":true}]}}