{"id":22965,"date":"2025-08-18T23:26:27","date_gmt":"2025-08-18T20:26:27","guid":{"rendered":"https:\/\/pesu24.ee\/?post_type=product&#038;p=22965"},"modified":"2025-08-21T15:46:37","modified_gmt":"2025-08-21T12:46:37","slug":"oosark-beauty-night-xiomara","status":"publish","type":"product","link":"https:\/\/pesu24.ee\/en\/oosargid\/oosark-beauty-night-xiomara\/","title":{"rendered":"\u00d6\u00f6s\u00e4rk Beauty Night Xiomara"},"content":{"rendered":"<p>Beauty Night Xiomara \u00f6\u00f6s\u00e4rk on ideaalne valik naistele, kes hindavad luksust ja naiselikku \u0161ikki. Valmistatud \u00f5rnast pitsist ja sametist, toob see esile keha kaunid jooned, samas lisades \u00f5rna sensuaalsuse. Rinnapartii traadiga kaetud korvid annavad kauni kuju ja toovad dekoltee esile, samas kui reguleeritavad \u00f5lapaelad tagavad mugavuse ja t\u00e4iusliku sobivuse.<\/p>\n<p>S\u00e4rgi seljal asuv muljetavaldav paelk\u00f6ide lisab elegantsi ja v\u00f5lu, luues sensuaalse, kuid samas rafineeritud v\u00e4limuse. Garteer-ried t\u00e4iendavad \u00f6\u00f6s\u00e4rgi stiili, andes sellele erilise v\u00f5lu ja salap\u00e4ra. Komplekti kuuluvad sametist stringid, mis sobivad ideaalselt \u00f6\u00f6s\u00e4rgiga, luues tervikliku ja peene ilme.<\/p>\n<p>Beauty Night Xiomara on suurep\u00e4rane kingitus igaks erilisteks hetkeks. See on t\u00f5eline luksus, mis muudab iga naise \u00f5htud unustamatuks. \u00d5rn, naiselik ja sensuaalne \u2013 see \u00f6\u00f6s\u00e4rk toob esile k\u00f5ik naise ilu ja v\u00f5lu ning on t\u00e4iuslik valik romantilisteks \u00f5htuteks v\u00f5i erilisteks s\u00fcndmusteks.<\/p>\n<p><span style=\"color: #008000;\"><strong>KOMPLEKT SISALDAB:<\/strong><\/span><\/p>\n<ul>\n<li>\u00f6\u00f6s\u00e4rk<\/li>\n<li>stringid<\/li>\n<\/ul>\n<p><strong><span style=\"color: #008000;\">DETAILS:<\/span><\/strong><\/p>\n<ul>\n<li>taga astmeline kinnitus<\/li>\n<li>reguleeritavad \u00f5la- ja sukapaelad<\/li>\n<li>mugav ning elastne kangas (88% pol\u00fcester, 12% elastaan)<\/li>\n<\/ul>","protected":false},"excerpt":{"rendered":"<p>&#46;&#46;&#46;<\/p>","protected":false},"featured_media":23070,"comment_status":"open","ping_status":"closed","template":"","meta":{"_glsr_average":0,"_glsr_ranking":0,"_glsr_reviews":0},"product_brand":[503],"product_cat":[151],"product_tag":[403],"class_list":{"0":"post-22965","1":"product","2":"type-product","3":"status-publish","4":"has-post-thumbnail","6":"product_brand-beauty-night","7":"product_cat-oosargid","8":"product_tag-beauty-night","9":"pa_suurus-l-xl","10":"pa_suurus-s-m","11":"pa_varvus-must","13":"first","14":"instock","15":"sold-individually","16":"taxable","17":"shipping-taxable","18":"purchasable","19":"product-type-variable"},"_links":{"self":[{"href":"https:\/\/pesu24.ee\/en\/wp-json\/wp\/v2\/product\/22965","targetHints":{"allow":["GET"]}}],"collection":[{"href":"https:\/\/pesu24.ee\/en\/wp-json\/wp\/v2\/product"}],"about":[{"href":"https:\/\/pesu24.ee\/en\/wp-json\/wp\/v2\/types\/product"}],"replies":[{"embeddable":true,"href":"https:\/\/pesu24.ee\/en\/wp-json\/wp\/v2\/comments?post=22965"}],"wp:featuredmedia":[{"embeddable":true,"href":"https:\/\/pesu24.ee\/en\/wp-json\/wp\/v2\/media\/23070"}],"wp:attachment":[{"href":"https:\/\/pesu24.ee\/en\/wp-json\/wp\/v2\/media?parent=22965"}],"wp:term":[{"taxonomy":"product_brand","embeddable":true,"href":"https:\/\/pesu24.ee\/en\/wp-json\/wp\/v2\/product_brand?post=22965"},{"taxonomy":"product_cat","embeddable":true,"href":"https:\/\/pesu24.ee\/en\/wp-json\/wp\/v2\/product_cat?post=22965"},{"taxonomy":"product_tag","embeddable":true,"href":"https:\/\/pesu24.ee\/en\/wp-json\/wp\/v2\/product_tag?post=22965"}],"curies":[{"name":"wp","href":"https:\/\/api.w.org\/{rel}","templated":true}]}}