{"id":22967,"date":"2025-08-18T23:26:27","date_gmt":"2025-08-18T20:26:27","guid":{"rendered":"https:\/\/pesu24.ee\/?post_type=product&#038;p=22967"},"modified":"2025-08-20T14:53:05","modified_gmt":"2025-08-20T11:53:05","slug":"oosark-obsessive-iliosa","status":"publish","type":"product","link":"https:\/\/pesu24.ee\/en\/oosargid\/oosark-obsessive-iliosa\/","title":{"rendered":"\u00d6\u00f6s\u00e4rk Obsessive Iliosa"},"content":{"rendered":"<p>Avasta luksus ja sensuaalsus Obsessive Iliosa \u00f6\u00f6s\u00e4rgis, mis on valmistatud \u00f5rnast, l\u00e4bipaistvast t\u00fcllist. See lummav \u00f6\u00f6s\u00e4rk on kaunistatud musta lillemustriga, millele lisanduvad pitsilised detailid ja rinnal olevad l\u00f5iked, mis r\u00f5hutavad su siluetti ja loovad sensuaalse v\u00e4limuse. Reguleeritavad rihmad ja mitmekihilised kinnitused tagavad t\u00e4iusliku sobivuse ning suurendavad kande mugavust.<\/p>\n<p>Obsessive Iliosa \u00f6\u00f6s\u00e4rk toob esile sinu kauni keha, pakkudes samaaegselt pehmet puudutust ja \u00f5rna toestust. \u00d5huke pitsmaterjal hellitab su nahka, samas kui allpool rinnaku asuvad l\u00f5iked ja elegantsed detailid lisavad veetlust. Kaunid h\u00f5bedased aksessuaarid, sealhulgas kaelakee ja reguleeritavad rihmad, toovad esile disaini t\u00f5eliselt rafineeritud olemuse.<\/p>\n<p>Klassikaline must \u00f6\u00f6s\u00e4rk, mis on loodud naistele, kes hindavad oma sensuaalsust ja luksust. Obsessive Iliosa \u00f6\u00f6s\u00e4rk on ideaalne valik igaks eriliseks hetkeks. Valmistatud EL-is ja koos klassikaliste p\u00fcksikutega, tagab see komplekt suvi t\u00e4iuslikuks ja romantiliseks.<\/p>\n<p>Tutvuge ka teiste <a href=\"https:\/\/pesu24.ee\/en\/omadus\/obsessive-iliosa\/\">Obsessive Iliosa<\/a> pesukollektsiooni toodetega.<\/p>\n<p><span style=\"color: #008000;\"><strong>KOMPLEKT SISALDAB:<\/strong><\/span><\/p>\n<ul>\n<li>\u00f6\u00f6s\u00e4rk<\/li>\n<li>stringid<\/li>\n<\/ul>\n<p><span style=\"color: #008000;\"><strong>DETAILS:<\/strong><\/span><\/p>\n<ul>\n<li>pikk \u00f6\u00f6s\u00e4rk<\/li>\n<li>rikkalikud pitskaunistused<\/li>\n<li>rinnakorvil tugikaared<\/li>\n<li>reguleeritavad paelad<\/li>\n<li>toodetud EU-s<\/li>\n<li>pehme ja elastne kangas (94% pol\u00fcamiid; 6% elastaan)<\/li>\n<\/ul>","protected":false},"excerpt":{"rendered":"<ul>\n<li>sensuaalsed sukad v\u00e4ga elegantses stiilis<\/li>\n<li>\u00f5hukese musta v\u00f5rguga<\/li>\n<li>geomeetriline pits<\/li>\n<li>stockings are not self-supported<\/li>\n<li>pehme ja elastne materjal (85% pol\u00fcamiid; 15% elastaan)<\/li>\n<\/ul>","protected":false},"featured_media":23085,"comment_status":"open","ping_status":"closed","template":"","meta":{"_glsr_average":0,"_glsr_ranking":0,"_glsr_reviews":0},"product_brand":[500],"product_cat":[151],"product_tag":[160,484],"class_list":{"0":"post-22967","1":"product","2":"type-product","3":"status-publish","4":"has-post-thumbnail","6":"product_brand-obsessive","7":"product_cat-oosargid","8":"product_tag-obsessive","9":"product_tag-obsessive-iliosa","10":"pa_suurus-l-xl","11":"pa_suurus-s-m","12":"pa_suurus-xxl-xxxl","13":"pa_varvus-must","15":"first","16":"instock","17":"sold-individually","18":"taxable","19":"shipping-taxable","20":"purchasable","21":"product-type-variable"},"_links":{"self":[{"href":"https:\/\/pesu24.ee\/en\/wp-json\/wp\/v2\/product\/22967","targetHints":{"allow":["GET"]}}],"collection":[{"href":"https:\/\/pesu24.ee\/en\/wp-json\/wp\/v2\/product"}],"about":[{"href":"https:\/\/pesu24.ee\/en\/wp-json\/wp\/v2\/types\/product"}],"replies":[{"embeddable":true,"href":"https:\/\/pesu24.ee\/en\/wp-json\/wp\/v2\/comments?post=22967"}],"wp:featuredmedia":[{"embeddable":true,"href":"https:\/\/pesu24.ee\/en\/wp-json\/wp\/v2\/media\/23085"}],"wp:attachment":[{"href":"https:\/\/pesu24.ee\/en\/wp-json\/wp\/v2\/media?parent=22967"}],"wp:term":[{"taxonomy":"product_brand","embeddable":true,"href":"https:\/\/pesu24.ee\/en\/wp-json\/wp\/v2\/product_brand?post=22967"},{"taxonomy":"product_cat","embeddable":true,"href":"https:\/\/pesu24.ee\/en\/wp-json\/wp\/v2\/product_cat?post=22967"},{"taxonomy":"product_tag","embeddable":true,"href":"https:\/\/pesu24.ee\/en\/wp-json\/wp\/v2\/product_tag?post=22967"}],"curies":[{"name":"wp","href":"https:\/\/api.w.org\/{rel}","templated":true}]}}