{"id":22968,"date":"2025-12-25T10:26:27","date_gmt":"2025-12-25T07:26:27","guid":{"rendered":"https:\/\/pesu24.ee\/?post_type=product&#038;p=22968"},"modified":"2025-12-25T14:15:29","modified_gmt":"2025-12-25T11:15:29","slug":"oosark-obsessive-arrowel","status":"publish","type":"product","link":"https:\/\/pesu24.ee\/en\/oosargid\/oosark-obsessive-arrowel\/","title":{"rendered":"\u00d6\u00f6s\u00e4rk Obsessive Arrowel"},"content":{"rendered":"<p>\u00d6\u00f6s\u00e4rk Obsessive Arrowel on loodud naisele, kes hindab peeneid detaile ja sensuaalset enesekindlust. See must \u00f6\u00f6s\u00e4rk \u00fchendab l\u00e4bipaistva kanga kerguse ja julged disainielemendid, et tuua esile keha kaunimad jooned. Mitmed peened rihmad loovad pilkup\u00fc\u00fcdva silueti, tuues figuuri esile t\u00e4pselt \u00f5igetest kohtadest.<\/p>\n<p>Pehmed, ent toestatud korvid annavad b\u00fcstile kauni vormi ning r\u00f5hutavad seda naiseliku elegantsiga. Rinnahoidjaga \u00fchendatud reguleeritav kaelarihm lisab disainile julget karakterit ning toob pilgu \u00fclakehale. Allpool rinnaosa asetsev pits lisab pehmust ja sensuaalset puudutust kogu v\u00e4limusele.<\/p>\n<p>Tagak\u00fcljel asuv mitmeastmeline kinnitus v\u00f5imaldab mugavat ja t\u00e4pselt istuvat kandmist. Samas lisavad seljal paiknevad vertikaalsed luud vormikust ja peent elegantsi. Reguleeritavad reierihmad, mis meenutavad sukahoidjaid, toovad m\u00e4ngulise ja seksika aktsendi, t\u00e4iendades \u00f6\u00f6s\u00e4rgi ainulaadset ilmet.<\/p>\n<p>\u00d6\u00f6s\u00e4rk Obsessive Arrowel ei ole pelgalt \u00f6\u00f6riietus \u2013 see on enesev\u00e4ljenduse viis. H\u00f5bedane graveeritud detail toob esile viimistletud stiilitunnetuse, samal ajal kui niklivabad materjalid hoolitsevad kandmismugavuse eest. Disainitud Euroopa s\u00fcdames, pakub see \u00f6\u00f6s\u00e4rk luksuslikku kogemust igal kandmisel.<\/p>\n<p>Tutvuge ka teiste <a href=\"https:\/\/pesu24.ee\/en\/omadus\/obsessive-novenes\/\">Obsessive <\/a><a href=\"https:\/\/pesu24.ee\/en\/omadus\/obsessive-arrowel\/\">Arrowel<\/a>\u00a0pesukollektsiooni toodetega.<\/p>\n<p><span style=\"color: #a68d03;\"><strong>Details<\/strong><\/span><\/p>\n<div class=\"omadused\">\n<ul>\n<li>komplektis \u00f6\u00f6s\u00e4rk, stringid komplekti ei kuulu<\/li>\n<li>sensuaalne pooll\u00e4bipaistev \u00f6\u00f6s\u00e4rk<\/li>\n<li>rinnakorvil tugikaared<\/li>\n<li>taga astmeline kinnitus<\/li>\n<li>reguleeritavad \u00f5la ja reiepaelad<\/li>\n<li>pitskaunistused<\/li>\n<li>mugav &amp; elastne kangas (94% pol\u00fcamiid &amp; 6% elastaan)<\/li>\n<\/ul>\n<\/div>\n<hr \/>\n<h2>Arrowel kollektsioon<\/h2>\n<p>Arrowel kollektsiooni teised tooted (v\u00e4rvus must). Saada on ka valge versioon.<\/p>\n<div class=\"woocommerce columns-3\"><ul class=\"products columns-3\">\n<li class=\"product type-product post-22968 status-publish first instock product_cat-oosargid product_tag-obsessive product_tag-obsessive-arrowel has-post-thumbnail sold-individually taxable shipping-taxable purchasable product-type-variable woovr-active woovr-show-price\">\n\t<a href=\"https:\/\/pesu24.ee\/en\/oosargid\/oosark-obsessive-arrowel\/\" class=\"woocommerce-LoopProduct-link woocommerce-loop-product__link\"><img loading=\"lazy\" decoding=\"async\" width=\"300\" height=\"400\" src=\"https:\/\/pesu24.ee\/wp-content\/uploads\/2025\/08\/oosark-obsessive-arrowel-300x400.jpg\" class=\"attachment-woocommerce_thumbnail size-woocommerce_thumbnail\" alt=\"\u00d6\u00f6s\u00e4rk Obsessive Arrowel\" srcset=\"https:\/\/pesu24.ee\/wp-content\/uploads\/2025\/08\/oosark-obsessive-arrowel-300x400.jpg 300w, https:\/\/pesu24.ee\/wp-content\/uploads\/2025\/08\/oosark-obsessive-arrowel-225x300.jpg 225w, https:\/\/pesu24.ee\/wp-content\/uploads\/2025\/08\/oosark-obsessive-arrowel-769x1024.jpg 769w, https:\/\/pesu24.ee\/wp-content\/uploads\/2025\/08\/oosark-obsessive-arrowel-768x1023.jpg 768w, https:\/\/pesu24.ee\/wp-content\/uploads\/2025\/08\/oosark-obsessive-arrowel-1153x1536.jpg 1153w, https:\/\/pesu24.ee\/wp-content\/uploads\/2025\/08\/oosark-obsessive-arrowel-9x12.jpg 9w, https:\/\/pesu24.ee\/wp-content\/uploads\/2025\/08\/oosark-obsessive-arrowel-1320x1758.jpg 1320w, https:\/\/pesu24.ee\/wp-content\/uploads\/2025\/08\/oosark-obsessive-arrowel-600x799.jpg 600w, https:\/\/pesu24.ee\/wp-content\/uploads\/2025\/08\/oosark-obsessive-arrowel.jpg 1440w\" sizes=\"auto, (max-width: 300px) 100vw, 300px\" \/><div class=\"product-badges\">  <span class=\"badge badge--stock\"><span class=\"dot\" aria-hidden=\"true\"><\/span>Laos<\/span><\/div><h2 class=\"woocommerce-loop-product__title\">\u00d6\u00f6s\u00e4rk Obsessive Arrowel<\/h2>\n\t<span class=\"price\"><span class=\"woocommerce-Price-amount amount\"><bdi><span class=\"woocommerce-Price-currencySymbol\">&euro;<\/span>57.<span class=\"price-cents\">90<\/span><\/bdi><\/span><\/span>\n<\/a><a class=\"mw-size-hints mw-loop\" href=\"https:\/\/pesu24.ee\/en\/oosargid\/oosark-obsessive-arrowel\/\" aria-label=\"\u00d6\u00f6s\u00e4rk Obsessive Arrowel \u2013 vali suurus\"><div class=\"mw-sizes-line\"><span class=\"mw-sizes-label\">Size:<\/span> <span class=\"mw-sizes\"><span class=\"mw-size-badge\">S\/M<\/span> <span class=\"mw-size-badge\">L\/XL<\/span> <span class=\"mw-size-badge\">XXL\/XXXL<\/span><\/span><\/div><\/a><a href=\"https:\/\/pesu24.ee\/en\/oosargid\/oosark-obsessive-arrowel\/\" aria-describedby=\"woocommerce_loop_add_to_cart_link_describedby_22968\" data-quantity=\"1\" class=\"button product_type_variable add_to_cart_button\" data-product_id=\"22968\" data-product_sku=\"\" aria-label=\"Select options for \u201c\u00d6\u00f6s\u00e4rk Obsessive Arrowel\u201d\" rel=\"nofollow\" data-no-translation-aria-label=\"\">Select size<\/a>\t<span id=\"woocommerce_loop_add_to_cart_link_describedby_22968\" class=\"screen-reader-text\">\n\t\tThis product has multiple variants. The options may be chosen on the product page\t<\/span>\n<\/li>\n<li class=\"product type-product post-21899 status-publish instock product_cat-korsetid product_tag-obsessive product_tag-obsessive-arrowel has-post-thumbnail sold-individually taxable shipping-taxable purchasable product-type-variable woovr-active woovr-show-price\">\n\t<a href=\"https:\/\/pesu24.ee\/en\/korsetid\/korsett-obsessive-arrowel-2\/\" class=\"woocommerce-LoopProduct-link woocommerce-loop-product__link\"><img loading=\"lazy\" decoding=\"async\" width=\"300\" height=\"375\" src=\"https:\/\/pesu24.ee\/wp-content\/uploads\/2025\/08\/kw5-300x375.jpg\" class=\"attachment-woocommerce_thumbnail size-woocommerce_thumbnail\" alt=\"Korsett Obsessive Arrowel\" srcset=\"https:\/\/pesu24.ee\/wp-content\/uploads\/2025\/08\/kw5-300x375.jpg 300w, https:\/\/pesu24.ee\/wp-content\/uploads\/2025\/08\/kw5-240x300.jpg 240w, https:\/\/pesu24.ee\/wp-content\/uploads\/2025\/08\/kw5-10x12.jpg 10w, https:\/\/pesu24.ee\/wp-content\/uploads\/2025\/08\/kw5-600x750.jpg 600w, https:\/\/pesu24.ee\/wp-content\/uploads\/2025\/08\/kw5.jpg 720w\" sizes=\"auto, (max-width: 300px) 100vw, 300px\" \/><div class=\"product-badges\">  <span class=\"badge badge--stock\"><span class=\"dot\" aria-hidden=\"true\"><\/span>Laos<\/span><\/div><h2 class=\"woocommerce-loop-product__title\">Korsett Obsessive Arrowel<\/h2>\n\t<span class=\"price\"><span class=\"woocommerce-Price-amount amount\"><bdi><span class=\"woocommerce-Price-currencySymbol\">&euro;<\/span>57.<span class=\"price-cents\">90<\/span><\/bdi><\/span><\/span>\n<\/a><a class=\"mw-size-hints mw-loop\" href=\"https:\/\/pesu24.ee\/en\/korsetid\/korsett-obsessive-arrowel-2\/\" aria-label=\"Korsett Obsessive Arrowel \u2013 vali suurus\"><div class=\"mw-sizes-line\"><span class=\"mw-sizes-label\">Size:<\/span> <span class=\"mw-sizes\"><span class=\"mw-size-badge\">S\/M<\/span> <span class=\"mw-size-badge\">L\/XL<\/span> <span class=\"mw-size-badge\">XXL\/XXXL<\/span><\/span><\/div><\/a><a href=\"https:\/\/pesu24.ee\/en\/korsetid\/korsett-obsessive-arrowel-2\/\" aria-describedby=\"woocommerce_loop_add_to_cart_link_describedby_21899\" data-quantity=\"1\" class=\"button product_type_variable add_to_cart_button\" data-product_id=\"21899\" data-product_sku=\"\" aria-label=\"Select options for \u201cKorsett Obsessive Arrowel\u201d\" rel=\"nofollow\" data-no-translation-aria-label=\"\">Select size<\/a>\t<span id=\"woocommerce_loop_add_to_cart_link_describedby_21899\" class=\"screen-reader-text\">\n\t\tThis product has multiple variants. The options may be chosen on the product page\t<\/span>\n<\/li>\n<li class=\"product type-product post-24777 status-publish last instock product_cat-stringid-puksikud product_tag-avatud-stringid product_tag-obsessive product_tag-obsessive-arrowel has-post-thumbnail sold-individually taxable shipping-taxable purchasable product-type-variable woovr-active woovr-show-price\">\n\t<a href=\"https:\/\/pesu24.ee\/en\/stringid-puksikud\/avatud-stringid-obsessive-arrowel-2\/\" class=\"woocommerce-LoopProduct-link woocommerce-loop-product__link\"><img loading=\"lazy\" decoding=\"async\" width=\"300\" height=\"300\" src=\"https:\/\/pesu24.ee\/wp-content\/uploads\/2025\/08\/arw1-300x300.jpg\" class=\"attachment-woocommerce_thumbnail size-woocommerce_thumbnail\" alt=\"Avatud stringid Obsessive Arrowel\" srcset=\"https:\/\/pesu24.ee\/wp-content\/uploads\/2025\/08\/arw1-300x300.jpg 300w, https:\/\/pesu24.ee\/wp-content\/uploads\/2025\/08\/arw1-150x150.jpg 150w, https:\/\/pesu24.ee\/wp-content\/uploads\/2025\/08\/arw1-768x768.jpg 768w, https:\/\/pesu24.ee\/wp-content\/uploads\/2025\/08\/arw1-12x12.jpg 12w, https:\/\/pesu24.ee\/wp-content\/uploads\/2025\/08\/arw1-160x160.jpg 160w, https:\/\/pesu24.ee\/wp-content\/uploads\/2025\/08\/arw1-320x320.jpg 320w, https:\/\/pesu24.ee\/wp-content\/uploads\/2025\/08\/arw1-600x600.jpg 600w, https:\/\/pesu24.ee\/wp-content\/uploads\/2025\/08\/arw1-100x100.jpg 100w, https:\/\/pesu24.ee\/wp-content\/uploads\/2025\/08\/arw1-135x135.jpg 135w, https:\/\/pesu24.ee\/wp-content\/uploads\/2025\/08\/arw1.jpg 900w\" sizes=\"auto, (max-width: 300px) 100vw, 300px\" \/><div class=\"product-badges\">  <span class=\"badge badge--stock\"><span class=\"dot\" aria-hidden=\"true\"><\/span>Laos<\/span><\/div><h2 class=\"woocommerce-loop-product__title\">Avatud stringid Obsessive Arrowel<\/h2>\n\t<span class=\"price\"><span class=\"woocommerce-Price-amount amount\"><bdi><span class=\"woocommerce-Price-currencySymbol\">&euro;<\/span>21.<span class=\"price-cents\">90<\/span><\/bdi><\/span><\/span>\n<\/a><a class=\"mw-size-hints mw-loop\" href=\"https:\/\/pesu24.ee\/en\/stringid-puksikud\/avatud-stringid-obsessive-arrowel-2\/\" aria-label=\"Avatud stringid Obsessive Arrowel \u2013 vali suurus\"><div class=\"mw-sizes-line\"><span class=\"mw-sizes-label\">Size:<\/span> <span class=\"mw-sizes\"><span class=\"mw-size-badge\">S\/M<\/span> <span class=\"mw-size-badge\">L\/XL<\/span> <span class=\"mw-size-badge\">XXL\/XXXL<\/span><\/span><\/div><\/a><a href=\"https:\/\/pesu24.ee\/en\/stringid-puksikud\/avatud-stringid-obsessive-arrowel-2\/\" aria-describedby=\"woocommerce_loop_add_to_cart_link_describedby_24777\" data-quantity=\"1\" class=\"button product_type_variable add_to_cart_button\" data-product_id=\"24777\" data-product_sku=\"\" aria-label=\"Select options for \u201cAvatud stringid Obsessive Arrowel\u201d\" rel=\"nofollow\" data-no-translation-aria-label=\"\">Select size<\/a>\t<span id=\"woocommerce_loop_add_to_cart_link_describedby_24777\" class=\"screen-reader-text\">\n\t\tThis product has multiple variants. The options may be chosen on the product page\t<\/span>\n<\/li>\n<li class=\"product type-product post-24776 status-publish first instock product_cat-stringid-puksikud product_tag-avatud-stringid product_tag-obsessive product_tag-obsessive-arrowel has-post-thumbnail sold-individually taxable shipping-taxable purchasable product-type-variable woovr-active woovr-show-price\">\n\t<a href=\"https:\/\/pesu24.ee\/en\/stringid-puksikud\/avatud-stringid-obsessive-arrowel\/\" class=\"woocommerce-LoopProduct-link woocommerce-loop-product__link\"><img loading=\"lazy\" decoding=\"async\" width=\"300\" height=\"300\" src=\"https:\/\/pesu24.ee\/wp-content\/uploads\/2025\/08\/arb1-300x300.jpg\" class=\"attachment-woocommerce_thumbnail size-woocommerce_thumbnail\" alt=\"Avatud stringid Obsessive Arrowel\" srcset=\"https:\/\/pesu24.ee\/wp-content\/uploads\/2025\/08\/arb1-300x300.jpg 300w, https:\/\/pesu24.ee\/wp-content\/uploads\/2025\/08\/arb1-150x150.jpg 150w, https:\/\/pesu24.ee\/wp-content\/uploads\/2025\/08\/arb1-768x768.jpg 768w, https:\/\/pesu24.ee\/wp-content\/uploads\/2025\/08\/arb1-12x12.jpg 12w, https:\/\/pesu24.ee\/wp-content\/uploads\/2025\/08\/arb1-160x160.jpg 160w, https:\/\/pesu24.ee\/wp-content\/uploads\/2025\/08\/arb1-320x320.jpg 320w, https:\/\/pesu24.ee\/wp-content\/uploads\/2025\/08\/arb1-600x600.jpg 600w, https:\/\/pesu24.ee\/wp-content\/uploads\/2025\/08\/arb1-100x100.jpg 100w, https:\/\/pesu24.ee\/wp-content\/uploads\/2025\/08\/arb1-135x135.jpg 135w, https:\/\/pesu24.ee\/wp-content\/uploads\/2025\/08\/arb1.jpg 900w\" sizes=\"auto, (max-width: 300px) 100vw, 300px\" \/><div class=\"product-badges\">  <span class=\"badge badge--hot\" aria-label=\"Ostetuim toode\">\ud83d\udd25 Ostetuim<\/span>  <span class=\"badge badge--stock\"><span class=\"dot\" aria-hidden=\"true\"><\/span>Laos<\/span><\/div><h2 class=\"woocommerce-loop-product__title\">Avatud stringid Obsessive Arrowel<\/h2>\n\t<span class=\"price\"><span class=\"woocommerce-Price-amount amount\"><bdi><span class=\"woocommerce-Price-currencySymbol\">&euro;<\/span>22.<span class=\"price-cents\">90<\/span><\/bdi><\/span><\/span>\n<\/a><a class=\"mw-size-hints mw-loop\" href=\"https:\/\/pesu24.ee\/en\/stringid-puksikud\/avatud-stringid-obsessive-arrowel\/\" aria-label=\"Avatud stringid Obsessive Arrowel \u2013 vali suurus\"><div class=\"mw-sizes-line\"><span class=\"mw-sizes-label\">Size:<\/span> <span class=\"mw-sizes\"><span class=\"mw-size-badge\">S\/M<\/span> <span class=\"mw-size-badge\">L\/XL<\/span> <span class=\"mw-size-badge\">XXL\/XXXL<\/span><\/span><\/div><\/a><a href=\"https:\/\/pesu24.ee\/en\/stringid-puksikud\/avatud-stringid-obsessive-arrowel\/\" aria-describedby=\"woocommerce_loop_add_to_cart_link_describedby_24776\" data-quantity=\"1\" class=\"button product_type_variable add_to_cart_button\" data-product_id=\"24776\" data-product_sku=\"\" aria-label=\"Select options for \u201cAvatud stringid Obsessive Arrowel\u201d\" rel=\"nofollow\" data-no-translation-aria-label=\"\">Select size<\/a>\t<span id=\"woocommerce_loop_add_to_cart_link_describedby_24776\" class=\"screen-reader-text\">\n\t\tThis product has multiple variants. The options may be chosen on the product page\t<\/span>\n<\/li>\n<li class=\"product type-product post-22969 status-publish instock product_cat-oosargid product_tag-obsessive product_tag-obsessive-arrowel has-post-thumbnail sold-individually taxable shipping-taxable purchasable product-type-variable woovr-active woovr-show-price\">\n\t<a href=\"https:\/\/pesu24.ee\/en\/oosargid\/oosark-obsessive-arrowel-2\/\" class=\"woocommerce-LoopProduct-link woocommerce-loop-product__link\"><img loading=\"lazy\" decoding=\"async\" width=\"300\" height=\"300\" src=\"https:\/\/pesu24.ee\/wp-content\/uploads\/2025\/08\/ow2-300x300.jpg\" class=\"attachment-woocommerce_thumbnail size-woocommerce_thumbnail\" alt=\"\u00d6\u00f6s\u00e4rk Obsessive Arrowel\" srcset=\"https:\/\/pesu24.ee\/wp-content\/uploads\/2025\/08\/ow2-300x300.jpg 300w, https:\/\/pesu24.ee\/wp-content\/uploads\/2025\/08\/ow2-150x150.jpg 150w, https:\/\/pesu24.ee\/wp-content\/uploads\/2025\/08\/ow2-768x768.jpg 768w, https:\/\/pesu24.ee\/wp-content\/uploads\/2025\/08\/ow2-12x12.jpg 12w, https:\/\/pesu24.ee\/wp-content\/uploads\/2025\/08\/ow2-160x160.jpg 160w, https:\/\/pesu24.ee\/wp-content\/uploads\/2025\/08\/ow2-320x320.jpg 320w, https:\/\/pesu24.ee\/wp-content\/uploads\/2025\/08\/ow2-600x600.jpg 600w, https:\/\/pesu24.ee\/wp-content\/uploads\/2025\/08\/ow2-100x100.jpg 100w, https:\/\/pesu24.ee\/wp-content\/uploads\/2025\/08\/ow2-135x135.jpg 135w, https:\/\/pesu24.ee\/wp-content\/uploads\/2025\/08\/ow2.jpg 900w\" sizes=\"auto, (max-width: 300px) 100vw, 300px\" \/><div class=\"product-badges\">  <span class=\"badge badge--stock\"><span class=\"dot\" aria-hidden=\"true\"><\/span>Laos<\/span><\/div><h2 class=\"woocommerce-loop-product__title\">\u00d6\u00f6s\u00e4rk Obsessive Arrowel<\/h2>\n\t<span class=\"price\"><span class=\"woocommerce-Price-amount amount\"><bdi><span class=\"woocommerce-Price-currencySymbol\">&euro;<\/span>57.<span class=\"price-cents\">90<\/span><\/bdi><\/span><\/span>\n<\/a><a class=\"mw-size-hints mw-loop\" href=\"https:\/\/pesu24.ee\/en\/oosargid\/oosark-obsessive-arrowel-2\/\" aria-label=\"\u00d6\u00f6s\u00e4rk Obsessive Arrowel \u2013 vali suurus\"><div class=\"mw-sizes-line\"><span class=\"mw-sizes-label\">Size:<\/span> <span class=\"mw-sizes\"><span class=\"mw-size-badge\">S\/M<\/span> <span class=\"mw-size-badge\">L\/XL<\/span> <span class=\"mw-size-badge\">XXL\/XXXL<\/span><\/span><\/div><\/a><a href=\"https:\/\/pesu24.ee\/en\/oosargid\/oosark-obsessive-arrowel-2\/\" aria-describedby=\"woocommerce_loop_add_to_cart_link_describedby_22969\" data-quantity=\"1\" class=\"button product_type_variable add_to_cart_button\" data-product_id=\"22969\" data-product_sku=\"\" aria-label=\"Select options for \u201c\u00d6\u00f6s\u00e4rk Obsessive Arrowel\u201d\" rel=\"nofollow\" data-no-translation-aria-label=\"\">Select size<\/a>\t<span id=\"woocommerce_loop_add_to_cart_link_describedby_22969\" class=\"screen-reader-text\">\n\t\tThis product has multiple variants. The options may be chosen on the product page\t<\/span>\n<\/li>\n<li class=\"product type-product post-21898 status-publish last instock product_cat-korsetid product_tag-obsessive product_tag-obsessive-arrowel has-post-thumbnail sold-individually taxable shipping-taxable purchasable product-type-variable woovr-active woovr-show-price\">\n\t<a href=\"https:\/\/pesu24.ee\/en\/korsetid\/korsett-obsessive-arrowel\/\" class=\"woocommerce-LoopProduct-link woocommerce-loop-product__link\"><img loading=\"lazy\" decoding=\"async\" width=\"300\" height=\"300\" src=\"https:\/\/pesu24.ee\/wp-content\/uploads\/2025\/08\/arco1-300x300.jpg\" class=\"attachment-woocommerce_thumbnail size-woocommerce_thumbnail\" alt=\"Korsett Obsessive Arrowel\" srcset=\"https:\/\/pesu24.ee\/wp-content\/uploads\/2025\/08\/arco1-300x300.jpg 300w, https:\/\/pesu24.ee\/wp-content\/uploads\/2025\/08\/arco1-150x150.jpg 150w, https:\/\/pesu24.ee\/wp-content\/uploads\/2025\/08\/arco1-768x768.jpg 768w, https:\/\/pesu24.ee\/wp-content\/uploads\/2025\/08\/arco1-12x12.jpg 12w, https:\/\/pesu24.ee\/wp-content\/uploads\/2025\/08\/arco1-160x160.jpg 160w, https:\/\/pesu24.ee\/wp-content\/uploads\/2025\/08\/arco1-320x320.jpg 320w, https:\/\/pesu24.ee\/wp-content\/uploads\/2025\/08\/arco1-600x600.jpg 600w, https:\/\/pesu24.ee\/wp-content\/uploads\/2025\/08\/arco1-100x100.jpg 100w, https:\/\/pesu24.ee\/wp-content\/uploads\/2025\/08\/arco1-135x135.jpg 135w, https:\/\/pesu24.ee\/wp-content\/uploads\/2025\/08\/arco1.jpg 900w\" sizes=\"auto, (max-width: 300px) 100vw, 300px\" \/><div class=\"product-badges\">  <span class=\"badge badge--stock\"><span class=\"dot\" aria-hidden=\"true\"><\/span>Laos<\/span><\/div><h2 class=\"woocommerce-loop-product__title\">Korsett Obsessive Arrowel<\/h2>\n\t<span class=\"price\"><span class=\"woocommerce-Price-amount amount\"><bdi><span class=\"woocommerce-Price-currencySymbol\">&euro;<\/span>57.<span class=\"price-cents\">90<\/span><\/bdi><\/span><\/span>\n<\/a><a class=\"mw-size-hints mw-loop\" href=\"https:\/\/pesu24.ee\/en\/korsetid\/korsett-obsessive-arrowel\/\" aria-label=\"Korsett Obsessive Arrowel \u2013 vali suurus\"><div class=\"mw-sizes-line\"><span class=\"mw-sizes-label\">Size:<\/span> <span class=\"mw-sizes\"><span class=\"mw-size-badge\">S\/M<\/span> <span class=\"mw-size-badge\">L\/XL<\/span> <span class=\"mw-size-badge\">XXL\/XXXL<\/span><\/span><\/div><\/a><a href=\"https:\/\/pesu24.ee\/en\/korsetid\/korsett-obsessive-arrowel\/\" aria-describedby=\"woocommerce_loop_add_to_cart_link_describedby_21898\" data-quantity=\"1\" class=\"button product_type_variable add_to_cart_button\" data-product_id=\"21898\" data-product_sku=\"\" aria-label=\"Select options for \u201cKorsett Obsessive Arrowel\u201d\" rel=\"nofollow\" data-no-translation-aria-label=\"\">Select size<\/a>\t<span id=\"woocommerce_loop_add_to_cart_link_describedby_21898\" class=\"screen-reader-text\">\n\t\tThis product has multiple variants. The options may be chosen on the product page\t<\/span>\n<\/li>\n<\/ul>\n<\/div>","protected":false},"excerpt":{"rendered":"<p>&#46;&#46;&#46;<\/p>","protected":false},"featured_media":30326,"comment_status":"open","ping_status":"closed","template":"","meta":{"_glsr_average":0,"_glsr_ranking":0,"_glsr_reviews":0},"product_brand":[500],"product_cat":[151],"product_tag":[160,488],"class_list":{"0":"post-22968","1":"product","2":"type-product","3":"status-publish","4":"has-post-thumbnail","6":"product_brand-obsessive","7":"product_cat-oosargid","8":"product_tag-obsessive","9":"product_tag-obsessive-arrowel","10":"pa_suurus-l-xl","11":"pa_suurus-s-m","12":"pa_suurus-xxl-xxxl","13":"pa_varvus-must","15":"first","16":"instock","17":"sold-individually","18":"taxable","19":"shipping-taxable","20":"purchasable","21":"product-type-variable"},"_links":{"self":[{"href":"https:\/\/pesu24.ee\/en\/wp-json\/wp\/v2\/product\/22968","targetHints":{"allow":["GET"]}}],"collection":[{"href":"https:\/\/pesu24.ee\/en\/wp-json\/wp\/v2\/product"}],"about":[{"href":"https:\/\/pesu24.ee\/en\/wp-json\/wp\/v2\/types\/product"}],"replies":[{"embeddable":true,"href":"https:\/\/pesu24.ee\/en\/wp-json\/wp\/v2\/comments?post=22968"}],"wp:featuredmedia":[{"embeddable":true,"href":"https:\/\/pesu24.ee\/en\/wp-json\/wp\/v2\/media\/30326"}],"wp:attachment":[{"href":"https:\/\/pesu24.ee\/en\/wp-json\/wp\/v2\/media?parent=22968"}],"wp:term":[{"taxonomy":"product_brand","embeddable":true,"href":"https:\/\/pesu24.ee\/en\/wp-json\/wp\/v2\/product_brand?post=22968"},{"taxonomy":"product_cat","embeddable":true,"href":"https:\/\/pesu24.ee\/en\/wp-json\/wp\/v2\/product_cat?post=22968"},{"taxonomy":"product_tag","embeddable":true,"href":"https:\/\/pesu24.ee\/en\/wp-json\/wp\/v2\/product_tag?post=22968"}],"curies":[{"name":"wp","href":"https:\/\/api.w.org\/{rel}","templated":true}]}}