{"id":22969,"date":"2025-08-18T23:26:27","date_gmt":"2025-08-18T20:26:27","guid":{"rendered":"https:\/\/pesu24.ee\/?post_type=product&#038;p=22969"},"modified":"2025-08-20T14:53:05","modified_gmt":"2025-08-20T11:53:05","slug":"oosark-obsessive-arrowel-2","status":"publish","type":"product","link":"https:\/\/pesu24.ee\/en\/oosargid\/oosark-obsessive-arrowel-2\/","title":{"rendered":"\u00d6\u00f6s\u00e4rk Obsessive Arrowel"},"content":{"rendered":"<p>\u00d6\u00f6s\u00e4rk Obsessive Arrowel on loodud naisele, kes hindab peeneid detaile ja sensuaalset enesekindlust. See must \u00f6\u00f6s\u00e4rk \u00fchendab l\u00e4bipaistva kanga kerguse ja julged disainielemendid, et tuua esile keha kaunimad jooned. Mitmed peened rihmad loovad pilkup\u00fc\u00fcdva silueti, tuues figuuri esile t\u00e4pselt \u00f5igetest kohtadest.<\/p>\n<p>Pehmed, ent toestatud korvid annavad b\u00fcstile kauni vormi ning r\u00f5hutavad seda naiseliku elegantsiga. Rinnahoidjaga \u00fchendatud reguleeritav kaelarihm lisab disainile julget karakterit ning toob pilgu \u00fclakehale. Allpool rinnaosa asetsev pits lisab pehmust ja sensuaalset puudutust kogu v\u00e4limusele.<\/p>\n<p>Tagak\u00fcljel asuv mitmeastmeline kinnitus v\u00f5imaldab mugavat ja t\u00e4pselt istuvat kandmist. Samas lisavad seljal paiknevad vertikaalsed luud vormikust ja peent elegantsi. Reguleeritavad reierihmad, mis meenutavad sukahoidjaid, toovad m\u00e4ngulise ja seksika aktsendi, t\u00e4iendades \u00f6\u00f6s\u00e4rgi ainulaadset ilmet.<\/p>\n<p>\u00d6\u00f6s\u00e4rk Obsessive Arrowel ei ole pelgalt \u00f6\u00f6riietus \u2013 see on enesev\u00e4ljenduse viis. H\u00f5bedane graveeritud detail toob esile viimistletud stiilitunnetuse, samal ajal kui niklivabad materjalid hoolitsevad kandmismugavuse eest. Disainitud Euroopa s\u00fcdames, pakub see \u00f6\u00f6s\u00e4rk luksuslikku kogemust igal kandmisel.<\/p>\n<p><span style=\"color: #008000;\"><strong>KOMPLEKT SISALDAB:<\/strong><\/span><\/p>\n<ul>\n<li>\u00f6\u00f6s\u00e4rk<\/li>\n<\/ul>\n<p><span style=\"color: #008000;\"><strong>DETAILS:<\/strong><\/span><\/p>\n<ul>\n<li>sensuaalne pooll\u00e4bipaistev \u00f6\u00f6s\u00e4rk<\/li>\n<li>rinnakorvil tugikaared<\/li>\n<li>taga astmeline kinnitus<\/li>\n<li>reguleeritavad \u00f5la ja reiepaelad<\/li>\n<li>pitskaunistused<\/li>\n<li>mugav &amp; elastne kangas (94% pol\u00fcamiid &amp; 6% elastaan)<\/li>\n<\/ul>","protected":false},"excerpt":{"rendered":"<p>&#46;&#46;&#46;<\/p>","protected":false},"featured_media":23093,"comment_status":"open","ping_status":"closed","template":"","meta":{"_glsr_average":0,"_glsr_ranking":0,"_glsr_reviews":0},"product_brand":[500],"product_cat":[151],"product_tag":[160,488],"class_list":{"0":"post-22969","1":"product","2":"type-product","3":"status-publish","4":"has-post-thumbnail","6":"product_brand-obsessive","7":"product_cat-oosargid","8":"product_tag-obsessive","9":"product_tag-obsessive-arrowel","10":"pa_suurus-l-xl","11":"pa_suurus-s-m","12":"pa_suurus-xxl-xxxl","13":"pa_varvus-valge","15":"first","16":"instock","17":"sold-individually","18":"taxable","19":"shipping-taxable","20":"purchasable","21":"product-type-variable"},"_links":{"self":[{"href":"https:\/\/pesu24.ee\/en\/wp-json\/wp\/v2\/product\/22969","targetHints":{"allow":["GET"]}}],"collection":[{"href":"https:\/\/pesu24.ee\/en\/wp-json\/wp\/v2\/product"}],"about":[{"href":"https:\/\/pesu24.ee\/en\/wp-json\/wp\/v2\/types\/product"}],"replies":[{"embeddable":true,"href":"https:\/\/pesu24.ee\/en\/wp-json\/wp\/v2\/comments?post=22969"}],"wp:featuredmedia":[{"embeddable":true,"href":"https:\/\/pesu24.ee\/en\/wp-json\/wp\/v2\/media\/23093"}],"wp:attachment":[{"href":"https:\/\/pesu24.ee\/en\/wp-json\/wp\/v2\/media?parent=22969"}],"wp:term":[{"taxonomy":"product_brand","embeddable":true,"href":"https:\/\/pesu24.ee\/en\/wp-json\/wp\/v2\/product_brand?post=22969"},{"taxonomy":"product_cat","embeddable":true,"href":"https:\/\/pesu24.ee\/en\/wp-json\/wp\/v2\/product_cat?post=22969"},{"taxonomy":"product_tag","embeddable":true,"href":"https:\/\/pesu24.ee\/en\/wp-json\/wp\/v2\/product_tag?post=22969"}],"curies":[{"name":"wp","href":"https:\/\/api.w.org\/{rel}","templated":true}]}}