{"id":22970,"date":"2025-08-18T23:26:27","date_gmt":"2025-08-18T20:26:27","guid":{"rendered":"https:\/\/pesu24.ee\/?post_type=product&#038;p=22970"},"modified":"2025-08-20T14:53:05","modified_gmt":"2025-08-20T11:53:05","slug":"oosark-obsessive-alliane","status":"publish","type":"product","link":"https:\/\/pesu24.ee\/en\/oosargid\/oosark-obsessive-alliane\/","title":{"rendered":"\u00d6\u00f6s\u00e4rk Obsessive Alliane"},"content":{"rendered":"<p>\u00d6\u00f6s\u00e4rk Obsessive Alliane on kaunis kombinatsioon elegantsist ja sensuaalsusest, loodud naisele, kes hindab enesekindlat ja naiselikku v\u00e4limust. Peenelt l\u00e4bikumav v\u00f5rkkangas ja romantiline pits kaunistavad rinnaosa, r\u00f5hutades loomulikke kumerusi ja lisades salap\u00e4ra. Dekoratiivne r\u00f5ngas rindade vahel t\u00f5mbab pilku ja annab kogu v\u00e4limusele luksusliku n\u00fcansi.<\/p>\n<p>\u00d6\u00f6s\u00e4rgi seljaosal on kolmepunktiline kinnitus, mis v\u00f5imaldab ideaalse istuvuse saavutamist vastavalt sinu kehakujule. Reguleeritavad \u00f5lapaelad lisavad veelgi kandmismugavust. Rinnaosa kahekordne kangakiht tagab nii esteetilise kui praktilise katvuse, s\u00e4ilitades samal ajal kergelt l\u00e4bikumava ja v\u00f5rgutava efekti.<\/p>\n<p>Komplektiga on kaasas sobivad stringid, mis t\u00e4iendavad kogu v\u00e4limust ja loovad t\u00e4iusliku \u00f6\u00f6pesukomplekti. K\u00f5ik dekoratiivsed detailid on niklivabad ja nahas\u00f5bralikud. \u00d6\u00f6s\u00e4rk Obsessive Alliane on loodud Euroopa s\u00fcdames ning sobib ideaalselt erilisteks hetkedeks, mil soovid end tunda vastupandamatuna.<\/p>\n<p>Tutvuge ka teiste <a href=\"https:\/\/pesu24.ee\/en\/omadus\/obsessive-novenes\/\">Obsessive <\/a><a href=\"https:\/\/pesu24.ee\/en\/omadus\/obsessive-alliane\/\">Alliane<\/a>\u00a0pesukollektsiooni toodetega.<\/p>\n<p><span style=\"color: #008000;\"><strong>KOMPLEKT SISALDAB:<\/strong><\/span><\/p>\n<ul>\n<li>\u00f6\u00f6s\u00e4rk<\/li>\n<li>stringid<\/li>\n<\/ul>\n<p><span style=\"color: #008000;\"><strong>DETAILS:<\/strong><\/span><\/p>\n<ul>\n<li>peen l\u00e4bikumav v\u00f5rkkangas<\/li>\n<li>kaunistatud pitsiga<\/li>\n<li>dekoratiivne r\u00f5ngas rindade vahel<\/li>\n<li>reguleeritavad \u00f5lapaelad<\/li>\n<li>taga astmeline kinnitus<\/li>\n<li>mugav &amp; elastne kangas (94% pol\u00fcamiid &amp; 6% elastaan)<\/li>\n<\/ul>","protected":false},"excerpt":{"rendered":"<p>&#46;&#46;&#46;<\/p>","protected":false},"featured_media":23102,"comment_status":"open","ping_status":"closed","template":"","meta":{"_glsr_average":0,"_glsr_ranking":0,"_glsr_reviews":0},"product_brand":[500],"product_cat":[151],"product_tag":[160,489],"class_list":{"0":"post-22970","1":"product","2":"type-product","3":"status-publish","4":"has-post-thumbnail","6":"product_brand-obsessive","7":"product_cat-oosargid","8":"product_tag-obsessive","9":"product_tag-obsessive-alliane","10":"pa_suurus-l-xl","11":"pa_suurus-s-m","12":"pa_suurus-xxl-xxxl","13":"pa_varvus-must","15":"first","16":"instock","17":"sold-individually","18":"taxable","19":"shipping-taxable","20":"purchasable","21":"product-type-variable"},"_links":{"self":[{"href":"https:\/\/pesu24.ee\/en\/wp-json\/wp\/v2\/product\/22970","targetHints":{"allow":["GET"]}}],"collection":[{"href":"https:\/\/pesu24.ee\/en\/wp-json\/wp\/v2\/product"}],"about":[{"href":"https:\/\/pesu24.ee\/en\/wp-json\/wp\/v2\/types\/product"}],"replies":[{"embeddable":true,"href":"https:\/\/pesu24.ee\/en\/wp-json\/wp\/v2\/comments?post=22970"}],"wp:featuredmedia":[{"embeddable":true,"href":"https:\/\/pesu24.ee\/en\/wp-json\/wp\/v2\/media\/23102"}],"wp:attachment":[{"href":"https:\/\/pesu24.ee\/en\/wp-json\/wp\/v2\/media?parent=22970"}],"wp:term":[{"taxonomy":"product_brand","embeddable":true,"href":"https:\/\/pesu24.ee\/en\/wp-json\/wp\/v2\/product_brand?post=22970"},{"taxonomy":"product_cat","embeddable":true,"href":"https:\/\/pesu24.ee\/en\/wp-json\/wp\/v2\/product_cat?post=22970"},{"taxonomy":"product_tag","embeddable":true,"href":"https:\/\/pesu24.ee\/en\/wp-json\/wp\/v2\/product_tag?post=22970"}],"curies":[{"name":"wp","href":"https:\/\/api.w.org\/{rel}","templated":true}]}}