{"id":23135,"date":"2025-08-18T23:30:45","date_gmt":"2025-08-18T20:30:45","guid":{"rendered":"https:\/\/pesu24.ee\/?post_type=product&#038;p=23135"},"modified":"2025-08-21T15:47:22","modified_gmt":"2025-08-21T12:47:22","slug":"puksid-noir-handmade-f217","status":"publish","type":"product","link":"https:\/\/pesu24.ee\/en\/puksid-pukskostuumid\/puksid-noir-handmade-f217\/","title":{"rendered":"P\u00fcksid Noir Handmade F217"},"content":{"rendered":"<p>Noir Handmade F217 p\u00fcksid on <em>wet-look<\/em> stiiliga. Mugavamaks jalga panekuks ning ideaalseks sobivuseks on p\u00fcksid varustatud t\u00e4ielikult avatava kuldse lukuga ja seljal asuva reguleeritava rihmaga.<\/p>\n<p><span style=\"color: #008000;\"><strong>KOMPLEKT SISALDAB:<\/strong><\/span><\/p>\n<ul>\n<li>p\u00fcksid<\/li>\n<\/ul>\n<p>Lisaks P\u00fcksid Noir Handmade F217 v\u00f5ivad teile meeldida ka j\u00e4rgmise Noir Handmade tooted: <a href=\"https:\/\/pesu24.ee\/en\/stringid-puksikud\/korge-pihaga-puksikud-noir-handmade-f218\/\">p\u00fcksikud F218<\/a> ja <a href=\"https:\/\/pesu24.ee\/en\/aksessuaarid\/miniseelik-noir-handmade-f219\/\">miniseelik F219<\/a>.<\/p>\n<p><span style=\"color: #008000;\"><strong>DETAILS:<\/strong><\/span><\/p>\n<ul>\n<li><em>wet-look<\/em> stiilis<\/li>\n<li>jalgevahelt avatav lukk (m\u00f5lemalt poolt)<\/li>\n<li>seljal reguleeritav rihm<\/li>\n<li>mugav ja elastne kangas (76% pol\u00fcester; 24% elastaan)<\/li>\n<\/ul>","protected":false},"excerpt":{"rendered":"<p>&#46;&#46;&#46;<\/p>","protected":false},"featured_media":23165,"comment_status":"open","ping_status":"closed","template":"","meta":{"_glsr_average":0,"_glsr_ranking":0,"_glsr_reviews":0},"product_brand":[501],"product_cat":[424],"product_tag":[398,218],"class_list":{"0":"post-23135","1":"product","2":"type-product","3":"status-publish","4":"has-post-thumbnail","6":"product_brand-noir-handmade","7":"product_cat-puksid-pukskostuumid","8":"product_tag-latekspesu","9":"product_tag-noir-handmade","10":"pa_suurus-l","11":"pa_suurus-m","12":"pa_suurus-s","13":"pa_suurus-xl","14":"pa_varvus-must","16":"first","17":"instock","18":"sold-individually","19":"taxable","20":"shipping-taxable","21":"purchasable","22":"product-type-variable"},"_links":{"self":[{"href":"https:\/\/pesu24.ee\/en\/wp-json\/wp\/v2\/product\/23135","targetHints":{"allow":["GET"]}}],"collection":[{"href":"https:\/\/pesu24.ee\/en\/wp-json\/wp\/v2\/product"}],"about":[{"href":"https:\/\/pesu24.ee\/en\/wp-json\/wp\/v2\/types\/product"}],"replies":[{"embeddable":true,"href":"https:\/\/pesu24.ee\/en\/wp-json\/wp\/v2\/comments?post=23135"}],"wp:featuredmedia":[{"embeddable":true,"href":"https:\/\/pesu24.ee\/en\/wp-json\/wp\/v2\/media\/23165"}],"wp:attachment":[{"href":"https:\/\/pesu24.ee\/en\/wp-json\/wp\/v2\/media?parent=23135"}],"wp:term":[{"taxonomy":"product_brand","embeddable":true,"href":"https:\/\/pesu24.ee\/en\/wp-json\/wp\/v2\/product_brand?post=23135"},{"taxonomy":"product_cat","embeddable":true,"href":"https:\/\/pesu24.ee\/en\/wp-json\/wp\/v2\/product_cat?post=23135"},{"taxonomy":"product_tag","embeddable":true,"href":"https:\/\/pesu24.ee\/en\/wp-json\/wp\/v2\/product_tag?post=23135"}],"curies":[{"name":"wp","href":"https:\/\/api.w.org\/{rel}","templated":true}]}}