{"id":23136,"date":"2025-08-18T23:30:45","date_gmt":"2025-08-18T20:30:45","guid":{"rendered":"https:\/\/pesu24.ee\/?post_type=product&#038;p=23136"},"modified":"2025-08-21T15:47:14","modified_gmt":"2025-08-21T12:47:14","slug":"overall-noir-handmade-f200","status":"publish","type":"product","link":"https:\/\/pesu24.ee\/en\/puksid-pukskostuumid\/overall-noir-handmade-f200\/","title":{"rendered":"Overall Noir Handmade F200"},"content":{"rendered":"<p>Noir Handmade F200 on overall, mille alumine osa on <em>wet-look\u00a0<\/em>disainiga ning \u00fclemine osa on valmistatud pool\u00e4bipaistvast triibulisest t\u00fcllist. Seksikust lisavad lukuga avatav jalgevahe ja rinnakorvil olev tikand.<\/p>\n<p>Mugavamaks selga panemiseks on t\u00fcllist osa selja pealt avatav. Ideaalseks sobivuseks on \u00f5lapaelu v\u00f5imalik reguleerida.<\/p>\n<p><span style=\"color: #008000;\"><strong>KOMPLEKT SISALDAB:<\/strong><\/span><\/p>\n<ul>\n<li>overall<\/li>\n<\/ul>\n<p>Lisaks Overall Noir Handmade F200 v\u00f5ivad teile meeldida ka j\u00e4rgmised Noir Handmade tooted: <a href=\"https:\/\/pesu24.ee\/en\/aksessuaarid\/puksid-noir-handmade-f202\/\">p\u00fcksid F202<\/a>, <a href=\"https:\/\/pesu24.ee\/en\/aksessuaarid\/overall-noir-handmade-f188\/\">overall F188<\/a> ja <a href=\"https:\/\/pesu24.ee\/en\/kleidid-seelikud\/kleit-noir-handmade-f187\/\">kleit F187<\/a>.<\/p>\n<p><span style=\"color: #008000;\"><strong>DETAILS:<\/strong><\/span><\/p>\n<ul>\n<li><em>wet-look<\/em> disainiga<\/li>\n<li>\u00fclemine osa valmistatud triibulisest t\u00fcllist<\/li>\n<li>selja pealt lukuga avatav<\/li>\n<li>reguleeritavad \u00f5lapaelad<\/li>\n<li>lukuga avatav jalgevahe<\/li>\n<li>mugav ja elastne kangas (77% pol\u00fcester; 23% elastaan)<\/li>\n<\/ul>","protected":false},"excerpt":{"rendered":"<p>&#46;&#46;&#46;<\/p>","protected":false},"featured_media":23168,"comment_status":"open","ping_status":"closed","template":"","meta":{"_glsr_average":0,"_glsr_ranking":0,"_glsr_reviews":0},"product_brand":[501],"product_cat":[424],"product_tag":[398,218],"class_list":{"0":"post-23136","1":"product","2":"type-product","3":"status-publish","4":"has-post-thumbnail","6":"product_brand-noir-handmade","7":"product_cat-puksid-pukskostuumid","8":"product_tag-latekspesu","9":"product_tag-noir-handmade","10":"pa_suurus-l","11":"pa_suurus-m","12":"pa_suurus-s","13":"pa_suurus-xl","14":"pa_varvus-must","16":"first","17":"instock","18":"sold-individually","19":"taxable","20":"shipping-taxable","21":"purchasable","22":"product-type-variable"},"_links":{"self":[{"href":"https:\/\/pesu24.ee\/en\/wp-json\/wp\/v2\/product\/23136","targetHints":{"allow":["GET"]}}],"collection":[{"href":"https:\/\/pesu24.ee\/en\/wp-json\/wp\/v2\/product"}],"about":[{"href":"https:\/\/pesu24.ee\/en\/wp-json\/wp\/v2\/types\/product"}],"replies":[{"embeddable":true,"href":"https:\/\/pesu24.ee\/en\/wp-json\/wp\/v2\/comments?post=23136"}],"wp:featuredmedia":[{"embeddable":true,"href":"https:\/\/pesu24.ee\/en\/wp-json\/wp\/v2\/media\/23168"}],"wp:attachment":[{"href":"https:\/\/pesu24.ee\/en\/wp-json\/wp\/v2\/media?parent=23136"}],"wp:term":[{"taxonomy":"product_brand","embeddable":true,"href":"https:\/\/pesu24.ee\/en\/wp-json\/wp\/v2\/product_brand?post=23136"},{"taxonomy":"product_cat","embeddable":true,"href":"https:\/\/pesu24.ee\/en\/wp-json\/wp\/v2\/product_cat?post=23136"},{"taxonomy":"product_tag","embeddable":true,"href":"https:\/\/pesu24.ee\/en\/wp-json\/wp\/v2\/product_tag?post=23136"}],"curies":[{"name":"wp","href":"https:\/\/api.w.org\/{rel}","templated":true}]}}