{"id":23141,"date":"2025-08-18T23:30:45","date_gmt":"2025-08-18T20:30:45","guid":{"rendered":"https:\/\/pesu24.ee\/?post_type=product&#038;p=23141"},"modified":"2026-03-13T08:02:56","modified_gmt":"2026-03-13T06:02:56","slug":"puksid-noir-handmade-f115","status":"publish","type":"product","link":"https:\/\/pesu24.ee\/en\/puksid-pukskostuumid\/puksid-noir-handmade-f115\/","title":{"rendered":"P\u00fcksid Noir Handmade F115"},"content":{"rendered":"<p>Noir Handmade F115 p\u00fcksid on valmistatud PVC-materjalist, mis tekitavad seksika <em>wet-look<\/em> ilme. P\u00fckstel on push-up efekt ja kaks tagataskut, mis muudavad teie tuharad veelgi atraktiivsemaks.<\/p>\n<p>P\u00fckstel on kahes suunas t\u00e4ielikult avatav lukk, mis v\u00f5imaldab soovi korral jalgevahe avada. Lisaks on m\u00f5lema s\u00e4\u00e4re k\u00fcljes osaliselt avatavad lukud, mis lisab veelgi seksapiilsust.<\/p>\n<p><span style=\"color: #008000;\"><strong>KOMPLEKT SISALDAB:<\/strong><\/span><\/p>\n<ul>\n<li>p\u00fcksid<\/li>\n<\/ul>\n<p>P\u00fcksid Noir Handmade F115 sobivad kokku j\u00e4rgmiste Noir Handmade toodetega: <a href=\"https:\/\/pesu24.ee\/en\/aksessuaarid\/topp-noir-handmade-f203\/\">topp F203<\/a>, <a href=\"https:\/\/pesu24.ee\/en\/aksessuaarid\/jakk-noir-handmade-f175\/\">jakk F175<\/a> ja <a href=\"https:\/\/pesu24.ee\/en\/aksessuaarid\/topp-noir-handmade-f165\/\">topp F165<\/a>.<\/p>\n<p><span style=\"color: #008000;\"><strong>DETAILS:<\/strong><\/span><\/p>\n<ul>\n<li><em>wet-look<\/em> stiilis<\/li>\n<li>valmistatud PVC-materjalist<\/li>\n<li>trukiga kinnituvad<\/li>\n<li>t\u00e4ielikult avatav 2-suunaline lukk<\/li>\n<li>v\u00f5imalik avada jalgevahe<\/li>\n<li>m\u00f5lema s\u00e4\u00e4re otsas lukud<\/li>\n<li>mugav ja elastne kangas (77% pol\u00fcester; 23% elastaan)<\/li>\n<\/ul>","protected":false},"excerpt":{"rendered":"<p>&#46;&#46;&#46;<\/p>","protected":false},"featured_media":23189,"comment_status":"open","ping_status":"closed","template":"","meta":{"_glsr_average":0,"_glsr_ranking":0,"_glsr_reviews":0},"product_brand":[501],"product_cat":[424],"product_tag":[398,218],"class_list":{"0":"post-23141","1":"product","2":"type-product","3":"status-publish","4":"has-post-thumbnail","6":"product_brand-noir-handmade","7":"product_cat-puksid-pukskostuumid","8":"product_tag-latekspesu","9":"product_tag-noir-handmade","10":"pa_suurus-l","11":"pa_suurus-m","12":"pa_suurus-s","13":"pa_varvus-must","15":"first","16":"instock","17":"sold-individually","18":"taxable","19":"shipping-taxable","20":"purchasable","21":"product-type-variable"},"_links":{"self":[{"href":"https:\/\/pesu24.ee\/en\/wp-json\/wp\/v2\/product\/23141","targetHints":{"allow":["GET"]}}],"collection":[{"href":"https:\/\/pesu24.ee\/en\/wp-json\/wp\/v2\/product"}],"about":[{"href":"https:\/\/pesu24.ee\/en\/wp-json\/wp\/v2\/types\/product"}],"replies":[{"embeddable":true,"href":"https:\/\/pesu24.ee\/en\/wp-json\/wp\/v2\/comments?post=23141"}],"wp:featuredmedia":[{"embeddable":true,"href":"https:\/\/pesu24.ee\/en\/wp-json\/wp\/v2\/media\/23189"}],"wp:attachment":[{"href":"https:\/\/pesu24.ee\/en\/wp-json\/wp\/v2\/media?parent=23141"}],"wp:term":[{"taxonomy":"product_brand","embeddable":true,"href":"https:\/\/pesu24.ee\/en\/wp-json\/wp\/v2\/product_brand?post=23141"},{"taxonomy":"product_cat","embeddable":true,"href":"https:\/\/pesu24.ee\/en\/wp-json\/wp\/v2\/product_cat?post=23141"},{"taxonomy":"product_tag","embeddable":true,"href":"https:\/\/pesu24.ee\/en\/wp-json\/wp\/v2\/product_tag?post=23141"}],"curies":[{"name":"wp","href":"https:\/\/api.w.org\/{rel}","templated":true}]}}