{"id":23142,"date":"2025-08-18T23:30:45","date_gmt":"2025-08-18T20:30:45","guid":{"rendered":"https:\/\/pesu24.ee\/?post_type=product&#038;p=23142"},"modified":"2025-12-15T15:29:51","modified_gmt":"2025-12-15T12:29:51","slug":"overall-noir-handmade-f188","status":"publish","type":"product","link":"https:\/\/pesu24.ee\/en\/puksid-pukskostuumid\/overall-noir-handmade-f188\/","title":{"rendered":"Overall Noir Handmade F188"},"content":{"rendered":"<p>Noir Handmade F188 overall on valmistatud eco-nahast, mis loob <em>wet-look\u00a0<\/em>ilme. Overalli&#8217;l on ees 3-suunaline lukk, millega saate soovi korral toote avada kaelast kuni jalgevaheni. Varrukatel ja s\u00e4\u00e4rtel on ka l\u00fchikesed dekoratiivsed metallist lukud.<\/p>\n<p>Suurep\u00e4rane overall, mis sobib erinevateks feti\u0161 teemalisteks ja BDSM-m\u00e4ngudeks. Soovi korral kombineeriga toode erinevate piitsade ja laksutitega, mille leiate meie erootikapoe LoveShop.ee <a href=\"https:\/\/loveshop.ee\/tooted\/fetish\/piitsad\/\">piitsade valikust<\/a>.<\/p>\n<p><span style=\"color: #008000;\"><strong>KOMPLEKT SISALDAB:<\/strong><\/span><\/p>\n<ul>\n<li>overall<\/li>\n<\/ul>\n<p><span style=\"color: #008000;\"><strong>DETAILS:<\/strong><\/span><\/p>\n<ul>\n<li>valmistatud eco-nahast<\/li>\n<li><em>wet-look<\/em> disainiga<\/li>\n<li>ees 3-suunaline lukk<\/li>\n<li>v\u00f5imalik avada kaelast kuni jalgevaheni<\/li>\n<li>s\u00e4\u00e4rtel ja varrukatel dekoratiivsed lukud<\/li>\n<li>mugav ja elastne kangas (77% pol\u00fcester; 23% elastaan)<\/li>\n<\/ul>","protected":false},"excerpt":{"rendered":"<p>&#46;&#46;&#46;<\/p>","protected":false},"featured_media":23192,"comment_status":"open","ping_status":"closed","template":"","meta":{"_glsr_average":0,"_glsr_ranking":0,"_glsr_reviews":0},"product_brand":[501],"product_cat":[424],"product_tag":[398,218],"class_list":{"0":"post-23142","1":"product","2":"type-product","3":"status-publish","4":"has-post-thumbnail","6":"product_brand-noir-handmade","7":"product_cat-puksid-pukskostuumid","8":"product_tag-latekspesu","9":"product_tag-noir-handmade","10":"pa_suurus-l","11":"pa_suurus-m","12":"pa_suurus-s","13":"pa_suurus-xl","14":"pa_varvus-must","16":"first","17":"instock","18":"sold-individually","19":"taxable","20":"shipping-taxable","21":"purchasable","22":"product-type-variable"},"_links":{"self":[{"href":"https:\/\/pesu24.ee\/en\/wp-json\/wp\/v2\/product\/23142","targetHints":{"allow":["GET"]}}],"collection":[{"href":"https:\/\/pesu24.ee\/en\/wp-json\/wp\/v2\/product"}],"about":[{"href":"https:\/\/pesu24.ee\/en\/wp-json\/wp\/v2\/types\/product"}],"replies":[{"embeddable":true,"href":"https:\/\/pesu24.ee\/en\/wp-json\/wp\/v2\/comments?post=23142"}],"wp:featuredmedia":[{"embeddable":true,"href":"https:\/\/pesu24.ee\/en\/wp-json\/wp\/v2\/media\/23192"}],"wp:attachment":[{"href":"https:\/\/pesu24.ee\/en\/wp-json\/wp\/v2\/media?parent=23142"}],"wp:term":[{"taxonomy":"product_brand","embeddable":true,"href":"https:\/\/pesu24.ee\/en\/wp-json\/wp\/v2\/product_brand?post=23142"},{"taxonomy":"product_cat","embeddable":true,"href":"https:\/\/pesu24.ee\/en\/wp-json\/wp\/v2\/product_cat?post=23142"},{"taxonomy":"product_tag","embeddable":true,"href":"https:\/\/pesu24.ee\/en\/wp-json\/wp\/v2\/product_tag?post=23142"}],"curies":[{"name":"wp","href":"https:\/\/api.w.org\/{rel}","templated":true}]}}