{"id":23144,"date":"2025-08-25T00:30:45","date_gmt":"2025-08-24T21:30:45","guid":{"rendered":"https:\/\/pesu24.ee\/?post_type=product&#038;p=23144"},"modified":"2025-12-15T15:28:22","modified_gmt":"2025-12-15T12:28:22","slug":"puksid-noir-handmade-f233","status":"publish","type":"product","link":"https:\/\/pesu24.ee\/en\/puksid-pukskostuumid\/puksid-noir-handmade-f233\/","title":{"rendered":"P\u00fcksid (leggings) Noir Handmade F233"},"content":{"rendered":"<p><em>Wet-look<\/em> stiilis ja ruudulise v\u00e4ljal\u00f5ike mustriga Noir Handmade F233 p\u00fcksid. T\u00e4ielikult tagant kuni esiosa v\u00f6\u00f6ni avatav kahepoolse lukuga.<\/p>\n<p>Seljal reguleeritav v\u00f6\u00f6, mis tagab ideaalse sobivuse ja hoidmise.<\/p>\n<p><span style=\"color: #ff0000;\"><strong>NB!<\/strong><\/span> K\u00f5ik Noir Handmade tooted on venivast kangast, kuid ideaalse sobivuse ja \u00fclevenitamise v\u00e4ltimiseks, soovitame valida \u00fcks number suurem ehk igap\u00e4evaselt M-suuruse kandja valigu suurus L jne.<\/p>\n<div class=\"omadused\">\n<p>Omadused<\/p>\n<ul>\n<li><em>wet-look<\/em> stiilis pikad p\u00fcksid<\/li>\n<li>ruudulised v\u00e4ljal\u00f5iked<\/li>\n<li>valmistatud eco-nahast<\/li>\n<li>kahepoolselt avatav lukk jalgevahel<\/li>\n<li>seljal reguleeritav v\u00f6\u00f6<\/li>\n<li>mugav ja elastne kangas (76% pol\u00fcester; 24% elastaan)<\/li>\n<\/ul>\n<p>Toode sobib ideaalselt kokku toote tunnusfotol oleva <a href=\"https:\/\/pesu24.ee\/en\/topid-rinnahoidjad\/topp-noir-handmade-f220\/\">F220 topiga<\/a>.<\/p>\n<\/div>","protected":false},"excerpt":{"rendered":"<p>&#46;&#46;&#46;<\/p>","protected":false},"featured_media":28119,"comment_status":"open","ping_status":"closed","template":"","meta":{"_glsr_average":0,"_glsr_ranking":0,"_glsr_reviews":0},"product_brand":[501],"product_cat":[424],"product_tag":[398,218],"class_list":{"0":"post-23144","1":"product","2":"type-product","3":"status-publish","4":"has-post-thumbnail","6":"product_brand-noir-handmade","7":"product_cat-puksid-pukskostuumid","8":"product_tag-latekspesu","9":"product_tag-noir-handmade","10":"pa_suurus-l","11":"pa_suurus-m","12":"pa_suurus-s","13":"pa_suurus-xl","14":"pa_varvus-must","16":"first","17":"instock","18":"sold-individually","19":"taxable","20":"shipping-taxable","21":"purchasable","22":"product-type-variable"},"_links":{"self":[{"href":"https:\/\/pesu24.ee\/en\/wp-json\/wp\/v2\/product\/23144","targetHints":{"allow":["GET"]}}],"collection":[{"href":"https:\/\/pesu24.ee\/en\/wp-json\/wp\/v2\/product"}],"about":[{"href":"https:\/\/pesu24.ee\/en\/wp-json\/wp\/v2\/types\/product"}],"replies":[{"embeddable":true,"href":"https:\/\/pesu24.ee\/en\/wp-json\/wp\/v2\/comments?post=23144"}],"wp:featuredmedia":[{"embeddable":true,"href":"https:\/\/pesu24.ee\/en\/wp-json\/wp\/v2\/media\/28119"}],"wp:attachment":[{"href":"https:\/\/pesu24.ee\/en\/wp-json\/wp\/v2\/media?parent=23144"}],"wp:term":[{"taxonomy":"product_brand","embeddable":true,"href":"https:\/\/pesu24.ee\/en\/wp-json\/wp\/v2\/product_brand?post=23144"},{"taxonomy":"product_cat","embeddable":true,"href":"https:\/\/pesu24.ee\/en\/wp-json\/wp\/v2\/product_cat?post=23144"},{"taxonomy":"product_tag","embeddable":true,"href":"https:\/\/pesu24.ee\/en\/wp-json\/wp\/v2\/product_tag?post=23144"}],"curies":[{"name":"wp","href":"https:\/\/api.w.org\/{rel}","templated":true}]}}