{"id":23147,"date":"2025-08-18T23:30:45","date_gmt":"2025-08-18T20:30:45","guid":{"rendered":"https:\/\/pesu24.ee\/?post_type=product&#038;p=23147"},"modified":"2025-08-21T16:11:26","modified_gmt":"2025-08-21T13:11:26","slug":"overall-noir-handmade-f223","status":"publish","type":"product","link":"https:\/\/pesu24.ee\/en\/puksid-pukskostuumid\/overall-noir-handmade-f223\/","title":{"rendered":"Overall Noir Handmade F223"},"content":{"rendered":"<p>Noir Handmade F223 overall&#8217;i alumine pool on valmistatud eco-nahast, mis loob imelise <em>wet-look<\/em> ilme. Toote \u00fclemine osa on valmistatud pooll\u00e4bipaistvast t\u00fcllist, mis muudab teid eriti ahvtlavaks. Lisaks on tootel kividega kaunistatud dekoratiivne rihm, mis ulatub kaela juurest kuni puusadeni.<\/p>\n<p>Mugavamaks selga panemiseks ja ideaalseks sobivuseks on overall kaela tagant haakidega kinnituv. Lisaks on tootel kahepoolne lukk jalgevahe avamiseks.<\/p>\n<p><span style=\"color: #008000;\"><strong>KOMPLEKT SISALDAB:<\/strong><\/span><\/p>\n<ul>\n<li>overall<\/li>\n<\/ul>\n<p>Lisaks v\u00f5ivad teile meeldida j\u00e4rgmised Noir Handmade tooted: <a href=\"https:\/\/pesu24.ee\/en\/puksid-pukskostuumid\/overall-noir-handmade-f230\/\">overall F230<\/a>, <a href=\"https:\/\/pesu24.ee\/en\/bodyd\/body-noir-handmade-f221\/\">body F221<\/a> ja <a href=\"https:\/\/pesu24.ee\/en\/kleidid-seelikud\/kleit-noir-handmade-f222\/\">kleit F222<\/a><\/p>\n<p><span style=\"color: #008000;\"><strong>DETAILS:<\/strong><\/span><\/p>\n<ul>\n<li>valmistatud eco-nahast &amp; t\u00fcllist<\/li>\n<li><em>wet-look<\/em> ilme<\/li>\n<li>dekoratiivne kividega kaunistatud pael<\/li>\n<li>kaela tagant haakidega kinnituv<\/li>\n<li>jalgevahe kahepoolse lukuga avatav<\/li>\n<li>mugav ja elastne kangas (76% pol\u00fcester; 24% elastaan)<\/li>\n<\/ul>","protected":false},"excerpt":{"rendered":"<p>&#46;&#46;&#46;<\/p>","protected":false},"featured_media":23222,"comment_status":"open","ping_status":"closed","template":"","meta":{"_glsr_average":0,"_glsr_ranking":0,"_glsr_reviews":0},"product_brand":[501],"product_cat":[424],"product_tag":[398,218],"class_list":{"0":"post-23147","1":"product","2":"type-product","3":"status-publish","4":"has-post-thumbnail","6":"product_brand-noir-handmade","7":"product_cat-puksid-pukskostuumid","8":"product_tag-latekspesu","9":"product_tag-noir-handmade","10":"pa_suurus-l","11":"pa_suurus-m","12":"pa_suurus-s","13":"pa_suurus-xl","14":"pa_varvus-must","16":"first","17":"instock","18":"sold-individually","19":"taxable","20":"shipping-taxable","21":"purchasable","22":"product-type-variable"},"_links":{"self":[{"href":"https:\/\/pesu24.ee\/en\/wp-json\/wp\/v2\/product\/23147","targetHints":{"allow":["GET"]}}],"collection":[{"href":"https:\/\/pesu24.ee\/en\/wp-json\/wp\/v2\/product"}],"about":[{"href":"https:\/\/pesu24.ee\/en\/wp-json\/wp\/v2\/types\/product"}],"replies":[{"embeddable":true,"href":"https:\/\/pesu24.ee\/en\/wp-json\/wp\/v2\/comments?post=23147"}],"wp:featuredmedia":[{"embeddable":true,"href":"https:\/\/pesu24.ee\/en\/wp-json\/wp\/v2\/media\/23222"}],"wp:attachment":[{"href":"https:\/\/pesu24.ee\/en\/wp-json\/wp\/v2\/media?parent=23147"}],"wp:term":[{"taxonomy":"product_brand","embeddable":true,"href":"https:\/\/pesu24.ee\/en\/wp-json\/wp\/v2\/product_brand?post=23147"},{"taxonomy":"product_cat","embeddable":true,"href":"https:\/\/pesu24.ee\/en\/wp-json\/wp\/v2\/product_cat?post=23147"},{"taxonomy":"product_tag","embeddable":true,"href":"https:\/\/pesu24.ee\/en\/wp-json\/wp\/v2\/product_tag?post=23147"}],"curies":[{"name":"wp","href":"https:\/\/api.w.org\/{rel}","templated":true}]}}