{"id":23149,"date":"2025-08-18T23:30:45","date_gmt":"2025-08-18T20:30:45","guid":{"rendered":"https:\/\/pesu24.ee\/?post_type=product&#038;p=23149"},"modified":"2025-12-15T15:30:40","modified_gmt":"2025-12-15T12:30:40","slug":"mantel-noir-handmade-f225","status":"publish","type":"product","link":"https:\/\/pesu24.ee\/en\/aksessuaarid\/mantel-noir-handmade-f225\/","title":{"rendered":"Mantel Noir Handmade F225"},"content":{"rendered":"<p>Noir Handmade F225 mantel on valmistatud l\u00e4ikivast PVC-materjalist, mis loob imelise <em>wet-look<\/em> ilme. Tegemist on trendika tootega, millel on stiilne l\u00f5ige ja reguleeritav v\u00f6\u00f6 muudavad selle ainulaadse eseme suve\u00f5htutel lausa kohustuslikuks. Lisaks on mantel eest trukkidega kinnituv.<\/p>\n<p><span style=\"color: #008000;\"><strong>KOMPLEKT SISALDAB:<\/strong><\/span><\/p>\n<ul>\n<li>mantel<\/li>\n<\/ul>\n<p>Lisaks v\u00f5ivad teile meeldida j\u00e4rgmised Noir Handmade tooted: <a href=\"https:\/\/pesu24.ee\/en\/kleidid-seelikud\/kleit-noir-handmade-f232\/\">kleit F232<\/a>, <a href=\"https:\/\/pesu24.ee\/en\/kleidid-seelikud\/kleit-noir-handmade-f231\/\">kleit F231<\/a> ja <a href=\"https:\/\/pesu24.ee\/en\/kleidid-seelikud\/seelik-noir-handmade-f226\/\">seelik F226<\/a><\/p>\n<p><span style=\"color: #008000;\"><strong>DETAILS:<\/strong><\/span><\/p>\n<ul>\n<li>valmistatud PVC-materjalist<\/li>\n<li><em>wet-look<\/em> ilme<\/li>\n<li>reguleeritav v\u00f6\u00f6<\/li>\n<li>eest trukkidega kinnituv<\/li>\n<li>trendika l\u00f5ikega<\/li>\n<li>mugav ja elastne kangas (76% pol\u00fcester; 24% elastaan)<\/li>\n<\/ul>","protected":false},"excerpt":{"rendered":"<p>&#46;&#46;&#46;<\/p>","protected":false},"featured_media":15557,"comment_status":"open","ping_status":"closed","template":"","meta":{"_glsr_average":0,"_glsr_ranking":0,"_glsr_reviews":0},"product_brand":[501],"product_cat":[108,109,383,424],"product_tag":[398,218],"class_list":{"0":"post-23149","1":"product","2":"type-product","3":"status-publish","4":"has-post-thumbnail","6":"product_brand-noir-handmade","7":"product_cat-aksessuaarid","8":"product_cat-hommikumantlid","9":"product_cat-kleidid-seelikud","10":"product_cat-puksid-pukskostuumid","11":"product_tag-latekspesu","12":"product_tag-noir-handmade","13":"pa_suurus-l","14":"pa_suurus-m","15":"pa_suurus-s","16":"pa_suurus-xl","17":"pa_varvus-must","19":"first","20":"instock","21":"sold-individually","22":"taxable","23":"shipping-taxable","24":"purchasable","25":"product-type-variable"},"_links":{"self":[{"href":"https:\/\/pesu24.ee\/en\/wp-json\/wp\/v2\/product\/23149","targetHints":{"allow":["GET"]}}],"collection":[{"href":"https:\/\/pesu24.ee\/en\/wp-json\/wp\/v2\/product"}],"about":[{"href":"https:\/\/pesu24.ee\/en\/wp-json\/wp\/v2\/types\/product"}],"replies":[{"embeddable":true,"href":"https:\/\/pesu24.ee\/en\/wp-json\/wp\/v2\/comments?post=23149"}],"wp:featuredmedia":[{"embeddable":true,"href":"https:\/\/pesu24.ee\/en\/wp-json\/wp\/v2\/media\/15557"}],"wp:attachment":[{"href":"https:\/\/pesu24.ee\/en\/wp-json\/wp\/v2\/media?parent=23149"}],"wp:term":[{"taxonomy":"product_brand","embeddable":true,"href":"https:\/\/pesu24.ee\/en\/wp-json\/wp\/v2\/product_brand?post=23149"},{"taxonomy":"product_cat","embeddable":true,"href":"https:\/\/pesu24.ee\/en\/wp-json\/wp\/v2\/product_cat?post=23149"},{"taxonomy":"product_tag","embeddable":true,"href":"https:\/\/pesu24.ee\/en\/wp-json\/wp\/v2\/product_tag?post=23149"}],"curies":[{"name":"wp","href":"https:\/\/api.w.org\/{rel}","templated":true}]}}