{"id":23158,"date":"2025-08-18T23:30:45","date_gmt":"2025-08-18T20:30:45","guid":{"rendered":"https:\/\/pesu24.ee\/?post_type=product&#038;p=23158"},"modified":"2026-03-23T12:22:49","modified_gmt":"2026-03-23T10:22:49","slug":"luhikesed-puksid-obsessive-hermeza-must","status":"publish","type":"product","link":"https:\/\/pesu24.ee\/en\/puksid-pukskostuumid\/luhikesed-puksid-obsessive-hermeza-must\/","title":{"rendered":"L\u00fchikesed p\u00fcksid Obsessive Hermeza"},"content":{"rendered":"<p>Ainulaadsed Obsessive Hermeza l\u00fchikesed p\u00fcksid on kaasaegne ja v\u00e4ga naiselik aksessuaar, mis r\u00f5hutaavad imeliselt teie v\u00f6\u00f6 ja talje piirkonda. P\u00fckstel on optiliselt salendav efekt ja v\u00f5rgutav <em>wet-look<\/em> ilme loovad naseliku ja ahvatleva kombinatsiooni.<\/p>\n<p><span style=\"color: #008000;\"><strong>KOMPLEKT SISALDAB:<\/strong><\/span><\/p>\n<ul>\n<li>l\u00fchikesed p\u00fcksid<\/li>\n<\/ul>\n<p>Obsessive Hermeza p\u00fcksikuvad sobib perfektselt kokku <a href=\"https:\/\/pesu24.ee\/en\/topid-rinnahoidjad\/topp-obsessive-hermeza-must\/\">Obsessive Hermeza topp&#8217;iga<\/a>.<\/p>\n<p><span style=\"color: #008000;\"><strong>DETAILS:<\/strong><\/span><\/p>\n<ul>\n<li>s\u00fcgavmusta tooni<\/li>\n<li><em>wet look\u00a0<\/em>ilme<\/li>\n<li>optiliselt salendav efekt<\/li>\n<li>r\u00f5hutavad v\u00f6\u00f6 ja talje piirkonda<\/li>\n<li>vasakul k\u00fcljel lukk<\/li>\n<li>mugav ja elastne kangas (60% pol\u00fcerataan, 40% pol\u00fcamiid)<\/li>\n<\/ul>","protected":false},"excerpt":{"rendered":"<p>&#46;&#46;&#46;<\/p>","protected":false},"featured_media":23269,"comment_status":"open","ping_status":"closed","template":"","meta":{"_glsr_average":0,"_glsr_ranking":0,"_glsr_reviews":0},"product_brand":[500],"product_cat":[424],"product_tag":[160],"class_list":{"0":"post-23158","1":"product","2":"type-product","3":"status-publish","4":"has-post-thumbnail","6":"product_brand-obsessive","7":"product_cat-puksid-pukskostuumid","8":"product_tag-obsessive","9":"pa_suurus-l","10":"pa_suurus-m","11":"pa_suurus-s","12":"pa_suurus-xl","13":"pa_suurus-xs","14":"pa_varvus-must","16":"first","17":"instock","18":"sale","19":"sold-individually","20":"taxable","21":"shipping-taxable","22":"purchasable","23":"product-type-variable"},"_links":{"self":[{"href":"https:\/\/pesu24.ee\/en\/wp-json\/wp\/v2\/product\/23158","targetHints":{"allow":["GET"]}}],"collection":[{"href":"https:\/\/pesu24.ee\/en\/wp-json\/wp\/v2\/product"}],"about":[{"href":"https:\/\/pesu24.ee\/en\/wp-json\/wp\/v2\/types\/product"}],"replies":[{"embeddable":true,"href":"https:\/\/pesu24.ee\/en\/wp-json\/wp\/v2\/comments?post=23158"}],"wp:featuredmedia":[{"embeddable":true,"href":"https:\/\/pesu24.ee\/en\/wp-json\/wp\/v2\/media\/23269"}],"wp:attachment":[{"href":"https:\/\/pesu24.ee\/en\/wp-json\/wp\/v2\/media?parent=23158"}],"wp:term":[{"taxonomy":"product_brand","embeddable":true,"href":"https:\/\/pesu24.ee\/en\/wp-json\/wp\/v2\/product_brand?post=23158"},{"taxonomy":"product_cat","embeddable":true,"href":"https:\/\/pesu24.ee\/en\/wp-json\/wp\/v2\/product_cat?post=23158"},{"taxonomy":"product_tag","embeddable":true,"href":"https:\/\/pesu24.ee\/en\/wp-json\/wp\/v2\/product_tag?post=23158"}],"curies":[{"name":"wp","href":"https:\/\/api.w.org\/{rel}","templated":true}]}}