{"id":23159,"date":"2025-08-18T23:30:46","date_gmt":"2025-08-18T20:30:46","guid":{"rendered":"https:\/\/pesu24.ee\/?post_type=product&#038;p=23159"},"modified":"2025-08-21T15:18:01","modified_gmt":"2025-08-21T12:18:01","slug":"pukskostuum-noir-handmade-f306","status":"publish","type":"product","link":"https:\/\/pesu24.ee\/en\/puksid-pukskostuumid\/pukskostuum-noir-handmade-f306\/","title":{"rendered":"P\u00fckskost\u00fc\u00fcm Noir Handmade F306"},"content":{"rendered":"<p>Koge luksuse tunnet oma nahal, kui libised sellesse pehmesse ja venivasse kangasse, mis embab Sinu kurve k\u00f5ikides \u00f5igetes kohtades. Avatud tagaosa disain on t\u00f5eline t\u00e4helepanu k\u00f6itja, kaunistatud keerukalt paigutatud s\u00e4deluskivide ketiga, mis s\u00e4rab ja hiilgab iga liigutusega, luues v\u00f5luva elegantsi atmosf\u00e4\u00e4ri.<\/p>\n<p>Noir Handmade F306 p\u00f5kskost\u00fc\u00fcm on loodud selleks, et pakkuda unikaalset ja luksuslikku kogemust. Pehme ja veniv kangas tagab mugavuse, samas kui avatud tagaosa disain lisab sensuaalsust ja stiili. S\u00e4deluskivide kett on kui kunstiteos, mis lisab s\u00e4ra ja elegantsi, tehes sellest kleidist t\u00f5elise pilgup\u00fc\u00fcdja.<\/p>\n<p><span style=\"color: #008000;\"><strong>KOMPLEKT SISALDAB:<\/strong><\/span><\/p>\n<ul>\n<li>p\u00fckskost\u00fc\u00fcmi<\/li>\n<\/ul>\n<p><span style=\"color: #008000;\"><strong>DETAILS:<\/strong><\/span><\/p>\n<ul>\n<li>wet look disainiga<\/li>\n<li>jalgevahe kahepoolse lukuga avatav<\/li>\n<li>kaela tagant kinnituv<\/li>\n<li>avatud selga<\/li>\n<li>taga sensuaalne kett<\/li>\n<li>mugav ja elastne kangas (76% pol\u00fcester; 24% elastaan)<\/li>\n<\/ul>","protected":false},"excerpt":{"rendered":"<p>&#46;&#46;&#46;<\/p>","protected":false},"featured_media":23279,"comment_status":"open","ping_status":"closed","template":"","meta":{"_glsr_average":0,"_glsr_ranking":0,"_glsr_reviews":0},"product_brand":[501],"product_cat":[424],"product_tag":[398,218],"class_list":{"0":"post-23159","1":"product","2":"type-product","3":"status-publish","4":"has-post-thumbnail","6":"product_brand-noir-handmade","7":"product_cat-puksid-pukskostuumid","8":"product_tag-latekspesu","9":"product_tag-noir-handmade","10":"pa_suurus-l","11":"pa_suurus-m","12":"pa_suurus-s","13":"pa_suurus-xl","14":"pa_varvus-must","16":"first","17":"instock","18":"sold-individually","19":"taxable","20":"shipping-taxable","21":"purchasable","22":"product-type-variable"},"_links":{"self":[{"href":"https:\/\/pesu24.ee\/en\/wp-json\/wp\/v2\/product\/23159","targetHints":{"allow":["GET"]}}],"collection":[{"href":"https:\/\/pesu24.ee\/en\/wp-json\/wp\/v2\/product"}],"about":[{"href":"https:\/\/pesu24.ee\/en\/wp-json\/wp\/v2\/types\/product"}],"replies":[{"embeddable":true,"href":"https:\/\/pesu24.ee\/en\/wp-json\/wp\/v2\/comments?post=23159"}],"wp:featuredmedia":[{"embeddable":true,"href":"https:\/\/pesu24.ee\/en\/wp-json\/wp\/v2\/media\/23279"}],"wp:attachment":[{"href":"https:\/\/pesu24.ee\/en\/wp-json\/wp\/v2\/media?parent=23159"}],"wp:term":[{"taxonomy":"product_brand","embeddable":true,"href":"https:\/\/pesu24.ee\/en\/wp-json\/wp\/v2\/product_brand?post=23159"},{"taxonomy":"product_cat","embeddable":true,"href":"https:\/\/pesu24.ee\/en\/wp-json\/wp\/v2\/product_cat?post=23159"},{"taxonomy":"product_tag","embeddable":true,"href":"https:\/\/pesu24.ee\/en\/wp-json\/wp\/v2\/product_tag?post=23159"}],"curies":[{"name":"wp","href":"https:\/\/api.w.org\/{rel}","templated":true}]}}