{"id":23160,"date":"2025-08-18T23:30:46","date_gmt":"2025-08-18T20:30:46","guid":{"rendered":"https:\/\/pesu24.ee\/?post_type=product&#038;p=23160"},"modified":"2025-08-20T14:57:55","modified_gmt":"2025-08-20T11:57:55","slug":"pukskostuum-noir-handmade-f299","status":"publish","type":"product","link":"https:\/\/pesu24.ee\/en\/puksid-pukskostuumid\/pukskostuum-noir-handmade-f299\/","title":{"rendered":"P\u00fckskost\u00fc\u00fcm Noir Handmade F299"},"content":{"rendered":"<p>Noir Handmade F299 p\u00fckskost\u00fc\u00fcm on loodud selleks, et pakkuda sensuaalset ja ligit\u00f5mbavat kogemust. Pitsmaterjal lisab elegantsi ja m\u00e4ngulisust, samas kui wetlook ilmega alaosa r\u00f5hutab Sinu figuuri. Avatud tagaosa, paeltega kinnitus ja k\u00f5rge kaelus lisavad p\u00fckskost\u00fc\u00fcmile sensuaalsust ja v\u00f5imaldavad Sul kujundada oma stiili vastavalt soovidele.<\/p>\n<p><span style=\"color: #008000;\"><strong>KOMPLEKT SISALDAB:<\/strong><\/span><\/p>\n<ul>\n<li>p\u00fckskost\u00fc\u00fcmi<\/li>\n<\/ul>\n<p><span style=\"color: #008000;\"><strong>DETAILS:<\/strong><\/span><\/p>\n<ul>\n<li>kombineeritud wetlook kangast ja pitsist<\/li>\n<li>kaunistatud lillemotiiviga<\/li>\n<li>jalgevahe kahepoolse lukuga avatav<\/li>\n<li>seljalt paeltega seotav<\/li>\n<li>kaela tagant haakidega kinnituv<\/li>\n<li>pikad varrukad<\/li>\n<li>avatud selg<\/li>\n<li>mugav ja elastne kangas (90% pol\u00fcamiid; 10% elastaan)<\/li>\n<\/ul>","protected":false},"excerpt":{"rendered":"<p>&#46;&#46;&#46;<\/p>","protected":false},"featured_media":23286,"comment_status":"open","ping_status":"closed","template":"","meta":{"_glsr_average":0,"_glsr_ranking":0,"_glsr_reviews":0},"product_brand":[501],"product_cat":[424],"product_tag":[398,218],"class_list":{"0":"post-23160","1":"product","2":"type-product","3":"status-publish","4":"has-post-thumbnail","6":"product_brand-noir-handmade","7":"product_cat-puksid-pukskostuumid","8":"product_tag-latekspesu","9":"product_tag-noir-handmade","10":"pa_suurus-l","11":"pa_suurus-m","12":"pa_suurus-s","13":"pa_suurus-xl","14":"pa_varvus-must","16":"first","17":"instock","18":"sold-individually","19":"taxable","20":"shipping-taxable","21":"purchasable","22":"product-type-variable"},"_links":{"self":[{"href":"https:\/\/pesu24.ee\/en\/wp-json\/wp\/v2\/product\/23160","targetHints":{"allow":["GET"]}}],"collection":[{"href":"https:\/\/pesu24.ee\/en\/wp-json\/wp\/v2\/product"}],"about":[{"href":"https:\/\/pesu24.ee\/en\/wp-json\/wp\/v2\/types\/product"}],"replies":[{"embeddable":true,"href":"https:\/\/pesu24.ee\/en\/wp-json\/wp\/v2\/comments?post=23160"}],"wp:featuredmedia":[{"embeddable":true,"href":"https:\/\/pesu24.ee\/en\/wp-json\/wp\/v2\/media\/23286"}],"wp:attachment":[{"href":"https:\/\/pesu24.ee\/en\/wp-json\/wp\/v2\/media?parent=23160"}],"wp:term":[{"taxonomy":"product_brand","embeddable":true,"href":"https:\/\/pesu24.ee\/en\/wp-json\/wp\/v2\/product_brand?post=23160"},{"taxonomy":"product_cat","embeddable":true,"href":"https:\/\/pesu24.ee\/en\/wp-json\/wp\/v2\/product_cat?post=23160"},{"taxonomy":"product_tag","embeddable":true,"href":"https:\/\/pesu24.ee\/en\/wp-json\/wp\/v2\/product_tag?post=23160"}],"curies":[{"name":"wp","href":"https:\/\/api.w.org\/{rel}","templated":true}]}}