{"id":23161,"date":"2025-08-18T23:30:46","date_gmt":"2025-08-18T20:30:46","guid":{"rendered":"https:\/\/pesu24.ee\/?post_type=product&#038;p=23161"},"modified":"2025-08-21T16:12:02","modified_gmt":"2025-08-21T13:12:02","slug":"pukskostuum-noir-handmade-f298","status":"publish","type":"product","link":"https:\/\/pesu24.ee\/en\/puksid-pukskostuumid\/pukskostuum-noir-handmade-f298\/","title":{"rendered":"P\u00fckskost\u00fc\u00fcm Noir Handmade F298"},"content":{"rendered":"<p>Koge puhast sensuaalsust selles flirtivas pitsi ja etlook v\u00e4ljan\u00e4gemisega p\u00fckskost\u00fc\u00fcmis, millel on kutsuv s\u00fcgav V-kaelus ja avatud seljaosa. T\u00e4iendatud luksusliku sametise krae ja h\u00f5bedase-musta p\u00e4rliahela esiosaga, millele lisab sensuaalsust kahepoolse lukuga avatav jalgevahe.<\/p>\n<p>See p\u00fckskost\u00fc\u00fcm on loodud selleks, et pakkuda unustamatut sensuaalset kogemust. Pitsmaterjal ja wetlook v\u00e4ljan\u00e4gemisega detailid lisavad m\u00e4ngulisust ja seksikust. S\u00fcgav V-kaelus ja avatud tagaosa annavad tootele ahvatleva ilme, samal ajal kui sametise krae ja p\u00e4rliahel esiosas lisavad luksusliku puudutuse.<\/p>\n<p><span style=\"color: #008000;\"><strong>KOMPLEKT SISALDAB:<\/strong><\/span><\/p>\n<ul>\n<li>p\u00fckskost\u00fc\u00fcmi<\/li>\n<\/ul>\n<p><span style=\"color: #008000;\"><strong>DETAILS:<\/strong><\/span><\/p>\n<ul>\n<li>kombineeritud wetlook kangast ja pitsist<\/li>\n<li>avatud selg ja dekoltee<\/li>\n<li>jalgevahe kahepoolse lukuga avatav<\/li>\n<li>kaela tagant kinnituv<\/li>\n<li>ees kett<\/li>\n<li>mugav ja elastne kangas (76% pol\u00fcester; 24% elastaan)<\/li>\n<\/ul>","protected":false},"excerpt":{"rendered":"<p>&#46;&#46;&#46;<\/p>","protected":false},"featured_media":23294,"comment_status":"open","ping_status":"closed","template":"","meta":{"_glsr_average":0,"_glsr_ranking":0,"_glsr_reviews":0},"product_brand":[501],"product_cat":[424],"product_tag":[398,218],"class_list":{"0":"post-23161","1":"product","2":"type-product","3":"status-publish","4":"has-post-thumbnail","6":"product_brand-noir-handmade","7":"product_cat-puksid-pukskostuumid","8":"product_tag-latekspesu","9":"product_tag-noir-handmade","10":"pa_suurus-l","11":"pa_suurus-m","12":"pa_suurus-s","13":"pa_suurus-xl","14":"pa_varvus-must","16":"first","17":"instock","18":"sold-individually","19":"taxable","20":"shipping-taxable","21":"purchasable","22":"product-type-variable"},"_links":{"self":[{"href":"https:\/\/pesu24.ee\/en\/wp-json\/wp\/v2\/product\/23161","targetHints":{"allow":["GET"]}}],"collection":[{"href":"https:\/\/pesu24.ee\/en\/wp-json\/wp\/v2\/product"}],"about":[{"href":"https:\/\/pesu24.ee\/en\/wp-json\/wp\/v2\/types\/product"}],"replies":[{"embeddable":true,"href":"https:\/\/pesu24.ee\/en\/wp-json\/wp\/v2\/comments?post=23161"}],"wp:featuredmedia":[{"embeddable":true,"href":"https:\/\/pesu24.ee\/en\/wp-json\/wp\/v2\/media\/23294"}],"wp:attachment":[{"href":"https:\/\/pesu24.ee\/en\/wp-json\/wp\/v2\/media?parent=23161"}],"wp:term":[{"taxonomy":"product_brand","embeddable":true,"href":"https:\/\/pesu24.ee\/en\/wp-json\/wp\/v2\/product_brand?post=23161"},{"taxonomy":"product_cat","embeddable":true,"href":"https:\/\/pesu24.ee\/en\/wp-json\/wp\/v2\/product_cat?post=23161"},{"taxonomy":"product_tag","embeddable":true,"href":"https:\/\/pesu24.ee\/en\/wp-json\/wp\/v2\/product_tag?post=23161"}],"curies":[{"name":"wp","href":"https:\/\/api.w.org\/{rel}","templated":true}]}}