{"id":23162,"date":"2025-08-18T23:30:46","date_gmt":"2025-08-18T20:30:46","guid":{"rendered":"https:\/\/pesu24.ee\/?post_type=product&#038;p=23162"},"modified":"2025-12-15T15:20:20","modified_gmt":"2025-12-15T12:20:20","slug":"pukskostuum-noir-handmade-f315","status":"publish","type":"product","link":"https:\/\/pesu24.ee\/en\/puksid-pukskostuumid\/pukskostuum-noir-handmade-f315\/","title":{"rendered":"P\u00fckskost\u00fc\u00fcm Noir Handmade F315"},"content":{"rendered":"<p>P\u00fckskost\u00fc\u00fcmid pitsiline \u00f5iemustriga kangas lisab m\u00e4ngulisust ja romantilist puudutust, samas kui avatud \u00f5lgadega disain toovad esile Sinu sensuaalsuse. 3-suunaline lukk lisab r\u00f5ivaesemele erutavat elementi, avades ukse unustamatuks kogemuseks.<\/p>\n<p><span style=\"color: #008000;\"><strong>KOMPLEKT SISALDAB:<\/strong><\/span><\/p>\n<ul>\n<li>p\u00fckskost\u00fc\u00fcmi<\/li>\n<\/ul>\n<p><span style=\"color: #008000;\"><strong>DETAILS:<\/strong><\/span><\/p>\n<ul>\n<li>valmistatud pooll\u00e4bipaistvast materjalist<\/li>\n<li>esiosa &amp; jalgavahe 3-suunalise lukuga avatav<\/li>\n<li>kaela tagant kinnituv<\/li>\n<li>kaunistatud lillemotiividega<\/li>\n<li>avatud \u00f5lad<\/li>\n<li>mugav ja elastne kangas (86% pol\u00fcester; 14% elastaan)<\/li>\n<\/ul>","protected":false},"excerpt":{"rendered":"<p>&#46;&#46;&#46;<\/p>","protected":false},"featured_media":23300,"comment_status":"open","ping_status":"closed","template":"","meta":{"_glsr_average":0,"_glsr_ranking":0,"_glsr_reviews":0},"product_brand":[501],"product_cat":[424],"product_tag":[398,218],"class_list":{"0":"post-23162","1":"product","2":"type-product","3":"status-publish","4":"has-post-thumbnail","6":"product_brand-noir-handmade","7":"product_cat-puksid-pukskostuumid","8":"product_tag-latekspesu","9":"product_tag-noir-handmade","10":"pa_suurus-l","11":"pa_suurus-m","12":"pa_suurus-s","13":"pa_suurus-xl","14":"pa_varvus-must","16":"first","17":"instock","18":"sold-individually","19":"taxable","20":"shipping-taxable","21":"purchasable","22":"product-type-variable"},"_links":{"self":[{"href":"https:\/\/pesu24.ee\/en\/wp-json\/wp\/v2\/product\/23162","targetHints":{"allow":["GET"]}}],"collection":[{"href":"https:\/\/pesu24.ee\/en\/wp-json\/wp\/v2\/product"}],"about":[{"href":"https:\/\/pesu24.ee\/en\/wp-json\/wp\/v2\/types\/product"}],"replies":[{"embeddable":true,"href":"https:\/\/pesu24.ee\/en\/wp-json\/wp\/v2\/comments?post=23162"}],"wp:featuredmedia":[{"embeddable":true,"href":"https:\/\/pesu24.ee\/en\/wp-json\/wp\/v2\/media\/23300"}],"wp:attachment":[{"href":"https:\/\/pesu24.ee\/en\/wp-json\/wp\/v2\/media?parent=23162"}],"wp:term":[{"taxonomy":"product_brand","embeddable":true,"href":"https:\/\/pesu24.ee\/en\/wp-json\/wp\/v2\/product_brand?post=23162"},{"taxonomy":"product_cat","embeddable":true,"href":"https:\/\/pesu24.ee\/en\/wp-json\/wp\/v2\/product_cat?post=23162"},{"taxonomy":"product_tag","embeddable":true,"href":"https:\/\/pesu24.ee\/en\/wp-json\/wp\/v2\/product_tag?post=23162"}],"curies":[{"name":"wp","href":"https:\/\/api.w.org\/{rel}","templated":true}]}}