{"id":23164,"date":"2025-08-18T23:30:46","date_gmt":"2025-08-18T20:30:46","guid":{"rendered":"https:\/\/pesu24.ee\/?post_type=product&#038;p=23164"},"modified":"2026-01-14T13:06:52","modified_gmt":"2026-01-14T10:06:52","slug":"avatud-puksid-noir-handmade-f304","status":"publish","type":"product","link":"https:\/\/pesu24.ee\/en\/puksid-pukskostuumid\/avatud-puksid-noir-handmade-f304\/","title":{"rendered":"Avatud p\u00fcksid Noir Handmade F304"},"content":{"rendered":"<p>Noir Handmade F304 p\u00fcksid on loodud selleks, et lisada Teie garderoobile julgust ja sensuaalsust. Wetlook ilmega materjal annab neile moodsa v\u00e4limuse, samas kui avatud h\u00e4bemepiirkond ja tagumik toovad esile Teie m\u00e4ngulise ja enesekindla k\u00fclje. Need on ideaalne valik, kui soovite tunda end vabalt ja enesekindlalt, olgu see siis eriline \u00f5htu v\u00f5i lihtsalt soov olla stiilne ja julge igap\u00e4evaselt.<\/p>\n<p><span style=\"color: #008000;\"><strong>KOMPLEKT SISALDAB:<\/strong><\/span><\/p>\n<ul>\n<li>avatud p\u00fckse<\/li>\n<\/ul>\n<p><span style=\"color: #008000;\"><strong>DETAILS:<\/strong><\/span><\/p>\n<ul>\n<li>wetlook disainiga<\/li>\n<li>avatud jalgevahe &amp; tuharad<\/li>\n<li>k\u00f5rge pihaga<\/li>\n<li>mugav ja elastne kangas (76% pol\u00fcester; 24% elastaan)<\/li>\n<\/ul>","protected":false},"excerpt":{"rendered":"<p>&#46;&#46;&#46;<\/p>","protected":false},"featured_media":23313,"comment_status":"open","ping_status":"closed","template":"","meta":{"_glsr_average":0,"_glsr_ranking":0,"_glsr_reviews":0},"product_brand":[501],"product_cat":[424],"product_tag":[398,218],"class_list":{"0":"post-23164","1":"product","2":"type-product","3":"status-publish","4":"has-post-thumbnail","6":"product_brand-noir-handmade","7":"product_cat-puksid-pukskostuumid","8":"product_tag-latekspesu","9":"product_tag-noir-handmade","10":"pa_suurus-l","11":"pa_suurus-m","12":"pa_suurus-s","13":"pa_suurus-xl","14":"pa_varvus-must","16":"first","17":"instock","18":"sold-individually","19":"taxable","20":"shipping-taxable","21":"purchasable","22":"product-type-variable"},"_links":{"self":[{"href":"https:\/\/pesu24.ee\/en\/wp-json\/wp\/v2\/product\/23164","targetHints":{"allow":["GET"]}}],"collection":[{"href":"https:\/\/pesu24.ee\/en\/wp-json\/wp\/v2\/product"}],"about":[{"href":"https:\/\/pesu24.ee\/en\/wp-json\/wp\/v2\/types\/product"}],"replies":[{"embeddable":true,"href":"https:\/\/pesu24.ee\/en\/wp-json\/wp\/v2\/comments?post=23164"}],"wp:featuredmedia":[{"embeddable":true,"href":"https:\/\/pesu24.ee\/en\/wp-json\/wp\/v2\/media\/23313"}],"wp:attachment":[{"href":"https:\/\/pesu24.ee\/en\/wp-json\/wp\/v2\/media?parent=23164"}],"wp:term":[{"taxonomy":"product_brand","embeddable":true,"href":"https:\/\/pesu24.ee\/en\/wp-json\/wp\/v2\/product_brand?post=23164"},{"taxonomy":"product_cat","embeddable":true,"href":"https:\/\/pesu24.ee\/en\/wp-json\/wp\/v2\/product_cat?post=23164"},{"taxonomy":"product_tag","embeddable":true,"href":"https:\/\/pesu24.ee\/en\/wp-json\/wp\/v2\/product_tag?post=23164"}],"curies":[{"name":"wp","href":"https:\/\/api.w.org\/{rel}","templated":true}]}}