{"id":23178,"date":"2025-08-18T23:31:09","date_gmt":"2025-08-18T20:31:09","guid":{"rendered":"https:\/\/pesu24.ee\/?post_type=product&#038;p=23178"},"modified":"2025-08-21T16:12:38","modified_gmt":"2025-08-21T13:12:38","slug":"puksikud-obsessive-viranes","status":"publish","type":"product","link":"https:\/\/pesu24.ee\/en\/puksid-pukskostuumid\/puksikud-obsessive-viranes\/","title":{"rendered":"P\u00fcksikud Obsessive Viranes"},"content":{"rendered":"<p>Obsessive Viranes kollektsiooni k\u00fctkestavad p\u00fcksikud on \u00f5rnalt disainitud, t\u00e4helepanu \u00e4ratanud ja saavad imetlevaid pilke. S\u00fcgav must, s\u00e4rav kangas ja metall\u00fchendused loovad kiusatusi tekitava kombinatsiooni, r\u00f5hutades keha \u00f5rna ilu.<\/p>\n<p>Tutvuge ka teiste <a href=\"https:\/\/pesu24.ee\/en\/omadus\/obsessive-viranes\/\">Obsessive Viranes<\/a> pesukollektsiooni toodetega.<\/p>\n<p><span style=\"color: #008000;\"><strong>KOMPLEKT SISALDAB:<\/strong><\/span><\/p>\n<ul>\n<li>p\u00fcksikud<\/li>\n<\/ul>\n<p><span style=\"color: #008000;\"><strong>DETAILS:<\/strong><\/span><\/p>\n<ul>\n<li>kelmikad mustad p\u00fcksikud<\/li>\n<li>l\u00e4ikiv kangas<\/li>\n<li>ees ripats<\/li>\n<li>k\u00fclgedel metallr\u00f5ngad<\/li>\n<li>mugav &amp; elastne kangas (100% pol\u00fcerataan)<\/li>\n<\/ul>","protected":false},"excerpt":{"rendered":"<p>&#46;&#46;&#46;<\/p>","protected":false},"featured_media":23318,"comment_status":"open","ping_status":"closed","template":"","meta":{"_glsr_average":0,"_glsr_ranking":0,"_glsr_reviews":0},"product_brand":[500],"product_cat":[424],"product_tag":[160,464],"class_list":{"0":"post-23178","1":"product","2":"type-product","3":"status-publish","4":"has-post-thumbnail","6":"product_brand-obsessive","7":"product_cat-puksid-pukskostuumid","8":"product_tag-obsessive","9":"product_tag-obsessive-viranes","10":"pa_suurus-m-l","11":"pa_suurus-xl-xxl","12":"pa_suurus-xs-s","13":"pa_varvus-must","15":"first","16":"instock","17":"sold-individually","18":"taxable","19":"shipping-taxable","20":"purchasable","21":"product-type-variable"},"_links":{"self":[{"href":"https:\/\/pesu24.ee\/en\/wp-json\/wp\/v2\/product\/23178","targetHints":{"allow":["GET"]}}],"collection":[{"href":"https:\/\/pesu24.ee\/en\/wp-json\/wp\/v2\/product"}],"about":[{"href":"https:\/\/pesu24.ee\/en\/wp-json\/wp\/v2\/types\/product"}],"replies":[{"embeddable":true,"href":"https:\/\/pesu24.ee\/en\/wp-json\/wp\/v2\/comments?post=23178"}],"wp:featuredmedia":[{"embeddable":true,"href":"https:\/\/pesu24.ee\/en\/wp-json\/wp\/v2\/media\/23318"}],"wp:attachment":[{"href":"https:\/\/pesu24.ee\/en\/wp-json\/wp\/v2\/media?parent=23178"}],"wp:term":[{"taxonomy":"product_brand","embeddable":true,"href":"https:\/\/pesu24.ee\/en\/wp-json\/wp\/v2\/product_brand?post=23178"},{"taxonomy":"product_cat","embeddable":true,"href":"https:\/\/pesu24.ee\/en\/wp-json\/wp\/v2\/product_cat?post=23178"},{"taxonomy":"product_tag","embeddable":true,"href":"https:\/\/pesu24.ee\/en\/wp-json\/wp\/v2\/product_tag?post=23178"}],"curies":[{"name":"wp","href":"https:\/\/api.w.org\/{rel}","templated":true}]}}