{"id":24218,"date":"2025-08-18T23:48:48","date_gmt":"2025-08-18T20:48:48","guid":{"rendered":"https:\/\/pesu24.ee\/?post_type=product&#038;p=24218"},"modified":"2025-08-20T15:00:03","modified_gmt":"2025-08-20T12:00:03","slug":"avatud-punased-stringid-v-9808","status":"publish","type":"product","link":"https:\/\/pesu24.ee\/en\/stringid-puksikud\/avatud-punased-stringid-v-9808\/","title":{"rendered":"Avatud punased stringid V-9808"},"content":{"rendered":"<p><strong>Salap\u00e4rased punased avatud esi- ja tagak\u00fcljega stringid on v\u00e4gagi julge ja m\u00e4nguline t\u00e4iendus sinu garderoobile, sobides ideaalselt kokku tootefotodel oleva avatud punase rinnahoidjaga <a href=\"https:\/\/pesu24.ee\/en\/pesukomplektid\/punane-avatud-rinnahoidja-axami-v-9801\/\">Axami V-9801<\/a>.<\/strong><\/p>\n<p>Stringid on valmistatud punasest elastsest ja kvaliteetsest kangast, mis kaunistatud rikkaliku pitsi ja punase lipsukesega. Nii rinnahoidja kui ka stringid on saadaval ka musta ja valget v\u00e4rvi.<\/p>\n<p><span style=\"color: #008000;\"><strong>DETAILS<\/strong><\/span><\/p>\n<ul>\n<li>komplektis punased avatud stringid<\/li>\n<li>rinnahoidja komplekti ei kuulu (saab osta eraldi)<\/li>\n<li>stringidel esi &#8211; ja tagaosa avatud<\/li>\n<li>kvaliteetne, elastne materjal<\/li>\n<li>mugav kanda<\/li>\n<li>87% pol\u00fcamiid, 13% elastaan<\/li>\n<\/ul>\n<p>Tootefotodel on n\u00e4ha ka punane bodi-rake <a href=\"https:\/\/pesu24.ee\/en\/bodyd\/punane-rake-bodi-axami-v-9801\/\">Axami V-9806<\/a>, mis tuleb soovi korral osta eraldi ja toode samuti saadaval meie e-poes.<\/p>","protected":false},"excerpt":{"rendered":"<p>&#46;&#46;&#46;<\/p>","protected":false},"featured_media":24695,"comment_status":"open","ping_status":"closed","template":"","meta":{"_glsr_average":0,"_glsr_ranking":0,"_glsr_reviews":0},"product_brand":[502],"product_cat":[385],"product_tag":[392,333,445],"class_list":{"0":"post-24218","1":"product","2":"type-product","3":"status-publish","4":"has-post-thumbnail","6":"product_brand-axami","7":"product_cat-stringid-puksikud","8":"product_tag-avatud-stringid","9":"product_tag-axami","10":"product_tag-love-cave","11":"pa_suurus-l","12":"pa_suurus-m","13":"pa_suurus-s","14":"pa_suurus-xl","15":"pa_varvus-punane","17":"first","18":"instock","19":"sold-individually","20":"taxable","21":"shipping-taxable","22":"purchasable","23":"product-type-variable"},"_links":{"self":[{"href":"https:\/\/pesu24.ee\/en\/wp-json\/wp\/v2\/product\/24218","targetHints":{"allow":["GET"]}}],"collection":[{"href":"https:\/\/pesu24.ee\/en\/wp-json\/wp\/v2\/product"}],"about":[{"href":"https:\/\/pesu24.ee\/en\/wp-json\/wp\/v2\/types\/product"}],"replies":[{"embeddable":true,"href":"https:\/\/pesu24.ee\/en\/wp-json\/wp\/v2\/comments?post=24218"}],"wp:featuredmedia":[{"embeddable":true,"href":"https:\/\/pesu24.ee\/en\/wp-json\/wp\/v2\/media\/24695"}],"wp:attachment":[{"href":"https:\/\/pesu24.ee\/en\/wp-json\/wp\/v2\/media?parent=24218"}],"wp:term":[{"taxonomy":"product_brand","embeddable":true,"href":"https:\/\/pesu24.ee\/en\/wp-json\/wp\/v2\/product_brand?post=24218"},{"taxonomy":"product_cat","embeddable":true,"href":"https:\/\/pesu24.ee\/en\/wp-json\/wp\/v2\/product_cat?post=24218"},{"taxonomy":"product_tag","embeddable":true,"href":"https:\/\/pesu24.ee\/en\/wp-json\/wp\/v2\/product_tag?post=24218"}],"curies":[{"name":"wp","href":"https:\/\/api.w.org\/{rel}","templated":true}]}}