{"id":24222,"date":"2025-08-18T23:48:48","date_gmt":"2025-08-18T20:48:48","guid":{"rendered":"https:\/\/pesu24.ee\/?post_type=product&#038;p=24222"},"modified":"2026-02-15T13:45:13","modified_gmt":"2026-02-15T11:45:13","slug":"avatud-stringid-obsessive-donna-dream","status":"publish","type":"product","link":"https:\/\/pesu24.ee\/en\/stringid-puksikud\/avatud-stringid-obsessive-donna-dream\/","title":{"rendered":"Avatud stringid Obsessive Donna Dream"},"content":{"rendered":"<p>Obsessive Donna Dream avatud stringid omavad unikaalset disaini, kus on t\u00e4helepanu p\u00f6\u00f6ratud detailidele ja sensuaalsusele. Need on valmistatud l\u00e4bipaistvast pitsist, mis r\u00f5hutab keha kumerusi ja toovad esile teie imelise figuuri. Donna Dream avatud stringid on disainitud nii, et need oleksid mugavad kanda ja looksid silmapaistva v\u00e4limuse.<\/p>\n<p>Obsessive Donna Dream avatud stringid sobivad ideaalselt neile, kes soovivad t\u00e4iendada oma pesukomplekti v\u00f5i lisada v\u00fcrtsi oma intiimsele garderoobile. Need pakuvad enesekindlust ja erutavat tunnet ning aitavad luua unustamatuid hetki magamistoas.<\/p>\n<p>Tutvuge ka teiste <a href=\"https:\/\/pesu24.ee\/en\/omadus\/donna-dream\/\">Obsessive Donna Dream<\/a>\u00a0pesukollektsiooni toodetega.<\/p>\n<p><span style=\"color: #008000;\"><strong>KOMPLEKT SISALDAB:<\/strong><\/span><\/p>\n<ul>\n<li>avatud stringid<\/li>\n<\/ul>\n<p><span style=\"color: #008000;\"><strong>DETAILS:<\/strong><\/span><\/p>\n<ul>\n<li>imelise l\u00f5ikega stringid<\/li>\n<li>kaunistatud pitsiga<\/li>\n<li>avatud jalgevahe<\/li>\n<li>ees ripats<\/li>\n<li>valmistatud mugavast &amp; elastsest kangast (90% pol\u00fcamiid &amp; 10% elastaan)<\/li>\n<\/ul>","protected":false},"excerpt":{"rendered":"<p>&#46;&#46;&#46;<\/p>","protected":false},"featured_media":24705,"comment_status":"open","ping_status":"closed","template":"","meta":{"_glsr_average":0,"_glsr_ranking":0,"_glsr_reviews":0},"product_brand":[500],"product_cat":[385],"product_tag":[392,449,160],"class_list":{"0":"post-24222","1":"product","2":"type-product","3":"status-publish","4":"has-post-thumbnail","6":"product_brand-obsessive","7":"product_cat-stringid-puksikud","8":"product_tag-avatud-stringid","9":"product_tag-donna-dream","10":"product_tag-obsessive","11":"pa_suurus-m-l","12":"pa_suurus-xl-xxl","13":"pa_suurus-xs-s","14":"pa_varvus-must","16":"first","17":"instock","18":"sold-individually","19":"taxable","20":"shipping-taxable","21":"purchasable","22":"product-type-variable"},"_links":{"self":[{"href":"https:\/\/pesu24.ee\/en\/wp-json\/wp\/v2\/product\/24222","targetHints":{"allow":["GET"]}}],"collection":[{"href":"https:\/\/pesu24.ee\/en\/wp-json\/wp\/v2\/product"}],"about":[{"href":"https:\/\/pesu24.ee\/en\/wp-json\/wp\/v2\/types\/product"}],"replies":[{"embeddable":true,"href":"https:\/\/pesu24.ee\/en\/wp-json\/wp\/v2\/comments?post=24222"}],"wp:featuredmedia":[{"embeddable":true,"href":"https:\/\/pesu24.ee\/en\/wp-json\/wp\/v2\/media\/24705"}],"wp:attachment":[{"href":"https:\/\/pesu24.ee\/en\/wp-json\/wp\/v2\/media?parent=24222"}],"wp:term":[{"taxonomy":"product_brand","embeddable":true,"href":"https:\/\/pesu24.ee\/en\/wp-json\/wp\/v2\/product_brand?post=24222"},{"taxonomy":"product_cat","embeddable":true,"href":"https:\/\/pesu24.ee\/en\/wp-json\/wp\/v2\/product_cat?post=24222"},{"taxonomy":"product_tag","embeddable":true,"href":"https:\/\/pesu24.ee\/en\/wp-json\/wp\/v2\/product_tag?post=24222"}],"curies":[{"name":"wp","href":"https:\/\/api.w.org\/{rel}","templated":true}]}}