{"id":24273,"date":"2025-12-07T00:01:14","date_gmt":"2025-12-06T21:01:14","guid":{"rendered":"https:\/\/pesu24.ee\/?post_type=product&#038;p=24273"},"modified":"2025-12-07T16:07:08","modified_gmt":"2025-12-07T13:07:08","slug":"stringid-axami-v-9898","status":"publish","type":"product","link":"https:\/\/pesu24.ee\/en\/stringid-puksikud\/stringid-axami-v-9898\/","title":{"rendered":"Stringid Axami V-9898"},"content":{"rendered":"<p><strong>Tutvustame Axami <a href=\"https:\/\/pesu24.ee\/en\/omadus\/love-cave\/\">Love Cave<\/a> kollektsiooni V-9898 stringe \u2013 t\u00f5elist meistriteost, mis on kujundatud naisele, kes teab, kuidas r\u00f5hutada oma sensuaalsust. Need bee\u017eid stringid on viimistletud delikaatse musta pitsiga, mis loob t\u00e4iusliku kontrasti ja r\u00f5hutab nende \u00fclimat seksikust.<\/strong><\/p>\n<p>Iga detail nendel stringidel on hoolikalt l\u00e4bim\u00f5eldud, et tagada suurep\u00e4rane istuvus ja mugavus. Ees olev kaunistus annab stringidele luksusliku ja naiseliku puudutuse, samas kui tagaosa elastne riba ja pehme t\u00fcll tagavad mugavuse ning ideaalse sobivuse. Nende stringidega tunned end kindlasti erilise ja v\u00f5rgutavana.<\/p>\n<p>Need stringid sobivad ideaalselt Axami <a href=\"https:\/\/pesu24.ee\/en\/topid-rinnahoidjad\/avatud-rinnahoidja-axami-v-9891\/\" target=\"_blank\" rel=\"noopener\">V-9891 rinnahoidja<\/a> ja Axami <a href=\"https:\/\/pesu24.ee\/en\/aksessuaarid\/sukavoo-axami-v-9892\/\" target=\"_blank\" rel=\"noopener\">V-9892 sukav\u00f6\u00f6ga<\/a>, luues koos tervikliku ja stiilse komplekti. \u00c4ra unusta lisada omale <a href=\"https:\/\/pesu24.ee\/en\/sukad\/\">meelep\u00e4rased sukad<\/a>, et viimistleda oma sensuaalne v\u00e4limus.<\/p>\n<p>Kui soovid lisada oma garderoobile killukese luksust ja seksikust, siis on Axami &#8220;Love Cave&#8221; kollektsiooni V-9898 stringid just see, mida otsid.<\/p>\n<div class=\"omadused\">\nDetails<\/p>\n<ul>\n<li>Komplektis: stringid<\/li>\n<li>V\u00e4rvus: bee\u017e \/ must<\/li>\n<li>Kaunistused: ees<\/li>\n<li>Kangas: 72% pol\u00fcamiid, 19% elastaan, 9% puuvill<\/li>\n<\/ul>\n<p><a href=\"https:\/\/pesu24.ee\/en\/omadus\/axami\/\" target=\"_blank\" rel=\"noopener\">Axami<\/a> kvaliteet ja elegants \u2013 tehtud neile, kes soovivad t\u00f5elist luksust.\n<\/div>\n<h2>Selle tootega sobivad kokku<\/h2>\n<div class=\"woocommerce columns-3\"><ul class=\"products columns-3\">\n<li class=\"product type-product post-26447 status-publish first instock product_cat-topid-rinnahoidjad product_tag-axami product_tag-love-cave has-post-thumbnail sold-individually taxable shipping-taxable purchasable product-type-variable woovr-active woovr-show-price\">\n\t<a href=\"https:\/\/pesu24.ee\/en\/topid-rinnahoidjad\/avatud-rinnahoidja-axami-v-9891\/\" class=\"woocommerce-LoopProduct-link woocommerce-loop-product__link\"><img loading=\"lazy\" decoding=\"async\" width=\"300\" height=\"426\" src=\"https:\/\/pesu24.ee\/wp-content\/uploads\/2025\/08\/axami-v-9891-300x426.jpg\" class=\"attachment-woocommerce_thumbnail size-woocommerce_thumbnail\" alt=\"Avatud rinnahoidja Axami V-9891\" srcset=\"https:\/\/pesu24.ee\/wp-content\/uploads\/2025\/08\/axami-v-9891-300x426.jpg 300w, https:\/\/pesu24.ee\/wp-content\/uploads\/2025\/08\/axami-v-9891-211x300.jpg 211w, https:\/\/pesu24.ee\/wp-content\/uploads\/2025\/08\/axami-v-9891-8x12.jpg 8w, https:\/\/pesu24.ee\/wp-content\/uploads\/2025\/08\/axami-v-9891-600x851.jpg 600w, https:\/\/pesu24.ee\/wp-content\/uploads\/2025\/08\/axami-v-9891.jpg 618w\" sizes=\"auto, (max-width: 300px) 100vw, 300px\" \/><div class=\"product-badges\">  <span class=\"badge badge--stock\"><span class=\"dot\" aria-hidden=\"true\"><\/span>Laos<\/span><\/div><h2 class=\"woocommerce-loop-product__title\">Avatud rinnahoidja Axami V-9891<\/h2>\n\t<span class=\"price\"><span class=\"woocommerce-Price-amount amount\"><bdi><span class=\"woocommerce-Price-currencySymbol\">&euro;<\/span>39.<span class=\"price-cents\">90<\/span><\/bdi><\/span><\/span>\n<\/a><a class=\"mw-size-hints mw-loop\" href=\"https:\/\/pesu24.ee\/en\/topid-rinnahoidjad\/avatud-rinnahoidja-axami-v-9891\/\" aria-label=\"Avatud rinnahoidja Axami V-9891 \u2013 vali suurus\"><div class=\"mw-sizes-line\"><span class=\"mw-sizes-label\">Size:<\/span> <span class=\"mw-sizes\"><span class=\"mw-size-badge\">S<\/span> <span class=\"mw-size-badge\">L<\/span> <span class=\"mw-size-badge\">XL<\/span><\/span><\/div><\/a><a href=\"https:\/\/pesu24.ee\/en\/topid-rinnahoidjad\/avatud-rinnahoidja-axami-v-9891\/\" aria-describedby=\"woocommerce_loop_add_to_cart_link_describedby_26447\" data-quantity=\"1\" class=\"button product_type_variable add_to_cart_button\" data-product_id=\"26447\" data-product_sku=\"\" aria-label=\"Select options for \u201cAvatud rinnahoidja Axami V-9891\u201d\" rel=\"nofollow\" data-no-translation-aria-label=\"\">Select size<\/a>\t<span id=\"woocommerce_loop_add_to_cart_link_describedby_26447\" class=\"screen-reader-text\">\n\t\tThis product has multiple variants. The options may be chosen on the product page\t<\/span>\n<\/li>\n<li class=\"product type-product post-27221 status-publish instock product_cat-sukahoidjad product_tag-axami product_tag-love-cave has-post-thumbnail sold-individually taxable shipping-taxable purchasable product-type-variable woovr-active woovr-show-price\">\n\t<a href=\"https:\/\/pesu24.ee\/en\/sukahoidjad\/sukavoo-axami-v-9892\/\" class=\"woocommerce-LoopProduct-link woocommerce-loop-product__link\"><img loading=\"lazy\" decoding=\"async\" width=\"300\" height=\"300\" src=\"https:\/\/pesu24.ee\/wp-content\/uploads\/2025\/08\/axami-v-9892-1-300x300.jpg\" class=\"attachment-woocommerce_thumbnail size-woocommerce_thumbnail\" alt=\"Sukav\u00f6\u00f6 Axami V-9892\" srcset=\"https:\/\/pesu24.ee\/wp-content\/uploads\/2025\/08\/axami-v-9892-1-300x300.jpg 300w, https:\/\/pesu24.ee\/wp-content\/uploads\/2025\/08\/axami-v-9892-1-150x150.jpg 150w, https:\/\/pesu24.ee\/wp-content\/uploads\/2025\/08\/axami-v-9892-1-768x768.jpg 768w, https:\/\/pesu24.ee\/wp-content\/uploads\/2025\/08\/axami-v-9892-1-12x12.jpg 12w, https:\/\/pesu24.ee\/wp-content\/uploads\/2025\/08\/axami-v-9892-1-160x160.jpg 160w, https:\/\/pesu24.ee\/wp-content\/uploads\/2025\/08\/axami-v-9892-1-320x320.jpg 320w, https:\/\/pesu24.ee\/wp-content\/uploads\/2025\/08\/axami-v-9892-1-600x600.jpg 600w, https:\/\/pesu24.ee\/wp-content\/uploads\/2025\/08\/axami-v-9892-1-100x100.jpg 100w, https:\/\/pesu24.ee\/wp-content\/uploads\/2025\/08\/axami-v-9892-1-135x135.jpg 135w, https:\/\/pesu24.ee\/wp-content\/uploads\/2025\/08\/axami-v-9892-1.jpg 900w\" sizes=\"auto, (max-width: 300px) 100vw, 300px\" \/><div class=\"product-badges\">  <span class=\"badge badge--stock\"><span class=\"dot\" aria-hidden=\"true\"><\/span>Laos<\/span><\/div><h2 class=\"woocommerce-loop-product__title\">Sukav\u00f6\u00f6 Axami V-9892<\/h2>\n\t<span class=\"price\"><span class=\"woocommerce-Price-amount amount\"><bdi><span class=\"woocommerce-Price-currencySymbol\">&euro;<\/span>29.<span class=\"price-cents\">90<\/span><\/bdi><\/span><\/span>\n<\/a><a class=\"mw-size-hints mw-loop\" href=\"https:\/\/pesu24.ee\/en\/sukahoidjad\/sukavoo-axami-v-9892\/\" aria-label=\"Sukav\u00f6\u00f6 Axami V-9892 \u2013 vali suurus\"><div class=\"mw-sizes-line\"><span class=\"mw-sizes-label\">Size:<\/span> <span class=\"mw-sizes\"><span class=\"mw-size-badge\">S<\/span> <span class=\"mw-size-badge\">L<\/span> <span class=\"mw-size-badge\">XL<\/span><\/span><\/div><\/a><a href=\"https:\/\/pesu24.ee\/en\/sukahoidjad\/sukavoo-axami-v-9892\/\" aria-describedby=\"woocommerce_loop_add_to_cart_link_describedby_27221\" data-quantity=\"1\" class=\"button product_type_variable add_to_cart_button\" data-product_id=\"27221\" data-product_sku=\"\" aria-label=\"Select options for \u201cSukav\u00f6\u00f6 Axami V-9892\u201d\" rel=\"nofollow\" data-no-translation-aria-label=\"\">Select size<\/a>\t<span id=\"woocommerce_loop_add_to_cart_link_describedby_27221\" class=\"screen-reader-text\">\n\t\tThis product has multiple variants. The options may be chosen on the product page\t<\/span>\n<\/li>\n<\/ul>\n<\/div>","protected":false},"excerpt":{"rendered":"<p>&#46;&#46;&#46;<\/p>","protected":false},"featured_media":24742,"comment_status":"open","ping_status":"closed","template":"","meta":{"_glsr_average":0,"_glsr_ranking":0,"_glsr_reviews":0},"product_brand":[502],"product_cat":[385],"product_tag":[333,445],"class_list":{"0":"post-24273","1":"product","2":"type-product","3":"status-publish","4":"has-post-thumbnail","6":"product_brand-axami","7":"product_cat-stringid-puksikud","8":"product_tag-axami","9":"product_tag-love-cave","10":"pa_suurus-l","11":"pa_suurus-m","12":"pa_suurus-s","13":"pa_suurus-xl","14":"pa_varvus-beez","15":"pa_varvus-must","17":"first","18":"instock","19":"sold-individually","20":"taxable","21":"shipping-taxable","22":"purchasable","23":"product-type-variable"},"_links":{"self":[{"href":"https:\/\/pesu24.ee\/en\/wp-json\/wp\/v2\/product\/24273","targetHints":{"allow":["GET"]}}],"collection":[{"href":"https:\/\/pesu24.ee\/en\/wp-json\/wp\/v2\/product"}],"about":[{"href":"https:\/\/pesu24.ee\/en\/wp-json\/wp\/v2\/types\/product"}],"replies":[{"embeddable":true,"href":"https:\/\/pesu24.ee\/en\/wp-json\/wp\/v2\/comments?post=24273"}],"wp:featuredmedia":[{"embeddable":true,"href":"https:\/\/pesu24.ee\/en\/wp-json\/wp\/v2\/media\/24742"}],"wp:attachment":[{"href":"https:\/\/pesu24.ee\/en\/wp-json\/wp\/v2\/media?parent=24273"}],"wp:term":[{"taxonomy":"product_brand","embeddable":true,"href":"https:\/\/pesu24.ee\/en\/wp-json\/wp\/v2\/product_brand?post=24273"},{"taxonomy":"product_cat","embeddable":true,"href":"https:\/\/pesu24.ee\/en\/wp-json\/wp\/v2\/product_cat?post=24273"},{"taxonomy":"product_tag","embeddable":true,"href":"https:\/\/pesu24.ee\/en\/wp-json\/wp\/v2\/product_tag?post=24273"}],"curies":[{"name":"wp","href":"https:\/\/api.w.org\/{rel}","templated":true}]}}