{"id":24277,"date":"2025-08-18T23:50:14","date_gmt":"2025-08-18T20:50:14","guid":{"rendered":"https:\/\/pesu24.ee\/?post_type=product&#038;p=24277"},"modified":"2025-09-22T13:44:51","modified_gmt":"2025-09-22T10:44:51","slug":"stringid-axami-v-9888","status":"publish","type":"product","link":"https:\/\/pesu24.ee\/en\/stringid-puksikud\/stringid-axami-v-9888\/","title":{"rendered":"Stringid Axami V-9888"},"content":{"rendered":"<p><strong>Tutvustame Axami <a href=\"https:\/\/pesu24.ee\/en\/omadus\/love-cave\/\">Love Cave<\/a> kollektsiooni V-9888 stringe \u2013 t\u00f5elist meistriteost, mis on kujundatud naisele, kes teab, kuidas r\u00f5hutada oma sensuaalsust. Need veripunased stringid on viimistletud delikaatse musta pitsiga, mis loob t\u00e4iusliku kontrasti ja r\u00f5hutab nende \u00fclimat seksikust.<\/strong><\/p>\n<p>Iga detail nendel stringidel on hoolikalt l\u00e4bim\u00f5eldud, et tagada suurep\u00e4rane istuvus ja mugavus. Ees olev kaunistus annab stringidele luksusliku ja naiseliku puudutuse, samas kui tagaosa elastne riba ja pehme t\u00fcll tagavad mugavuse ning ideaalse sobivuse. Nende stringidega tunned end kindlasti erilise ja v\u00f5rgutavana.<\/p>\n<p>Need stringid sobivad ideaalselt Axami <a href=\"https:\/\/pesu24.ee\/en\/topid-rinnahoidjad\/avatud-rinnahoidja-axami-v-9881\/\" target=\"_blank\" rel=\"noopener\">V-9881 rinnahoidja<\/a> ja Axami <a href=\"https:\/\/pesu24.ee\/en\/aksessuaarid\/sukavoo-axami-v-9882\/\" target=\"_blank\" rel=\"noopener\">V-9882 sukav\u00f6\u00f6ga<\/a>, luues koos tervikliku ja stiilse komplekti. \u00c4ra unusta lisada Axami <a href=\"https:\/\/pesu24.ee\/en\/sukad\/sukad-axami-pampero-v-7064\/\" target=\"_blank\" rel=\"noopener\">V-7064 sukki<\/a>, et viimistleda oma sensuaalne v\u00e4limus.<\/p>\n<p><span style=\"color: #008000;\"><strong>DETAILS<\/strong><\/span><\/p>\n<ul>\n<li>Komplektis: stringid<\/li>\n<li>V\u00e4rvus: punane \/ must<\/li>\n<li>Kaunistused: ees<\/li>\n<li>Kangas: 72% pol\u00fcamiid, 19% elastaan, 9% puuvill<\/li>\n<\/ul>\n<p><a href=\"https:\/\/pesu24.ee\/en\/omadus\/axami\/\" target=\"_blank\" rel=\"noopener\">Axami<\/a> kvaliteet ja elegants \u2013 tehtud neile, kes soovivad t\u00f5elist luksust.<\/p>","protected":false},"excerpt":{"rendered":"<p>&#46;&#46;&#46;<\/p>","protected":false},"featured_media":24749,"comment_status":"open","ping_status":"closed","template":"","meta":{"_glsr_average":0,"_glsr_ranking":0,"_glsr_reviews":0},"product_brand":[502],"product_cat":[385],"product_tag":[333,445],"class_list":{"0":"post-24277","1":"product","2":"type-product","3":"status-publish","4":"has-post-thumbnail","6":"product_brand-axami","7":"product_cat-stringid-puksikud","8":"product_tag-axami","9":"product_tag-love-cave","10":"pa_suurus-l","11":"pa_suurus-m","12":"pa_suurus-s","13":"pa_suurus-xl","14":"pa_varvus-must","15":"pa_varvus-punane","17":"first","18":"instock","19":"sold-individually","20":"taxable","21":"shipping-taxable","22":"purchasable","23":"product-type-variable"},"_links":{"self":[{"href":"https:\/\/pesu24.ee\/en\/wp-json\/wp\/v2\/product\/24277","targetHints":{"allow":["GET"]}}],"collection":[{"href":"https:\/\/pesu24.ee\/en\/wp-json\/wp\/v2\/product"}],"about":[{"href":"https:\/\/pesu24.ee\/en\/wp-json\/wp\/v2\/types\/product"}],"replies":[{"embeddable":true,"href":"https:\/\/pesu24.ee\/en\/wp-json\/wp\/v2\/comments?post=24277"}],"wp:featuredmedia":[{"embeddable":true,"href":"https:\/\/pesu24.ee\/en\/wp-json\/wp\/v2\/media\/24749"}],"wp:attachment":[{"href":"https:\/\/pesu24.ee\/en\/wp-json\/wp\/v2\/media?parent=24277"}],"wp:term":[{"taxonomy":"product_brand","embeddable":true,"href":"https:\/\/pesu24.ee\/en\/wp-json\/wp\/v2\/product_brand?post=24277"},{"taxonomy":"product_cat","embeddable":true,"href":"https:\/\/pesu24.ee\/en\/wp-json\/wp\/v2\/product_cat?post=24277"},{"taxonomy":"product_tag","embeddable":true,"href":"https:\/\/pesu24.ee\/en\/wp-json\/wp\/v2\/product_tag?post=24277"}],"curies":[{"name":"wp","href":"https:\/\/api.w.org\/{rel}","templated":true}]}}