{"id":24294,"date":"2025-08-18T23:50:37","date_gmt":"2025-08-18T20:50:37","guid":{"rendered":"https:\/\/pesu24.ee\/?post_type=product&#038;p=24294"},"modified":"2025-08-21T16:12:50","modified_gmt":"2025-08-21T13:12:50","slug":"puksik-stringid-axami-v-9853","status":"publish","type":"product","link":"https:\/\/pesu24.ee\/en\/stringid-puksikud\/puksik-stringid-axami-v-9853\/","title":{"rendered":"P\u00fcksik-stringid Axami V-9853"},"content":{"rendered":"<p><strong>V\u00f5rguta ja lumma Axami V-9853 p\u00fcksik-stringidega, mis kuuluvad luksuslikku <a href=\"https:\/\/pesu24.ee\/en\/omadus\/love-cave\/\" target=\"_blank\" rel=\"noopener\">Love Cave<\/a> kollektsiooni. <\/strong><\/p>\n<p>Need mustad p\u00fcksikud paistavad silma oma originaalse l\u00f5ikega, mis j\u00e4tab tuharad paljaks, samas kui k\u00fcljed on kaetud. P\u00fcksikute esiosa on kaunistatud satiinilaadsest kangast lehvikukujulise kaunistusega, mis lisab erilise elegantsuse.<\/p>\n<p>Selle ainulaadse l\u00f5ike ja kaunistustega toote abil saate n\u00e4idata oma julget ja sensuaalset poolt.<\/p>\n<p>T\u00e4iusliku komplekti loomiseks kombineeri need p\u00fcksikud Axami <a href=\"https:\/\/pesu24.ee\/en\/topid-rinnahoidjad\/rinnahoidja-axami-v-9851\/\">V-9851 rinnahoidjaga<\/a> samast Love Cave kollektsioonist.<\/p>\n<p><span style=\"color: #008000;\"><strong>DETAILS<\/strong><\/span><\/p>\n<ul>\n<li>Komplektis: P\u00fcksik-stringid<\/li>\n<li>Kangas: Kvaliteetne ja veniv materjal<\/li>\n<li>L\u00e4bipaistev osa: \u00dclemine osa<\/li>\n<li>Eritunnus: Tuharad paljad<\/li>\n<li>Eesmine kaunistus: Lehvikukujuline satiinilaadne kaunistus<\/li>\n<li>Kangas: 86% pol\u00fcamiid, 9% elastaan, 5% puuvill<\/li>\n<\/ul>\n<p>Saadaval suurustes: XS kuni XL. Kui sobilikku suurust nimekirjas ei ole, siis toode on saanud laost otsa. Sel juhul kirjutada support@pesu24.ee<\/p>","protected":false},"excerpt":{"rendered":"<p>&#46;&#46;&#46;<\/p>","protected":false},"featured_media":24758,"comment_status":"open","ping_status":"closed","template":"","meta":{"_glsr_average":0,"_glsr_ranking":0,"_glsr_reviews":0},"product_brand":[502],"product_cat":[385],"product_tag":[333,445],"class_list":{"0":"post-24294","1":"product","2":"type-product","3":"status-publish","4":"has-post-thumbnail","6":"product_brand-axami","7":"product_cat-stringid-puksikud","8":"product_tag-axami","9":"product_tag-love-cave","10":"pa_suurus-l","11":"pa_suurus-m","12":"pa_suurus-s","13":"pa_suurus-xl","14":"pa_varvus-must","16":"first","17":"instock","18":"sold-individually","19":"taxable","20":"shipping-taxable","21":"purchasable","22":"product-type-variable"},"_links":{"self":[{"href":"https:\/\/pesu24.ee\/en\/wp-json\/wp\/v2\/product\/24294","targetHints":{"allow":["GET"]}}],"collection":[{"href":"https:\/\/pesu24.ee\/en\/wp-json\/wp\/v2\/product"}],"about":[{"href":"https:\/\/pesu24.ee\/en\/wp-json\/wp\/v2\/types\/product"}],"replies":[{"embeddable":true,"href":"https:\/\/pesu24.ee\/en\/wp-json\/wp\/v2\/comments?post=24294"}],"wp:featuredmedia":[{"embeddable":true,"href":"https:\/\/pesu24.ee\/en\/wp-json\/wp\/v2\/media\/24758"}],"wp:attachment":[{"href":"https:\/\/pesu24.ee\/en\/wp-json\/wp\/v2\/media?parent=24294"}],"wp:term":[{"taxonomy":"product_brand","embeddable":true,"href":"https:\/\/pesu24.ee\/en\/wp-json\/wp\/v2\/product_brand?post=24294"},{"taxonomy":"product_cat","embeddable":true,"href":"https:\/\/pesu24.ee\/en\/wp-json\/wp\/v2\/product_cat?post=24294"},{"taxonomy":"product_tag","embeddable":true,"href":"https:\/\/pesu24.ee\/en\/wp-json\/wp\/v2\/product_tag?post=24294"}],"curies":[{"name":"wp","href":"https:\/\/api.w.org\/{rel}","templated":true}]}}