{"id":24296,"date":"2025-08-18T23:50:37","date_gmt":"2025-08-18T20:50:37","guid":{"rendered":"https:\/\/pesu24.ee\/?post_type=product&#038;p=24296"},"modified":"2025-11-18T11:16:47","modified_gmt":"2025-11-18T08:16:47","slug":"lateksilaadsed-stringid-axami-v-9878","status":"publish","type":"product","link":"https:\/\/pesu24.ee\/en\/stringid-puksikud\/lateksilaadsed-stringid-axami-v-9878\/","title":{"rendered":"Lateksilaadsed stringid Axami V-9878"},"content":{"rendered":"<p><strong><a href=\"https:\/\/pesu24.ee\/en\/omadus\/love-cave\/\" target=\"_blank\" rel=\"noopener\">Love Cave<\/a> pesukollektsiooni kuuluvad Stringid Axami V-9878 on julge ja stiilne valik igaks p\u00e4evaks. Musta v\u00e4rvi lateksilaadne materjal annab sensuaalse ja luksusliku tunde.<\/strong><\/p>\n<p>K\u00fclgedel olevad topelt paelad ning eesmine kuldne lukuga kaunistus teevad sellest tootest t\u00f5elise pilgup\u00fc\u00fcdja.<\/p>\n<p><span style=\"color: #008000;\"><strong>DETAILS<\/strong><\/span><\/p>\n<ul>\n<li>V\u00e4rvus: must<\/li>\n<li>Eriomadus: Kuldne lukk ees ja topelt paelad k\u00fclgedel<\/li>\n<li>Materjal: 70% pol\u00fcester, 19% pol\u00fcamiid, 6% elastaan, 5% puuvill<\/li>\n<li>Elastsus: v\u00e4ga elastsed paelad<\/li>\n<\/ul>\n<p>Toode on saadaval suurustes XS kuni XL (vaata allolevat m\u00f5\u00f5tude tabelit). Kui sobivat suurust hetkel saadaval ei ole, siis kirjuta julgelt support@pesu24.ee. Toode sobib kokku tootefotodel olevate V-9871 <a href=\"https:\/\/pesu24.ee\/en\/topid-rinnahoidjad\/avatud-lateksilaadne-rinnahoidja-axami-v-9871\/\" target=\"_blank\" rel=\"noopener\">avatud rinnahoidjaga<\/a>.<\/p>","protected":false},"excerpt":{"rendered":"<p>&#46;&#46;&#46;<\/p>","protected":false},"featured_media":24763,"comment_status":"open","ping_status":"closed","template":"","meta":{"_glsr_average":0,"_glsr_ranking":0,"_glsr_reviews":0},"product_brand":[502],"product_cat":[385],"product_tag":[333,445],"class_list":{"0":"post-24296","1":"product","2":"type-product","3":"status-publish","4":"has-post-thumbnail","6":"product_brand-axami","7":"product_cat-stringid-puksikud","8":"product_tag-axami","9":"product_tag-love-cave","10":"pa_suurus-l","11":"pa_suurus-m","12":"pa_suurus-s","13":"pa_suurus-xl","14":"pa_varvus-must","16":"first","17":"instock","18":"sold-individually","19":"taxable","20":"shipping-taxable","21":"purchasable","22":"product-type-variable"},"_links":{"self":[{"href":"https:\/\/pesu24.ee\/en\/wp-json\/wp\/v2\/product\/24296","targetHints":{"allow":["GET"]}}],"collection":[{"href":"https:\/\/pesu24.ee\/en\/wp-json\/wp\/v2\/product"}],"about":[{"href":"https:\/\/pesu24.ee\/en\/wp-json\/wp\/v2\/types\/product"}],"replies":[{"embeddable":true,"href":"https:\/\/pesu24.ee\/en\/wp-json\/wp\/v2\/comments?post=24296"}],"wp:featuredmedia":[{"embeddable":true,"href":"https:\/\/pesu24.ee\/en\/wp-json\/wp\/v2\/media\/24763"}],"wp:attachment":[{"href":"https:\/\/pesu24.ee\/en\/wp-json\/wp\/v2\/media?parent=24296"}],"wp:term":[{"taxonomy":"product_brand","embeddable":true,"href":"https:\/\/pesu24.ee\/en\/wp-json\/wp\/v2\/product_brand?post=24296"},{"taxonomy":"product_cat","embeddable":true,"href":"https:\/\/pesu24.ee\/en\/wp-json\/wp\/v2\/product_cat?post=24296"},{"taxonomy":"product_tag","embeddable":true,"href":"https:\/\/pesu24.ee\/en\/wp-json\/wp\/v2\/product_tag?post=24296"}],"curies":[{"name":"wp","href":"https:\/\/api.w.org\/{rel}","templated":true}]}}