{"id":24312,"date":"2025-08-18T23:51:00","date_gmt":"2025-08-18T20:51:00","guid":{"rendered":"https:\/\/pesu24.ee\/?post_type=product&#038;p=24312"},"modified":"2025-09-22T14:34:55","modified_gmt":"2025-09-22T11:34:55","slug":"puksikud-obsessive-rosenty","status":"publish","type":"product","link":"https:\/\/pesu24.ee\/en\/stringid-puksikud\/puksikud-obsessive-rosenty\/","title":{"rendered":"P\u00fcksikud Obsessive Rosenty"},"content":{"rendered":"<p>Obsessive Rosenty on sensuaalsed ja elegantse disainiga p\u00fcksikud, mis on loodud selleks, et naised tunneksid end erilisena igap\u00e4evastes ja intiimsetes olukordades. Need p\u00fcksikud on ideaalseks valikuks naistele, kes soovivad \u00fchendada mugavust, luksust ja sensuaalsust oma pesuvalikus.<\/p>\n<p>P\u00fcksikud on valmistatud kvaliteetsest ja pehmest kangast, mis tagab mugavuse kandmise ajal. Materjal on meeldiv nahal ning hingav, mis muudab need sobivaks igap\u00e4evaseks kasutamiseks.<\/p>\n<p>Tutvuge ka teiste <a href=\"https:\/\/pesu24.ee\/en\/omadus\/obsessive-rosenty\/\">Obsessive Rosenty<\/a> pesukollektsiooni toodetega.<\/p>\n<p><span style=\"color: #008000;\"><strong>KOMPLEKT SISALDAB:<\/strong><\/span><\/p>\n<ul>\n<li>p\u00fcksikud<\/li>\n<\/ul>\n<p><span style=\"color: #008000;\"><strong>DETAILS:<\/strong><\/span><\/p>\n<ul>\n<li>figuuri r\u00f5hutavad p\u00fcksikud<\/li>\n<li>kaunistatud roosimotiivilise pitsiga<\/li>\n<li>mugav &amp; elastne kangas (90% pol\u00fcamiid &amp; 10% elastaan)<\/li>\n<\/ul>","protected":false},"excerpt":{"rendered":"<p>&#46;&#46;&#46;<\/p>","protected":false},"featured_media":24769,"comment_status":"open","ping_status":"closed","template":"","meta":{"_glsr_average":0,"_glsr_ranking":0,"_glsr_reviews":0},"product_brand":[500],"product_cat":[385],"product_tag":[160,455],"class_list":{"0":"post-24312","1":"product","2":"type-product","3":"status-publish","4":"has-post-thumbnail","6":"product_brand-obsessive","7":"product_cat-stringid-puksikud","8":"product_tag-obsessive","9":"product_tag-obsessive-rosenty","10":"pa_suurus-m-l","11":"pa_suurus-xl-xxl","12":"pa_suurus-xs-s","13":"pa_varvus-must","14":"pa_varvus-punane","16":"first","17":"instock","18":"sold-individually","19":"taxable","20":"shipping-taxable","21":"purchasable","22":"product-type-variable"},"_links":{"self":[{"href":"https:\/\/pesu24.ee\/en\/wp-json\/wp\/v2\/product\/24312","targetHints":{"allow":["GET"]}}],"collection":[{"href":"https:\/\/pesu24.ee\/en\/wp-json\/wp\/v2\/product"}],"about":[{"href":"https:\/\/pesu24.ee\/en\/wp-json\/wp\/v2\/types\/product"}],"replies":[{"embeddable":true,"href":"https:\/\/pesu24.ee\/en\/wp-json\/wp\/v2\/comments?post=24312"}],"wp:featuredmedia":[{"embeddable":true,"href":"https:\/\/pesu24.ee\/en\/wp-json\/wp\/v2\/media\/24769"}],"wp:attachment":[{"href":"https:\/\/pesu24.ee\/en\/wp-json\/wp\/v2\/media?parent=24312"}],"wp:term":[{"taxonomy":"product_brand","embeddable":true,"href":"https:\/\/pesu24.ee\/en\/wp-json\/wp\/v2\/product_brand?post=24312"},{"taxonomy":"product_cat","embeddable":true,"href":"https:\/\/pesu24.ee\/en\/wp-json\/wp\/v2\/product_cat?post=24312"},{"taxonomy":"product_tag","embeddable":true,"href":"https:\/\/pesu24.ee\/en\/wp-json\/wp\/v2\/product_tag?post=24312"}],"curies":[{"name":"wp","href":"https:\/\/api.w.org\/{rel}","templated":true}]}}