{"id":24313,"date":"2025-08-18T23:51:00","date_gmt":"2025-08-18T20:51:00","guid":{"rendered":"https:\/\/pesu24.ee\/?post_type=product&#038;p=24313"},"modified":"2025-08-21T14:26:19","modified_gmt":"2025-08-21T11:26:19","slug":"stringid-axami-v-9848","status":"publish","type":"product","link":"https:\/\/pesu24.ee\/en\/stringid-puksikud\/stringid-axami-v-9848\/","title":{"rendered":"Stringid Axami V-9848"},"content":{"rendered":"<p><strong>Esitle ennast enesekindlalt ja sensuaalselt Axami V-9848 avatud stringidega. Nende vapustavalt kujundatud stringidega, mis kuuluvad k\u00fctkestavasse <a href=\"https:\/\/pesu24.ee\/en\/omadus\/love-cave\/\" target=\"_blank\" rel=\"noopener\">Love Cave<\/a> kollektsiooni, tunned end erakordselt ahvatlevalt ja naiselikult. <\/strong><\/p>\n<p>Valmistatud pooll\u00e4bipaistvast mustast pitsist ja t\u00fcllist, mida r\u00f5hutab elegantne ja elastne kangas, on need stringid t\u00f5eline pilgup\u00fc\u00fcdja. Tagumist osa kaunistavad neli \u00f5rna paela, mis loovad tuharaid r\u00f5hutava kombinatsiooni, andes lisaks unikaalse ja intrigeeriva ilme.<\/p>\n<p>Need stringid on disainitud nii, et sobiksid suurep\u00e4raselt kokku Love Cave kollektsiooni avatud <a href=\"https:\/\/pesu24.ee\/en\/topid-rinnahoidjad\/avatud-rinnahoidja-axami-v-9841\/\" target=\"_blank\" rel=\"noopener\">rinnahoidjaga V-9841<\/a> ja tootefotodel kujutatud isehoidvate sukkadega <a href=\"https:\/\/pesu24.ee\/en\/sukad\/sukad-axami-v-5204\/\" target=\"_blank\" rel=\"noopener\">Axami V-5204<\/a>. Need stringid on ideaalne valik neile, kes soovivad luua tervikliku ja lummava komplekti.<\/p>\n<p><span style=\"color: #008000;\"><strong>DETAILS<\/strong><\/span><\/p>\n<ul>\n<li>V\u00e4rvus: must<\/li>\n<li>Kanga t\u00fc\u00fcp: Pooll\u00e4bipaistev pits ja t\u00fcll<\/li>\n<li>Tagumine disain: Neli paela, t\u00fclle ruudukujuline kujundus<\/li>\n<li>Materjal: 74% pol\u00fcamiid, 14% puuvill, 12% elastaan<\/li>\n<\/ul>\n<p>Soovitatav kombineerida avatud rinnahoidjaga V-9841 ja sukkadega V-5204.<\/p>","protected":false},"excerpt":{"rendered":"<p>&#46;&#46;&#46;<\/p>","protected":false},"featured_media":24779,"comment_status":"open","ping_status":"closed","template":"","meta":{"_glsr_average":0,"_glsr_ranking":0,"_glsr_reviews":0},"product_brand":[502],"product_cat":[385],"product_tag":[333,445],"class_list":{"0":"post-24313","1":"product","2":"type-product","3":"status-publish","4":"has-post-thumbnail","6":"product_brand-axami","7":"product_cat-stringid-puksikud","8":"product_tag-axami","9":"product_tag-love-cave","10":"pa_suurus-l","11":"pa_suurus-m","12":"pa_suurus-s","13":"pa_suurus-xl","14":"pa_varvus-must","16":"first","17":"instock","18":"sold-individually","19":"taxable","20":"shipping-taxable","21":"purchasable","22":"product-type-variable"},"_links":{"self":[{"href":"https:\/\/pesu24.ee\/en\/wp-json\/wp\/v2\/product\/24313","targetHints":{"allow":["GET"]}}],"collection":[{"href":"https:\/\/pesu24.ee\/en\/wp-json\/wp\/v2\/product"}],"about":[{"href":"https:\/\/pesu24.ee\/en\/wp-json\/wp\/v2\/types\/product"}],"replies":[{"embeddable":true,"href":"https:\/\/pesu24.ee\/en\/wp-json\/wp\/v2\/comments?post=24313"}],"wp:featuredmedia":[{"embeddable":true,"href":"https:\/\/pesu24.ee\/en\/wp-json\/wp\/v2\/media\/24779"}],"wp:attachment":[{"href":"https:\/\/pesu24.ee\/en\/wp-json\/wp\/v2\/media?parent=24313"}],"wp:term":[{"taxonomy":"product_brand","embeddable":true,"href":"https:\/\/pesu24.ee\/en\/wp-json\/wp\/v2\/product_brand?post=24313"},{"taxonomy":"product_cat","embeddable":true,"href":"https:\/\/pesu24.ee\/en\/wp-json\/wp\/v2\/product_cat?post=24313"},{"taxonomy":"product_tag","embeddable":true,"href":"https:\/\/pesu24.ee\/en\/wp-json\/wp\/v2\/product_tag?post=24313"}],"curies":[{"name":"wp","href":"https:\/\/api.w.org\/{rel}","templated":true}]}}