{"id":24324,"date":"2025-08-18T23:51:28","date_gmt":"2025-08-18T20:51:28","guid":{"rendered":"https:\/\/pesu24.ee\/?post_type=product&#038;p=24324"},"modified":"2025-11-05T13:39:43","modified_gmt":"2025-11-05T10:39:43","slug":"stringid-axami-v-9833","status":"publish","type":"product","link":"https:\/\/pesu24.ee\/en\/stringid-puksikud\/stringid-axami-v-9833\/","title":{"rendered":"Stringid Axami V-9833"},"content":{"rendered":"<p><strong>Tutvu Axami V-9833 stringidega, mis on osa luksuslikust <a href=\"https:\/\/pesu24.ee\/en\/omadus\/love-cave\/\" target=\"_blank\" rel=\"noopener\">Love Cave<\/a> kollektsioonist. Need stringid on disainitud naise keha ilu r\u00f5hutamiseks ja selle parimaid k\u00fclgi esile t\u00f5stma. <\/strong><\/p>\n<p>Kvaliteetne must kangas, mis on kaunistatud elegantse kuldse tikandiga, loob vastupandamatu ilme. Elastne kangas tagab mugavuse ning tagant avatud disain lisab veelgi seksikust.<\/p>\n<p>T\u00e4nu peenele s\u00e4ravale pitsile ees ja \u00f5rnale t\u00fcllile k\u00fclgedel saavutavad need stringid t\u00e4iuslikkuse.<\/p>\n<p><span style=\"color: #008000;\"><strong>DETAILS<\/strong><\/span><\/p>\n<ul>\n<li>V\u00e4rvus: must, kuldse tikandiga<\/li>\n<li>Disain: Tagant avatud, esiosa s\u00e4rava pitsiga, k\u00fcljed \u00f5rnast t\u00fcllist<\/li>\n<li>Materjal: 87% pol\u00fcamiid, 11% elastaan<\/li>\n<li>Kollektsioon: Love Cave<\/li>\n<li>Sobivus: Ideaalne kombineerimiseks Axami V-9831 rinnahoidjaga<\/li>\n<\/ul>\n<p>Kombineeri neid <a href=\"https:\/\/pesu24.ee\/en\/topid-rinnahoidjad\/avatud-rinnahoidja-axami-v-9831\/\" target=\"_blank\" rel=\"noopener\">Axami V-9831 rinnahoidjaga<\/a> ning tunne end sensuaalse ja enesekindlana igas olukorras.<\/p>","protected":false},"excerpt":{"rendered":"<p>&#46;&#46;&#46;<\/p>","protected":false},"featured_media":24788,"comment_status":"open","ping_status":"closed","template":"","meta":{"_glsr_average":0,"_glsr_ranking":0,"_glsr_reviews":0},"product_brand":[502],"product_cat":[385],"product_tag":[333,445],"class_list":{"0":"post-24324","1":"product","2":"type-product","3":"status-publish","4":"has-post-thumbnail","6":"product_brand-axami","7":"product_cat-stringid-puksikud","8":"product_tag-axami","9":"product_tag-love-cave","10":"pa_suurus-l","11":"pa_suurus-m","12":"pa_suurus-s","13":"pa_suurus-xl","14":"pa_varvus-must","16":"first","17":"instock","18":"sold-individually","19":"taxable","20":"shipping-taxable","21":"purchasable","22":"product-type-variable"},"_links":{"self":[{"href":"https:\/\/pesu24.ee\/en\/wp-json\/wp\/v2\/product\/24324","targetHints":{"allow":["GET"]}}],"collection":[{"href":"https:\/\/pesu24.ee\/en\/wp-json\/wp\/v2\/product"}],"about":[{"href":"https:\/\/pesu24.ee\/en\/wp-json\/wp\/v2\/types\/product"}],"replies":[{"embeddable":true,"href":"https:\/\/pesu24.ee\/en\/wp-json\/wp\/v2\/comments?post=24324"}],"wp:featuredmedia":[{"embeddable":true,"href":"https:\/\/pesu24.ee\/en\/wp-json\/wp\/v2\/media\/24788"}],"wp:attachment":[{"href":"https:\/\/pesu24.ee\/en\/wp-json\/wp\/v2\/media?parent=24324"}],"wp:term":[{"taxonomy":"product_brand","embeddable":true,"href":"https:\/\/pesu24.ee\/en\/wp-json\/wp\/v2\/product_brand?post=24324"},{"taxonomy":"product_cat","embeddable":true,"href":"https:\/\/pesu24.ee\/en\/wp-json\/wp\/v2\/product_cat?post=24324"},{"taxonomy":"product_tag","embeddable":true,"href":"https:\/\/pesu24.ee\/en\/wp-json\/wp\/v2\/product_tag?post=24324"}],"curies":[{"name":"wp","href":"https:\/\/api.w.org\/{rel}","templated":true}]}}