{"id":24340,"date":"2025-08-18T23:52:11","date_gmt":"2025-08-18T20:52:11","guid":{"rendered":"https:\/\/pesu24.ee\/?post_type=product&#038;p=24340"},"modified":"2025-11-18T01:26:29","modified_gmt":"2025-11-17T22:26:29","slug":"avatud-stringid-axami-v-9863","status":"publish","type":"product","link":"https:\/\/pesu24.ee\/en\/stringid-puksikud\/avatud-stringid-axami-v-9863\/","title":{"rendered":"Avatud stringid Axami V-9863"},"content":{"rendered":"<p><strong>V\u00f5tke endale aega nautida erilist luksust Axami <a href=\"https:\/\/pesu24.ee\/en\/omadus\/love-cave\/\" target=\"_blank\" rel=\"noopener\">Love Cave<\/a> kollektsioonist. V-9863 avatud stringid pakuvad v\u00f5imalust lasta fantaasial lennata ja kogeda t\u00f5elist naudingut. Must l\u00e4bipaistev pits sulandub tagumisel osal t\u00fclli, luues seel\u00e4bi ainulaadse ja pilkup\u00fc\u00fcdva disaini. Ees ja taga kaunistavad stringe satiinist lipsukesed, lisades nii elegantsi kui v\u00f5lu.<\/strong><\/p>\n<p>Elastsed rihmad jalgevahes tagavad mugavuse, samal ajal kui avatud esi- ja tagumine osa muudavad selle toote ideaalseks erilisteks hetkedeks. \u00dchendage see toode <a href=\"https:\/\/pesu24.ee\/en\/topid-rinnahoidjad\/avatud-rinnahoidja-axami-v-9861\/\" target=\"_blank\" rel=\"noopener\">Axami V-9861<\/a> avatud rinnahoidja v\u00f5i <a href=\"https:\/\/pesu24.ee\/en\/bodyd\/tumemust-rake-bodi-axami-v-9866\/\" target=\"_blank\" rel=\"noopener\">V-9866 tumemusta rake-bodiga<\/a>, et luua t\u00e4iuslik komplekt.<\/p>\n<p><span style=\"color: #008000;\"><strong>DETAILS<\/strong><\/span><\/p>\n<ul>\n<li>V\u00e4rvus: Must l\u00e4bipaistev pits<\/li>\n<li>Aksessuaarid: ees ja taga satiinist lipsuke<\/li>\n<li>Muu: avatud esi- ja tagumine jalgevahe<\/li>\n<li>Materjal: 92% pol\u00fcamiid, 8% elastaan<\/li>\n<li>Kangas: Elastne, mugav kanda, sobib ideaalselt<\/li>\n<\/ul>\n<p>Axami V-9863 avatud stringid on t\u00e4iuslik valik neile, kes soovivad \u00fchendada mugavuse ja stiili, lastes samal ajal fantaasial vabalt lennata.<\/p>","protected":false},"excerpt":{"rendered":"<p>&#46;&#46;&#46;<\/p>","protected":false},"featured_media":24795,"comment_status":"open","ping_status":"closed","template":"","meta":{"_glsr_average":0,"_glsr_ranking":0,"_glsr_reviews":0},"product_brand":[502],"product_cat":[385],"product_tag":[392,333,445],"class_list":{"0":"post-24340","1":"product","2":"type-product","3":"status-publish","4":"has-post-thumbnail","6":"product_brand-axami","7":"product_cat-stringid-puksikud","8":"product_tag-avatud-stringid","9":"product_tag-axami","10":"product_tag-love-cave","11":"pa_suurus-l","12":"pa_suurus-m","13":"pa_suurus-s","14":"pa_suurus-xl","15":"pa_varvus-must","17":"first","18":"instock","19":"sold-individually","20":"taxable","21":"shipping-taxable","22":"purchasable","23":"product-type-variable"},"_links":{"self":[{"href":"https:\/\/pesu24.ee\/en\/wp-json\/wp\/v2\/product\/24340","targetHints":{"allow":["GET"]}}],"collection":[{"href":"https:\/\/pesu24.ee\/en\/wp-json\/wp\/v2\/product"}],"about":[{"href":"https:\/\/pesu24.ee\/en\/wp-json\/wp\/v2\/types\/product"}],"replies":[{"embeddable":true,"href":"https:\/\/pesu24.ee\/en\/wp-json\/wp\/v2\/comments?post=24340"}],"wp:featuredmedia":[{"embeddable":true,"href":"https:\/\/pesu24.ee\/en\/wp-json\/wp\/v2\/media\/24795"}],"wp:attachment":[{"href":"https:\/\/pesu24.ee\/en\/wp-json\/wp\/v2\/media?parent=24340"}],"wp:term":[{"taxonomy":"product_brand","embeddable":true,"href":"https:\/\/pesu24.ee\/en\/wp-json\/wp\/v2\/product_brand?post=24340"},{"taxonomy":"product_cat","embeddable":true,"href":"https:\/\/pesu24.ee\/en\/wp-json\/wp\/v2\/product_cat?post=24340"},{"taxonomy":"product_tag","embeddable":true,"href":"https:\/\/pesu24.ee\/en\/wp-json\/wp\/v2\/product_tag?post=24340"}],"curies":[{"name":"wp","href":"https:\/\/api.w.org\/{rel}","templated":true}]}}