{"id":24342,"date":"2025-08-18T23:52:11","date_gmt":"2025-08-18T20:52:11","guid":{"rendered":"https:\/\/pesu24.ee\/?post_type=product&#038;p=24342"},"modified":"2025-08-20T14:53:03","modified_gmt":"2025-08-20T11:53:03","slug":"puksikud-obsessive-serafia","status":"publish","type":"product","link":"https:\/\/pesu24.ee\/en\/stringid-puksikud\/puksikud-obsessive-serafia\/","title":{"rendered":"P\u00fcksikud Obsessive Serafia"},"content":{"rendered":"<p>Obsessive Serafia p\u00fcksikud on v\u00f5luvad ja sensuaalsed mis toovad esile teie naiseliku v\u00f5lu. Need p\u00fcksikud on valmistatud pehmest materjalist ja neil on detailirohked pitsist \u00f5ieaktsendid, mis lisavad elegantsi ja romantilisust.<\/p>\n<p>Serafia p\u00fcksikud on loodud mugavust ja stiili silmas pidades ning neil on veidi k\u00f5rgem l\u00f5ige, mis r\u00f5hutavad teie imelist figuuri. Need p\u00fcksikud on ideaalne valik nii igap\u00e4evaseks kandmiseks kui ka erilisteks hetkedeks partneriga.<\/p>\n<p>Tutvuge ka teiste <a href=\"https:\/\/pesu24.ee\/en\/omadus\/obsessive-serafia\/\">Obsessive Serafia<\/a> pesukollektsiooni toodetega.<\/p>\n<p><span style=\"color: #008000;\"><strong>KOMPLEKT SISALDAB:<\/strong><\/span><\/p>\n<ul>\n<li>p\u00fcksikud<\/li>\n<\/ul>\n<p><span style=\"color: #008000;\"><strong>DETAILS:<\/strong><\/span><\/p>\n<ul>\n<li>sensuaalse disainiga<\/li>\n<li>tuharaid r\u00f5hutavad<\/li>\n<li>kaunistatud lillemotiivilise pitsiga<\/li>\n<li>ees ripats<\/li>\n<li>mugav &amp; elastne kangas (90% pol\u00fcamiid &amp; 10% elastaan)<\/li>\n<\/ul>","protected":false},"excerpt":{"rendered":"<p>&#46;&#46;&#46;<\/p>","protected":false},"featured_media":24803,"comment_status":"open","ping_status":"closed","template":"","meta":{"_glsr_average":0,"_glsr_ranking":0,"_glsr_reviews":0},"product_brand":[500],"product_cat":[385],"product_tag":[160,457],"class_list":{"0":"post-24342","1":"product","2":"type-product","3":"status-publish","4":"has-post-thumbnail","6":"product_brand-obsessive","7":"product_cat-stringid-puksikud","8":"product_tag-obsessive","9":"product_tag-obsessive-serafia","10":"pa_suurus-m-l","11":"pa_suurus-xl-xxl","12":"pa_suurus-xs-s","13":"pa_varvus-must","15":"first","16":"instock","17":"sold-individually","18":"taxable","19":"shipping-taxable","20":"purchasable","21":"product-type-variable"},"_links":{"self":[{"href":"https:\/\/pesu24.ee\/en\/wp-json\/wp\/v2\/product\/24342","targetHints":{"allow":["GET"]}}],"collection":[{"href":"https:\/\/pesu24.ee\/en\/wp-json\/wp\/v2\/product"}],"about":[{"href":"https:\/\/pesu24.ee\/en\/wp-json\/wp\/v2\/types\/product"}],"replies":[{"embeddable":true,"href":"https:\/\/pesu24.ee\/en\/wp-json\/wp\/v2\/comments?post=24342"}],"wp:featuredmedia":[{"embeddable":true,"href":"https:\/\/pesu24.ee\/en\/wp-json\/wp\/v2\/media\/24803"}],"wp:attachment":[{"href":"https:\/\/pesu24.ee\/en\/wp-json\/wp\/v2\/media?parent=24342"}],"wp:term":[{"taxonomy":"product_brand","embeddable":true,"href":"https:\/\/pesu24.ee\/en\/wp-json\/wp\/v2\/product_brand?post=24342"},{"taxonomy":"product_cat","embeddable":true,"href":"https:\/\/pesu24.ee\/en\/wp-json\/wp\/v2\/product_cat?post=24342"},{"taxonomy":"product_tag","embeddable":true,"href":"https:\/\/pesu24.ee\/en\/wp-json\/wp\/v2\/product_tag?post=24342"}],"curies":[{"name":"wp","href":"https:\/\/api.w.org\/{rel}","templated":true}]}}