{"id":24360,"date":"2025-08-18T23:52:47","date_gmt":"2025-08-18T20:52:47","guid":{"rendered":"https:\/\/pesu24.ee\/?post_type=product&#038;p=24360"},"modified":"2026-03-30T13:25:40","modified_gmt":"2026-03-30T11:25:40","slug":"avatud-stringid-obsessive-medilla","status":"publish","type":"product","link":"https:\/\/pesu24.ee\/en\/stringid-puksikud\/avatud-stringid-obsessive-medilla\/","title":{"rendered":"Avatud stringid Obsessive Medilla"},"content":{"rendered":"<p>Obsessive Medilla avatud stringid on loodud selleks, et tuua esile teie erilisust ja julget enesekindlust.\u00a0Stringide disain on \u00fclimalt ahvatlev ja k\u00fctkestav ning selle pitsist detailid ja avatud l\u00f5ige lisavad neile erilise v\u00fcrtsi, paljastades samalajal piisavalt, et t\u00f5sta iha ja fantaasiad uuele tasandile.<\/p>\n<p>Kandke neid erootilisel \u00f5htul, et luua meeldej\u00e4\u00e4v hetk v\u00f5i igap\u00e4evaselt, et tunda end eriti enesekindlalt. Obsessive Medilla avatud stringid on suurep\u00e4rane kingitus iseendale, mis r\u00f5hutab teie enesekindlust ja sensuaalsust.<\/p>\n<p>Tutvuge ka teiste <a href=\"https:\/\/pesu24.ee\/en\/omadus\/obsessive-medilla\/\">Obsessive Medilla<\/a> pesukollektsiooni toodetega. Lisaks on saadaval ka <a href=\"https:\/\/pesu24.ee\/en\/stringid-puksikud\/stringid-obsessive-medilla\/\">tavalised Obsessive Medilla stringid<\/a>.<\/p>\n<p><span style=\"color: #008000;\"><strong>KOMPLEKT SISALDAB:<\/strong><\/span><\/p>\n<ul>\n<li>avatud stringid<\/li>\n<\/ul>\n<p><span style=\"color: #008000;\"><strong>DETAILS:<\/strong><\/span><\/p>\n<ul>\n<li>avatud l\u00f5ikega stringid<\/li>\n<li>kaunistatud delikaatse pitsiga<\/li>\n<li>ees kelmikas ripats<\/li>\n<li>mugav &amp; elastne kangas (90% pol\u00fcamiid &amp; 10% elastaan)<\/li>\n<\/ul>","protected":false},"excerpt":{"rendered":"<p>&#46;&#46;&#46;<\/p>","protected":false},"featured_media":24819,"comment_status":"open","ping_status":"closed","template":"","meta":{"_glsr_average":0,"_glsr_ranking":0,"_glsr_reviews":0},"product_brand":[500],"product_cat":[385],"product_tag":[392,160,458],"class_list":{"0":"post-24360","1":"product","2":"type-product","3":"status-publish","4":"has-post-thumbnail","6":"product_brand-obsessive","7":"product_cat-stringid-puksikud","8":"product_tag-avatud-stringid","9":"product_tag-obsessive","10":"product_tag-obsessive-medilla","11":"pa_suurus-m-l","12":"pa_suurus-xl-xxl","13":"pa_suurus-xs-s","14":"pa_varvus-must","16":"first","17":"instock","18":"sold-individually","19":"taxable","20":"shipping-taxable","21":"purchasable","22":"product-type-variable"},"_links":{"self":[{"href":"https:\/\/pesu24.ee\/en\/wp-json\/wp\/v2\/product\/24360","targetHints":{"allow":["GET"]}}],"collection":[{"href":"https:\/\/pesu24.ee\/en\/wp-json\/wp\/v2\/product"}],"about":[{"href":"https:\/\/pesu24.ee\/en\/wp-json\/wp\/v2\/types\/product"}],"replies":[{"embeddable":true,"href":"https:\/\/pesu24.ee\/en\/wp-json\/wp\/v2\/comments?post=24360"}],"wp:featuredmedia":[{"embeddable":true,"href":"https:\/\/pesu24.ee\/en\/wp-json\/wp\/v2\/media\/24819"}],"wp:attachment":[{"href":"https:\/\/pesu24.ee\/en\/wp-json\/wp\/v2\/media?parent=24360"}],"wp:term":[{"taxonomy":"product_brand","embeddable":true,"href":"https:\/\/pesu24.ee\/en\/wp-json\/wp\/v2\/product_brand?post=24360"},{"taxonomy":"product_cat","embeddable":true,"href":"https:\/\/pesu24.ee\/en\/wp-json\/wp\/v2\/product_cat?post=24360"},{"taxonomy":"product_tag","embeddable":true,"href":"https:\/\/pesu24.ee\/en\/wp-json\/wp\/v2\/product_tag?post=24360"}],"curies":[{"name":"wp","href":"https:\/\/api.w.org\/{rel}","templated":true}]}}