{"id":24377,"date":"2025-08-18T23:53:27","date_gmt":"2025-08-18T20:53:27","guid":{"rendered":"https:\/\/pesu24.ee\/?post_type=product&#038;p=24377"},"modified":"2025-08-21T15:17:29","modified_gmt":"2025-08-21T12:17:29","slug":"stringid-obsessive-roxelia","status":"publish","type":"product","link":"https:\/\/pesu24.ee\/en\/stringid-puksikud\/stringid-obsessive-roxelia\/","title":{"rendered":"Stringid Obsessive Roxelia"},"content":{"rendered":"<p>Obsessive Roxelia stringid on loodud selleks, et t\u00f5sta teie enesekindlust ja luua sensuaalsuse \u00f5hkkond igal sammul.\u00a0Stringide disain on k\u00fctkestav ja kirglik, t\u00e4is sensuaalseid pitsist detaile, mis lisavad erilist s\u00e4ra ja ahvatlust.<\/p>\n<p>Obsessive Roxelia stringid on valmistatud kvaliteetsest ja pooll\u00e4bipaistvast kangast, mis tundub vastu keha eriti pehmelt ja siidiselt. Kandke neid erilistel hetkedel, et s\u00fctitada kirglikku leeki v\u00f5i igap\u00e4evaselt, et lisada oma riietusele sensuaalset elegantsi.<\/p>\n<p>Tutvuge ka teiste <a href=\"https:\/\/pesu24.ee\/en\/omadus\/obsessive-roxelia\/\">Obsessive Roxelia<\/a> pesukollektsiooni toodetega. Lisaks on saadaval <a href=\"https:\/\/pesu24.ee\/en\/stringid-puksikud\/avatud-stringid-obsessive-roxelia\/\">avatud Obsessive Roxelia stringid<\/a>.<\/p>\n<p><span style=\"color: #008000;\"><strong>KOMPLEKT SISALDAB:<\/strong><\/span><\/p>\n<ul>\n<li>stringid<\/li>\n<\/ul>\n<p><span style=\"color: #008000;\"><strong>DETAILS:<\/strong><\/span><\/p>\n<ul>\n<li>pooll\u00e4bipaistvad stringid<\/li>\n<li>kelmika disainiga<\/li>\n<li>ees ripats<\/li>\n<li>mugav &amp; elastne kangas (94% pol\u00fcamiid &amp; 6% elastaan)<\/li>\n<\/ul>\n<p><span style=\"color: #008000;\"><strong>VIDEO<\/strong><\/span><\/p>\n<div class=\"video-container\"><iframe loading=\"lazy\" title=\"SEXY TANGA ROXELIA THONG - OBSESSIVE\" width=\"500\" height=\"281\" src=\"https:\/\/www.youtube.com\/embed\/-JZwOKPhKgI?feature=oembed&#038;wmode=opaque\" frameborder=\"0\" allow=\"accelerometer; autoplay; clipboard-write; encrypted-media; gyroscope; picture-in-picture; web-share\" referrerpolicy=\"strict-origin-when-cross-origin\" allowfullscreen><\/iframe><\/div>","protected":false},"excerpt":{"rendered":"<p>&#46;&#46;&#46;<\/p>","protected":false},"featured_media":24828,"comment_status":"open","ping_status":"closed","template":"","meta":{"_glsr_average":0,"_glsr_ranking":0,"_glsr_reviews":0},"product_brand":[500],"product_cat":[385],"product_tag":[160,459],"class_list":{"0":"post-24377","1":"product","2":"type-product","3":"status-publish","4":"has-post-thumbnail","6":"product_brand-obsessive","7":"product_cat-stringid-puksikud","8":"product_tag-obsessive","9":"product_tag-obsessive-roxelia","10":"pa_suurus-m-l","11":"pa_suurus-xl-xxl","12":"pa_suurus-xs-s","13":"pa_varvus-must","15":"first","16":"instock","17":"sold-individually","18":"taxable","19":"shipping-taxable","20":"purchasable","21":"product-type-variable"},"_links":{"self":[{"href":"https:\/\/pesu24.ee\/en\/wp-json\/wp\/v2\/product\/24377","targetHints":{"allow":["GET"]}}],"collection":[{"href":"https:\/\/pesu24.ee\/en\/wp-json\/wp\/v2\/product"}],"about":[{"href":"https:\/\/pesu24.ee\/en\/wp-json\/wp\/v2\/types\/product"}],"replies":[{"embeddable":true,"href":"https:\/\/pesu24.ee\/en\/wp-json\/wp\/v2\/comments?post=24377"}],"wp:featuredmedia":[{"embeddable":true,"href":"https:\/\/pesu24.ee\/en\/wp-json\/wp\/v2\/media\/24828"}],"wp:attachment":[{"href":"https:\/\/pesu24.ee\/en\/wp-json\/wp\/v2\/media?parent=24377"}],"wp:term":[{"taxonomy":"product_brand","embeddable":true,"href":"https:\/\/pesu24.ee\/en\/wp-json\/wp\/v2\/product_brand?post=24377"},{"taxonomy":"product_cat","embeddable":true,"href":"https:\/\/pesu24.ee\/en\/wp-json\/wp\/v2\/product_cat?post=24377"},{"taxonomy":"product_tag","embeddable":true,"href":"https:\/\/pesu24.ee\/en\/wp-json\/wp\/v2\/product_tag?post=24377"}],"curies":[{"name":"wp","href":"https:\/\/api.w.org\/{rel}","templated":true}]}}