{"id":24378,"date":"2025-08-18T23:53:27","date_gmt":"2025-08-18T20:53:27","guid":{"rendered":"https:\/\/pesu24.ee\/?post_type=product&#038;p=24378"},"modified":"2025-08-21T16:49:23","modified_gmt":"2025-08-21T13:49:23","slug":"avatud-stringid-obsessive-roxelia","status":"publish","type":"product","link":"https:\/\/pesu24.ee\/en\/stringid-puksikud\/avatud-stringid-obsessive-roxelia\/","title":{"rendered":"Avatud stringid Obsessive Roxelia"},"content":{"rendered":"<p>Obsessive Roxelia avatud stringid toovad teie pesukollektsiooni kirgliku elegantsi ja sensuaalsuse, mida olete alati ihaldanud. Stringide disain on k\u00fctkestav ja ahvatlev, t\u00e4is pitsist detaile ja avatud l\u00f5ikeid, mis paljastavad just piisavalt, et s\u00fctitada kirglikku leeki.<\/p>\n<p>Roxelia avatud stringid on valmistatud kvaliteetsest ja mugavast kangast, mis tundub nahal pehmelt ja siidiselt, v\u00f5imaldades teil end igal hetkel eriti enesekindlalt ja sensuaalselt tunda.<\/p>\n<p>Tutvuge ka teiste <a href=\"https:\/\/pesu24.ee\/en\/omadus\/obsessive-roxelia\/\">Obsessive Roxelia<\/a> pesukollektsiooni toodetega. Lisaks on saadaval <a href=\"https:\/\/pesu24.ee\/en\/stringid-puksikud\/stringid-obsessive-roxelia\/\">tavalised Obsessive Roxelia stringid<\/a>.<\/p>\n<p><span style=\"color: #008000;\"><strong>KOMPLEKT SISALDAB:<\/strong><\/span><\/p>\n<ul>\n<li>avatud stringid<\/li>\n<\/ul>\n<p><span style=\"color: #008000;\"><strong>DETAILS:<\/strong><\/span><\/p>\n<ul>\n<li>pooll\u00e4bipaistvad stringid<\/li>\n<li>kaunistatud disainpaeltega<\/li>\n<li>avatud jalgevahe<\/li>\n<li>ees ripats<\/li>\n<li>mugav &amp; elastne kangas (94% pol\u00fcamiid &amp; 6% elastaan)<\/li>\n<\/ul>\n<p><span style=\"color: #008000;\"><strong>VIDEO<\/strong><\/span><\/p>\n<div class=\"video-container\"><iframe loading=\"lazy\" title=\"SMYSLN\u00c1 TANGA OTEV\u0158EN\u00c1 ROXELIA CROTCHLESS THONG - OBSESSIVE\" width=\"500\" height=\"281\" src=\"https:\/\/www.youtube.com\/embed\/LvfR8CQLBd4?feature=oembed&#038;wmode=opaque\" frameborder=\"0\" allow=\"accelerometer; autoplay; clipboard-write; encrypted-media; gyroscope; picture-in-picture; web-share\" referrerpolicy=\"strict-origin-when-cross-origin\" allowfullscreen><\/iframe><\/div>","protected":false},"excerpt":{"rendered":"<p>&#46;&#46;&#46;<\/p>","protected":false},"featured_media":24835,"comment_status":"open","ping_status":"closed","template":"","meta":{"_glsr_average":0,"_glsr_ranking":0,"_glsr_reviews":0},"product_brand":[500],"product_cat":[385],"product_tag":[392,160,459],"class_list":{"0":"post-24378","1":"product","2":"type-product","3":"status-publish","4":"has-post-thumbnail","6":"product_brand-obsessive","7":"product_cat-stringid-puksikud","8":"product_tag-avatud-stringid","9":"product_tag-obsessive","10":"product_tag-obsessive-roxelia","11":"pa_suurus-m-l","12":"pa_suurus-xl-xxl","13":"pa_suurus-xs-s","14":"pa_varvus-must","16":"first","17":"instock","18":"sold-individually","19":"taxable","20":"shipping-taxable","21":"purchasable","22":"product-type-variable"},"_links":{"self":[{"href":"https:\/\/pesu24.ee\/en\/wp-json\/wp\/v2\/product\/24378","targetHints":{"allow":["GET"]}}],"collection":[{"href":"https:\/\/pesu24.ee\/en\/wp-json\/wp\/v2\/product"}],"about":[{"href":"https:\/\/pesu24.ee\/en\/wp-json\/wp\/v2\/types\/product"}],"replies":[{"embeddable":true,"href":"https:\/\/pesu24.ee\/en\/wp-json\/wp\/v2\/comments?post=24378"}],"wp:featuredmedia":[{"embeddable":true,"href":"https:\/\/pesu24.ee\/en\/wp-json\/wp\/v2\/media\/24835"}],"wp:attachment":[{"href":"https:\/\/pesu24.ee\/en\/wp-json\/wp\/v2\/media?parent=24378"}],"wp:term":[{"taxonomy":"product_brand","embeddable":true,"href":"https:\/\/pesu24.ee\/en\/wp-json\/wp\/v2\/product_brand?post=24378"},{"taxonomy":"product_cat","embeddable":true,"href":"https:\/\/pesu24.ee\/en\/wp-json\/wp\/v2\/product_cat?post=24378"},{"taxonomy":"product_tag","embeddable":true,"href":"https:\/\/pesu24.ee\/en\/wp-json\/wp\/v2\/product_tag?post=24378"}],"curies":[{"name":"wp","href":"https:\/\/api.w.org\/{rel}","templated":true}]}}