{"id":24454,"date":"2025-08-19T00:05:40","date_gmt":"2025-08-18T21:05:40","guid":{"rendered":"https:\/\/pesu24.ee\/?post_type=product&#038;p=24454"},"modified":"2026-02-19T10:01:49","modified_gmt":"2026-02-19T08:01:49","slug":"puksikud-obsessive-estiqua","status":"publish","type":"product","link":"https:\/\/pesu24.ee\/en\/stringid-puksikud\/puksikud-obsessive-estiqua\/","title":{"rendered":"P\u00fcksikud Obsessive Estiqua"},"content":{"rendered":"<p>Naiselikud ja ahvatlevad Obsessive Estiqua p\u00fcksikud panevad teid ihaldama kuumi hetki magamistoas. Uskumatult sensuaalne l\u00f5ige lisab seksuaalsust ja r\u00f5hutab teie naiselikke kurve ning \u00f5rn materjal embab teie keha, andes teile lisa enesekindlust.<\/p>\n<p>Ainulaadne disain paljastab suurep\u00e4raselt jalad ja tuharad, mis t\u00f5mbab kindlasti t\u00e4helepanu ja julgustab teid kogema veetlevaid hetki oma kallimaga.<\/p>\n<p><span style=\"color: #008000;\"><strong>KOMPLEKT SISALDAB:<\/strong><\/span><\/p>\n<ul>\n<li>p\u00fcksikud<\/li>\n<\/ul>\n<p>P\u00fcksikud sobivad kokku <a href=\"https:\/\/pesu24.ee\/en\/topid-rinnahoidjad\/rinnahoidja-obsessive-estiqua\/\">Obsessive Estiqua rinnahoidjaga<\/a>.<\/p>\n<p><span style=\"color: #008000;\"><strong>DETAILS:<\/strong><\/span><\/p>\n<ul>\n<li>sensuaalsed mustad p\u00fcksikud<\/li>\n<li>naiselik l\u00f5ige<\/li>\n<li>kaunistatud pitsiga<\/li>\n<li>ees ripats<\/li>\n<li>mugav &amp; elastne kangas (90% pol\u00fcamiid, 10% elastaan)<\/li>\n<\/ul>","protected":false},"excerpt":{"rendered":"<p>&#46;&#46;&#46;<\/p>","protected":false},"featured_media":23839,"comment_status":"open","ping_status":"closed","template":"","meta":{"_glsr_average":0,"_glsr_ranking":0,"_glsr_reviews":0},"product_brand":[500],"product_cat":[385],"product_tag":[160],"class_list":{"0":"post-24454","1":"product","2":"type-product","3":"status-publish","4":"has-post-thumbnail","6":"product_brand-obsessive","7":"product_cat-stringid-puksikud","8":"product_tag-obsessive","9":"pa_suurus-m-l","10":"pa_suurus-xs-s","11":"pa_varvus-must","13":"first","14":"instock","15":"sold-individually","16":"taxable","17":"shipping-taxable","18":"purchasable","19":"product-type-variable"},"_links":{"self":[{"href":"https:\/\/pesu24.ee\/en\/wp-json\/wp\/v2\/product\/24454","targetHints":{"allow":["GET"]}}],"collection":[{"href":"https:\/\/pesu24.ee\/en\/wp-json\/wp\/v2\/product"}],"about":[{"href":"https:\/\/pesu24.ee\/en\/wp-json\/wp\/v2\/types\/product"}],"replies":[{"embeddable":true,"href":"https:\/\/pesu24.ee\/en\/wp-json\/wp\/v2\/comments?post=24454"}],"wp:featuredmedia":[{"embeddable":true,"href":"https:\/\/pesu24.ee\/en\/wp-json\/wp\/v2\/media\/23839"}],"wp:attachment":[{"href":"https:\/\/pesu24.ee\/en\/wp-json\/wp\/v2\/media?parent=24454"}],"wp:term":[{"taxonomy":"product_brand","embeddable":true,"href":"https:\/\/pesu24.ee\/en\/wp-json\/wp\/v2\/product_brand?post=24454"},{"taxonomy":"product_cat","embeddable":true,"href":"https:\/\/pesu24.ee\/en\/wp-json\/wp\/v2\/product_cat?post=24454"},{"taxonomy":"product_tag","embeddable":true,"href":"https:\/\/pesu24.ee\/en\/wp-json\/wp\/v2\/product_tag?post=24454"}],"curies":[{"name":"wp","href":"https:\/\/api.w.org\/{rel}","templated":true}]}}