{"id":24455,"date":"2025-08-19T00:05:40","date_gmt":"2025-08-18T21:05:40","guid":{"rendered":"https:\/\/pesu24.ee\/?post_type=product&#038;p=24455"},"modified":"2025-08-20T15:00:01","modified_gmt":"2025-08-20T12:00:01","slug":"stringid-axami-v-10038","status":"publish","type":"product","link":"https:\/\/pesu24.ee\/en\/stringid-puksikud\/stringid-axami-v-10038\/","title":{"rendered":"Stringid Axami V-10038"},"content":{"rendered":"<p><strong>Ekstravagantsed punase ja musta v\u00e4rvi stringid on absoluutselt kohustuslik aksessuaar <a href=\"https:\/\/pesu24.ee\/en\/korsetid\/korsett-axami-v-10037\/\">Axami V-10037 korsetiga<\/a>\u00a0(korsett n\u00e4ha ka tootefotodel).\u00a0\u00a0<\/strong><\/p>\n<p>Lisaks sellele sobivad need stringid k\u00f5ikide Sensual Paradise lillemotiiviga pesudega, mis on leitavad <a href=\"https:\/\/pesu24.ee\/en\/omadus\/sensual-paradise-lilleline-motiiv\/\">SIIT<\/a>.\u00a0Valmistatud elastsest ja mugavast kangast, mida on meeldiv kanda ja m\u00f5nus keha vastas tunda.<\/p>\n<p><span style=\"color: #008000;\"><strong>OMADUSED<\/strong><\/span><\/p>\n<ul>\n<li>komplektis stringid<\/li>\n<li>elastne ja kvaliteetne kangas<\/li>\n<li>75% pol\u00fcamiid, 11% elastaan, 10% viskoos, 4% puuvill<\/li>\n<li>saadaval suurustes XS kuni XL<\/li>\n<\/ul>\n<p>PS! Kui sobivat suurust valikus ei ole, v\u00f5ta julgesti \u00fchendust meie klienditoega aadressil support@pesu24.ee. Kui valik n\u00e4itab j\u00e4reltellimisel, siis see suurus on hetkel laost otsas ja p\u00e4rast ostu sooritamist see tellitakse (kuni 14 t\u00f6\u00f6p\u00e4eva)<\/p>","protected":false},"excerpt":{"rendered":"<p>&#46;&#46;&#46;<\/p>","protected":false},"featured_media":23846,"comment_status":"open","ping_status":"closed","template":"","meta":{"_glsr_average":0,"_glsr_ranking":0,"_glsr_reviews":0},"product_brand":[502],"product_cat":[385],"product_tag":[333,334,433],"class_list":{"0":"post-24455","1":"product","2":"type-product","3":"status-publish","4":"has-post-thumbnail","6":"product_brand-axami","7":"product_cat-stringid-puksikud","8":"product_tag-axami","9":"product_tag-sensual-paradise","10":"product_tag-sensual-paradise-lilleline-motiiv","11":"pa_suurus-l","12":"pa_suurus-m","13":"pa_suurus-s","14":"pa_suurus-xl","15":"pa_varvus-must","16":"pa_varvus-punane","18":"first","19":"instock","20":"sold-individually","21":"taxable","22":"shipping-taxable","23":"purchasable","24":"product-type-variable"},"_links":{"self":[{"href":"https:\/\/pesu24.ee\/en\/wp-json\/wp\/v2\/product\/24455","targetHints":{"allow":["GET"]}}],"collection":[{"href":"https:\/\/pesu24.ee\/en\/wp-json\/wp\/v2\/product"}],"about":[{"href":"https:\/\/pesu24.ee\/en\/wp-json\/wp\/v2\/types\/product"}],"replies":[{"embeddable":true,"href":"https:\/\/pesu24.ee\/en\/wp-json\/wp\/v2\/comments?post=24455"}],"wp:featuredmedia":[{"embeddable":true,"href":"https:\/\/pesu24.ee\/en\/wp-json\/wp\/v2\/media\/23846"}],"wp:attachment":[{"href":"https:\/\/pesu24.ee\/en\/wp-json\/wp\/v2\/media?parent=24455"}],"wp:term":[{"taxonomy":"product_brand","embeddable":true,"href":"https:\/\/pesu24.ee\/en\/wp-json\/wp\/v2\/product_brand?post=24455"},{"taxonomy":"product_cat","embeddable":true,"href":"https:\/\/pesu24.ee\/en\/wp-json\/wp\/v2\/product_cat?post=24455"},{"taxonomy":"product_tag","embeddable":true,"href":"https:\/\/pesu24.ee\/en\/wp-json\/wp\/v2\/product_tag?post=24455"}],"curies":[{"name":"wp","href":"https:\/\/api.w.org\/{rel}","templated":true}]}}