{"id":24456,"date":"2025-08-19T00:05:40","date_gmt":"2025-08-18T21:05:40","guid":{"rendered":"https:\/\/pesu24.ee\/?post_type=product&#038;p=24456"},"modified":"2025-08-21T14:33:31","modified_gmt":"2025-08-21T11:33:31","slug":"stringid-axami-v-10018","status":"publish","type":"product","link":"https:\/\/pesu24.ee\/en\/stringid-puksikud\/stringid-axami-v-10018\/","title":{"rendered":"Stringid Axami V-10018"},"content":{"rendered":"<p><strong>Intrigeerivad ja kaunid stringid V-10018, mida iseloomustab julge l\u00f5ige ja sensuaalsed v\u00e4rvid. See kombinatsioon avab tee erakordsete tunnete maailma, mis muudab selle veelgi p\u00f5nevamaks, nauditavamaks ja \u00fcllatavamaks. <\/strong><\/p>\n<p>Lisa juurde tootefotodel olevad Axami <a href=\"https:\/\/pesu24.ee\/en\/sukad\/sukad-axami-v-10014-isehoidvad\/\">sukad V-10014<\/a> ning <a href=\"https:\/\/pesu24.ee\/en\/topid-rinnahoidjad\/avatud-rinnahoidja-axami-v-10011\/\">avatud rinnahoidja V-10011<\/a> ja saad ahvatleva ning vastupandamatu pesukomplekti k\u00f5ige kuumemateks hetkedeks.<\/p>\n<p><span style=\"color: #008000;\"><strong>OMADUSED<\/strong><\/span><\/p>\n<ul>\n<li>komplektis stringid<\/li>\n<li>elastne materjal, mugav kanda<\/li>\n<li>meeldiv keha vastas tunda, m\u00f5nus puudutada<\/li>\n<li>pol\u00fcamiid 68%, viskoos 18%, elastaan 14%<\/li>\n<li>saadaval suurused XS kuni XL<\/li>\n<\/ul>\n<p>PS! Kui sobivat suurust valikus ei ole, v\u00f5ta julgesti \u00fchendust meie klienditoega aadressil support@pesu24.ee.\u00a0Kui valik n\u00e4itab j\u00e4reltellimisel, siis see suurus on hetkel laost otsas ja p\u00e4rast ostu sooritamist see tellitakse (kuni 14 t\u00f6\u00f6p\u00e4eva).<\/p>\n<p>Tootefotodel olevad sukad ja avatud rinnahoidja komplekti ei kuulu, aga need saab meie e-poest osta eraldi. Samuti on saadaval korsett, erinevad stringid ja tavap\u00e4rane rinnahoidja. Selleks tutvu Axami Sensual Paradise pesukollektsiooni <a href=\"https:\/\/pesu24.ee\/en\/omadus\/sensual-paradise-lilleline-motiiv\/\">lillemotiivi pesudega<\/a>.<\/p>","protected":false},"excerpt":{"rendered":"<p>&#46;&#46;&#46;<\/p>","protected":false},"featured_media":23854,"comment_status":"open","ping_status":"closed","template":"","meta":{"_glsr_average":0,"_glsr_ranking":0,"_glsr_reviews":0},"product_brand":[502],"product_cat":[385],"product_tag":[333,334,433],"class_list":{"0":"post-24456","1":"product","2":"type-product","3":"status-publish","4":"has-post-thumbnail","6":"product_brand-axami","7":"product_cat-stringid-puksikud","8":"product_tag-axami","9":"product_tag-sensual-paradise","10":"product_tag-sensual-paradise-lilleline-motiiv","11":"pa_suurus-l","12":"pa_suurus-m","13":"pa_suurus-s","14":"pa_suurus-xl","15":"pa_suurus-xs","16":"pa_varvus-must","17":"pa_varvus-punane","19":"first","20":"instock","21":"sold-individually","22":"taxable","23":"shipping-taxable","24":"purchasable","25":"product-type-variable"},"_links":{"self":[{"href":"https:\/\/pesu24.ee\/en\/wp-json\/wp\/v2\/product\/24456","targetHints":{"allow":["GET"]}}],"collection":[{"href":"https:\/\/pesu24.ee\/en\/wp-json\/wp\/v2\/product"}],"about":[{"href":"https:\/\/pesu24.ee\/en\/wp-json\/wp\/v2\/types\/product"}],"replies":[{"embeddable":true,"href":"https:\/\/pesu24.ee\/en\/wp-json\/wp\/v2\/comments?post=24456"}],"wp:featuredmedia":[{"embeddable":true,"href":"https:\/\/pesu24.ee\/en\/wp-json\/wp\/v2\/media\/23854"}],"wp:attachment":[{"href":"https:\/\/pesu24.ee\/en\/wp-json\/wp\/v2\/media?parent=24456"}],"wp:term":[{"taxonomy":"product_brand","embeddable":true,"href":"https:\/\/pesu24.ee\/en\/wp-json\/wp\/v2\/product_brand?post=24456"},{"taxonomy":"product_cat","embeddable":true,"href":"https:\/\/pesu24.ee\/en\/wp-json\/wp\/v2\/product_cat?post=24456"},{"taxonomy":"product_tag","embeddable":true,"href":"https:\/\/pesu24.ee\/en\/wp-json\/wp\/v2\/product_tag?post=24456"}],"curies":[{"name":"wp","href":"https:\/\/api.w.org\/{rel}","templated":true}]}}