{"id":24457,"date":"2025-08-19T00:05:40","date_gmt":"2025-08-18T21:05:40","guid":{"rendered":"https:\/\/pesu24.ee\/?post_type=product&#038;p=24457"},"modified":"2025-10-14T14:02:46","modified_gmt":"2025-10-14T11:02:46","slug":"stringid-axami-v-10028","status":"publish","type":"product","link":"https:\/\/pesu24.ee\/en\/stringid-puksikud\/stringid-axami-v-10028\/","title":{"rendered":"Stringid Axami V-10028"},"content":{"rendered":"<p><strong>Punase &#8211; ja musta lillelise motiiviga stringid, millel on s\u00fcgav ja geomeetriline l\u00f5ige. Stringide esiosal kolmnurkne t\u00fcllkangast paelad, mida v\u00f5imalik reguleerida kuldse aasaga.\u00a0<\/strong><\/p>\n<p>Tootefotodel olev <a href=\"https:\/\/pesu24.ee\/en\/topid-rinnahoidjad\/rinnahoidja-axami-v-10021\/\">V-10021 rinnahoidja<\/a> komplekti ei kuulu, aga saab osta eraldi. Samuti sobib kokku ideaalselt teiste Sensual Paradise lillemotiivi pesudega, mis on leitavad <a href=\"https:\/\/pesu24.ee\/en\/omadus\/sensual-paradise-lilleline-motiiv\/\">SIIT<\/a>.<\/p>\n<p><span style=\"color: #008000;\"><strong>OMADUSED<\/strong><\/span><\/p>\n<ul>\n<li>komplektis stringid<\/li>\n<li>rinnahoidja saab eraldi osta <a href=\"https:\/\/pesu24.ee\/en\/topid-rinnahoidjad\/rinnahoidja-axami-v-10021\/\">SIIT<\/a><\/li>\n<li>elastne kangas ja reguleeritavus tagab ideaalse sobivuse<\/li>\n<li>v\u00e4ga mugav kanda, meeldiv keha vastas tunda<\/li>\n<li>77% pol\u00fcamiid, 10% elastaan, 8% viskoos, 5% puuvill<\/li>\n<li>saadaval suurustes XS kuni XL<\/li>\n<\/ul>\n<p>PS! Kui sobivat suurust valikus ei ole, v\u00f5ta julgesti \u00fchendust meie klienditoega aadressil\u00a0support@pesu24.ee.\u00a0Kui valik n\u00e4itab j\u00e4reltellimisel, siis see suurus on hetkel laost otsas ja p\u00e4rast ostu sooritamist see tellitakse (kuni 14 t\u00f6\u00f6p\u00e4eva).<\/p>","protected":false},"excerpt":{"rendered":"<p>&#46;&#46;&#46;<\/p>","protected":false},"featured_media":23861,"comment_status":"open","ping_status":"closed","template":"","meta":{"_glsr_average":0,"_glsr_ranking":0,"_glsr_reviews":0},"product_brand":[502],"product_cat":[385],"product_tag":[333,334,433],"class_list":{"0":"post-24457","1":"product","2":"type-product","3":"status-publish","4":"has-post-thumbnail","6":"product_brand-axami","7":"product_cat-stringid-puksikud","8":"product_tag-axami","9":"product_tag-sensual-paradise","10":"product_tag-sensual-paradise-lilleline-motiiv","11":"pa_suurus-l","12":"pa_suurus-m","13":"pa_suurus-s","14":"pa_suurus-xl","15":"pa_varvus-must","16":"pa_varvus-punane","18":"first","19":"instock","20":"sold-individually","21":"taxable","22":"shipping-taxable","23":"purchasable","24":"product-type-variable"},"_links":{"self":[{"href":"https:\/\/pesu24.ee\/en\/wp-json\/wp\/v2\/product\/24457","targetHints":{"allow":["GET"]}}],"collection":[{"href":"https:\/\/pesu24.ee\/en\/wp-json\/wp\/v2\/product"}],"about":[{"href":"https:\/\/pesu24.ee\/en\/wp-json\/wp\/v2\/types\/product"}],"replies":[{"embeddable":true,"href":"https:\/\/pesu24.ee\/en\/wp-json\/wp\/v2\/comments?post=24457"}],"wp:featuredmedia":[{"embeddable":true,"href":"https:\/\/pesu24.ee\/en\/wp-json\/wp\/v2\/media\/23861"}],"wp:attachment":[{"href":"https:\/\/pesu24.ee\/en\/wp-json\/wp\/v2\/media?parent=24457"}],"wp:term":[{"taxonomy":"product_brand","embeddable":true,"href":"https:\/\/pesu24.ee\/en\/wp-json\/wp\/v2\/product_brand?post=24457"},{"taxonomy":"product_cat","embeddable":true,"href":"https:\/\/pesu24.ee\/en\/wp-json\/wp\/v2\/product_cat?post=24457"},{"taxonomy":"product_tag","embeddable":true,"href":"https:\/\/pesu24.ee\/en\/wp-json\/wp\/v2\/product_tag?post=24457"}],"curies":[{"name":"wp","href":"https:\/\/api.w.org\/{rel}","templated":true}]}}