{"id":24458,"date":"2025-08-19T00:05:40","date_gmt":"2025-08-18T21:05:40","guid":{"rendered":"https:\/\/pesu24.ee\/?post_type=product&#038;p=24458"},"modified":"2025-11-13T10:56:42","modified_gmt":"2025-11-13T07:56:42","slug":"stringid-axami-v-10118","status":"publish","type":"product","link":"https:\/\/pesu24.ee\/en\/stringid-puksikud\/stringid-axami-v-10118\/","title":{"rendered":"Stringid Axami V-10118"},"content":{"rendered":"<p><strong>Mustad-kuldsed stringid, mis kaunistatud kuldsete \u00e4\u00e4ristustega. Esiosa mustast t\u00fcllist, mis \u00fchendatud stringide p\u00f5hiosaga kuldsete r\u00f5ngaste abil. Samuti taga keskosa kui ka alumine osa \u00fchendatud kuldsete r\u00f5ngastega.\u00a0<\/strong><\/p>\n<p>Elastne, kvaliteetne ja luksuslik kangas, mis sobitub ideaalselt kehaga. Stringid sobituvad ideaalselt tootefotodel oleva <a href=\"https:\/\/pesu24.ee\/en\/korsetid\/poolkorsett-axami-v-10111\/\">V-10111 poolkorsetiga<\/a> (ei ole komplektis, tuleb osta eraldi).<\/p>\n<p><span style=\"color: #008000;\"><strong>OMADUSED<\/strong><\/span><\/p>\n<ul>\n<li>komplektis stringid<\/li>\n<li>must kangas, kuldsete kaunistustega<\/li>\n<li>kuldsed \u00e4\u00e4ristused<\/li>\n<li>\u00fchendatud kuldsete r\u00f5ngastega<\/li>\n<li>elastne kangas, kvaliteetne kangas<\/li>\n<li>sobitub ideaalselt, mugav kanda<\/li>\n<li>75% pol\u00fcamiid, 13% elastaan, 10% puuvill, 2% pol\u00fcet\u00fcleen<\/li>\n<li>saadaval suurustes XS kuni XL<\/li>\n<\/ul>\n<p>PS! Kui sobivat suurust valikus ei ole, v\u00f5ta julgesti \u00fchendust meie klienditoega aadressil support@pesu24.ee. Kui aga valik n\u00e4itab, et toode on j\u00e4reltellimisel, siis see suurus on hetkel laost otsas ja p\u00e4rast ostu sooritamist see tellitakse (kuni 14 t\u00f6\u00f6p\u00e4eva).<\/p>","protected":false},"excerpt":{"rendered":"<p>&#46;&#46;&#46;<\/p>","protected":false},"featured_media":23870,"comment_status":"open","ping_status":"closed","template":"","meta":{"_glsr_average":0,"_glsr_ranking":0,"_glsr_reviews":0},"product_brand":[502],"product_cat":[385],"product_tag":[333,334],"class_list":{"0":"post-24458","1":"product","2":"type-product","3":"status-publish","4":"has-post-thumbnail","6":"product_brand-axami","7":"product_cat-stringid-puksikud","8":"product_tag-axami","9":"product_tag-sensual-paradise","10":"pa_suurus-l","11":"pa_suurus-m","12":"pa_suurus-s","13":"pa_suurus-xl","14":"pa_varvus-must","16":"first","17":"instock","18":"sold-individually","19":"taxable","20":"shipping-taxable","21":"purchasable","22":"product-type-variable"},"_links":{"self":[{"href":"https:\/\/pesu24.ee\/en\/wp-json\/wp\/v2\/product\/24458","targetHints":{"allow":["GET"]}}],"collection":[{"href":"https:\/\/pesu24.ee\/en\/wp-json\/wp\/v2\/product"}],"about":[{"href":"https:\/\/pesu24.ee\/en\/wp-json\/wp\/v2\/types\/product"}],"replies":[{"embeddable":true,"href":"https:\/\/pesu24.ee\/en\/wp-json\/wp\/v2\/comments?post=24458"}],"wp:featuredmedia":[{"embeddable":true,"href":"https:\/\/pesu24.ee\/en\/wp-json\/wp\/v2\/media\/23870"}],"wp:attachment":[{"href":"https:\/\/pesu24.ee\/en\/wp-json\/wp\/v2\/media?parent=24458"}],"wp:term":[{"taxonomy":"product_brand","embeddable":true,"href":"https:\/\/pesu24.ee\/en\/wp-json\/wp\/v2\/product_brand?post=24458"},{"taxonomy":"product_cat","embeddable":true,"href":"https:\/\/pesu24.ee\/en\/wp-json\/wp\/v2\/product_cat?post=24458"},{"taxonomy":"product_tag","embeddable":true,"href":"https:\/\/pesu24.ee\/en\/wp-json\/wp\/v2\/product_tag?post=24458"}],"curies":[{"name":"wp","href":"https:\/\/api.w.org\/{rel}","templated":true}]}}