{"id":24460,"date":"2025-08-19T00:05:40","date_gmt":"2025-08-18T21:05:40","guid":{"rendered":"https:\/\/pesu24.ee\/?post_type=product&#038;p=24460"},"modified":"2025-12-01T10:38:42","modified_gmt":"2025-12-01T07:38:42","slug":"stringid-axami-v-10108","status":"publish","type":"product","link":"https:\/\/pesu24.ee\/en\/stringid-puksikud\/stringid-axami-v-10108\/","title":{"rendered":"Stringid Axami V-10108"},"content":{"rendered":"<p><strong>Kuldsete \u00e4\u00e4ristustega mustad stringid, mille esiosa kaunistatud musta lehviga. Kvaliteetne ja elastne kangas tagab ideaalse sobivuse.\u00a0<\/strong><\/p>\n<p>Stringid sobituvad ideaalselt tootefotodel oleva sama pesukollektsiooni Axami <a href=\"https:\/\/pesu24.ee\/en\/topid-rinnahoidjad\/rinnahoidja-axami-v-10101\/\">V-10101 rinnahoidjaga<\/a> ja <a href=\"https:\/\/pesu24.ee\/en\/sukad\/sukad-axami-v-10104\/\">V-10104 sukkadega<\/a>. Rinnahoidja ja sukad ei kuulu komplekti, vaid need tuleb osta eraldi.<\/p>\n<p><span style=\"color: #008000;\"><strong>OMADUSED<\/strong><\/span><\/p>\n<ul>\n<li>komplektis stringid<\/li>\n<li>kuldsed \u00e4\u00e4ristused<\/li>\n<li>kvaliteetne ja luksuslik<\/li>\n<li>v\u00e4ga elastne \/ veniv kangas<\/li>\n<li>83% pol\u00fcamiid, 11% elastaan, 5% puuvill<\/li>\n<li>saadaval suurustes XS kuni XL<\/li>\n<\/ul>\n<p>PS! Kui sobivat suurust ei ole valikus, siis v\u00f5tke meiega e-maili teel \u00fchendust aadressil support@pesu24.ee. Kui aga toode on tellitav (j\u00e4reltellimisel), siis p\u00e4rast ostu vormistamist v\u00f5tame Teiega \u00fchendust t\u00e4psustamaks tarneaega.<\/p>","protected":false},"excerpt":{"rendered":"<p>&#46;&#46;&#46;<\/p>","protected":false},"featured_media":23888,"comment_status":"open","ping_status":"closed","template":"","meta":{"_glsr_average":0,"_glsr_ranking":0,"_glsr_reviews":0},"product_brand":[502],"product_cat":[385],"product_tag":[333,334],"class_list":{"0":"post-24460","1":"product","2":"type-product","3":"status-publish","4":"has-post-thumbnail","6":"product_brand-axami","7":"product_cat-stringid-puksikud","8":"product_tag-axami","9":"product_tag-sensual-paradise","10":"pa_suurus-l","11":"pa_suurus-m","12":"pa_suurus-s","13":"pa_suurus-xl","14":"pa_suurus-xs","15":"pa_varvus-must","17":"first","18":"instock","19":"sold-individually","20":"taxable","21":"shipping-taxable","22":"purchasable","23":"product-type-variable"},"_links":{"self":[{"href":"https:\/\/pesu24.ee\/en\/wp-json\/wp\/v2\/product\/24460","targetHints":{"allow":["GET"]}}],"collection":[{"href":"https:\/\/pesu24.ee\/en\/wp-json\/wp\/v2\/product"}],"about":[{"href":"https:\/\/pesu24.ee\/en\/wp-json\/wp\/v2\/types\/product"}],"replies":[{"embeddable":true,"href":"https:\/\/pesu24.ee\/en\/wp-json\/wp\/v2\/comments?post=24460"}],"wp:featuredmedia":[{"embeddable":true,"href":"https:\/\/pesu24.ee\/en\/wp-json\/wp\/v2\/media\/23888"}],"wp:attachment":[{"href":"https:\/\/pesu24.ee\/en\/wp-json\/wp\/v2\/media?parent=24460"}],"wp:term":[{"taxonomy":"product_brand","embeddable":true,"href":"https:\/\/pesu24.ee\/en\/wp-json\/wp\/v2\/product_brand?post=24460"},{"taxonomy":"product_cat","embeddable":true,"href":"https:\/\/pesu24.ee\/en\/wp-json\/wp\/v2\/product_cat?post=24460"},{"taxonomy":"product_tag","embeddable":true,"href":"https:\/\/pesu24.ee\/en\/wp-json\/wp\/v2\/product_tag?post=24460"}],"curies":[{"name":"wp","href":"https:\/\/api.w.org\/{rel}","templated":true}]}}