{"id":24462,"date":"2025-08-19T00:05:40","date_gmt":"2025-08-18T21:05:40","guid":{"rendered":"https:\/\/pesu24.ee\/?post_type=product&#038;p=24462"},"modified":"2025-08-21T14:26:28","modified_gmt":"2025-08-21T11:26:28","slug":"stringid-axami-v-10088","status":"publish","type":"product","link":"https:\/\/pesu24.ee\/en\/stringid-puksikud\/stringid-axami-v-10088\/","title":{"rendered":"Stringid Axami V-10088"},"content":{"rendered":"<p><strong>Originaalse disaini ja \u00f5rnast l\u00e4bipaistvast pitsist stringid Axami V-10088. Ainulaadne muster lisab salap\u00e4ra ja atraktiivsust.\u00a0<\/strong><\/p>\n<p>Kangas v\u00e4ga kvaliteetne ja elastne, mis sobitud ideaalset iga kehat\u00fc\u00fcbiga. Stringid sobivad kokku tootefotodel olevad <a href=\"https:\/\/pesu24.ee\/en\/topid-rinnahoidjad\/tugikaartega-poolkorsett-rinnahoidja-axami-v-10081\/\">V-10081 poolkorsetiga<\/a> ja <a href=\"https:\/\/pesu24.ee\/en\/sukad\/sukad-axami-v-7834\/\">V-7834 sukkadega<\/a>.<\/p>\n<p><span style=\"color: #008000;\"><strong>OMADUSED<\/strong><\/span><\/p>\n<ul>\n<li>komplektis stringid<\/li>\n<li>l\u00e4bipaistev v\u00f5rk<\/li>\n<li>elastne, kvaliteetne kangas<\/li>\n<li>pol\u00fcamiid 79%, elastaan 13%, puuvill 8%<\/li>\n<li>saadaval suurustes XS kuni XL<\/li>\n<\/ul>\n<p>PS! Kui sobivat suurust ei ole valikus, siis v\u00f5tke meiega e-maili teel \u00fchendust aadressil support@pesu24.ee. Kui aga toode on tellitav (j\u00e4reltellimisel), siis p\u00e4rast ostu vormistamist v\u00f5tame Teiega \u00fchendust t\u00e4psustamaks tarneaega.<\/p>","protected":false},"excerpt":{"rendered":"<p>&#46;&#46;&#46;<\/p>","protected":false},"featured_media":23906,"comment_status":"open","ping_status":"closed","template":"","meta":{"_glsr_average":0,"_glsr_ranking":0,"_glsr_reviews":0},"product_brand":[502],"product_cat":[385],"product_tag":[333,334],"class_list":{"0":"post-24462","1":"product","2":"type-product","3":"status-publish","4":"has-post-thumbnail","6":"product_brand-axami","7":"product_cat-stringid-puksikud","8":"product_tag-axami","9":"product_tag-sensual-paradise","10":"pa_suurus-l","11":"pa_suurus-m","12":"pa_suurus-s","13":"pa_suurus-xl","14":"pa_varvus-must","16":"first","17":"instock","18":"sold-individually","19":"taxable","20":"shipping-taxable","21":"purchasable","22":"product-type-variable"},"_links":{"self":[{"href":"https:\/\/pesu24.ee\/en\/wp-json\/wp\/v2\/product\/24462","targetHints":{"allow":["GET"]}}],"collection":[{"href":"https:\/\/pesu24.ee\/en\/wp-json\/wp\/v2\/product"}],"about":[{"href":"https:\/\/pesu24.ee\/en\/wp-json\/wp\/v2\/types\/product"}],"replies":[{"embeddable":true,"href":"https:\/\/pesu24.ee\/en\/wp-json\/wp\/v2\/comments?post=24462"}],"wp:featuredmedia":[{"embeddable":true,"href":"https:\/\/pesu24.ee\/en\/wp-json\/wp\/v2\/media\/23906"}],"wp:attachment":[{"href":"https:\/\/pesu24.ee\/en\/wp-json\/wp\/v2\/media?parent=24462"}],"wp:term":[{"taxonomy":"product_brand","embeddable":true,"href":"https:\/\/pesu24.ee\/en\/wp-json\/wp\/v2\/product_brand?post=24462"},{"taxonomy":"product_cat","embeddable":true,"href":"https:\/\/pesu24.ee\/en\/wp-json\/wp\/v2\/product_cat?post=24462"},{"taxonomy":"product_tag","embeddable":true,"href":"https:\/\/pesu24.ee\/en\/wp-json\/wp\/v2\/product_tag?post=24462"}],"curies":[{"name":"wp","href":"https:\/\/api.w.org\/{rel}","templated":true}]}}