{"id":24464,"date":"2025-08-19T00:05:40","date_gmt":"2025-08-18T21:05:40","guid":{"rendered":"https:\/\/pesu24.ee\/?post_type=product&#038;p=24464"},"modified":"2025-09-22T13:48:10","modified_gmt":"2025-09-22T10:48:10","slug":"stringid-axami-v-10048","status":"publish","type":"product","link":"https:\/\/pesu24.ee\/en\/stringid-puksikud\/stringid-axami-v-10048\/","title":{"rendered":"Stringid Axami V-10048"},"content":{"rendered":"<p><strong>Klassikalise l\u00f5ike ja kahekordse kangaga stringid. V\u00e4limine kangas must lillelise motiiviga pits ja sisemine punane t\u00fcll.<\/strong><\/p>\n<p>Stringide esiosa \u00fclemine \u00e4\u00e4r l\u00e4bipaistvast mustast t\u00fcllist, mille keskel v\u00e4ike paeljas kaunistus l\u00e4ikiva kuldse aksessuaariga.<\/p>\n<p>Stringid sobivad ideaalselt kokku tootefotodel oleva sama pesukollektsiooni avatud <a href=\"https:\/\/pesu24.ee\/en\/topid-rinnahoidjad\/avatud-rinnahoidja-axami-v-10041\/\">rinnahoidjaga V-10041<\/a>.<\/p>\n<p><span style=\"color: #008000;\"><strong>OMADUSED<\/strong><\/span><\/p>\n<ul>\n<li>mustad kahekordse kangaga stringid<\/li>\n<li>v\u00e4line kangas must pits, sisemine punane t\u00fcll<\/li>\n<li>v\u00e4ga elastne ja kvaliteetne kangas<\/li>\n<li>pol\u00fcamiid 82%, elastaan 16%, puuvill 2%<\/li>\n<li>v\u00f5imalikud suurused: XS kuni XL<\/li>\n<\/ul>\n<p>PS! Kui sobivat suurust ei ole valikus, siis v\u00f5tke julgelt meiega e-maili teel \u00fchendust aadressil support@pesu24.ee. Kui aga toode on tellitav (j\u00e4reltellimisel), siis p\u00e4rast ostu vormistamist v\u00f5tame Teiega \u00fchendust t\u00e4psustamaks tarneaega.<\/p>","protected":false},"excerpt":{"rendered":"<p>&#46;&#46;&#46;<\/p>","protected":false},"featured_media":23926,"comment_status":"open","ping_status":"closed","template":"","meta":{"_glsr_average":0,"_glsr_ranking":0,"_glsr_reviews":0},"product_brand":[502],"product_cat":[385],"product_tag":[333,334],"class_list":{"0":"post-24464","1":"product","2":"type-product","3":"status-publish","4":"has-post-thumbnail","6":"product_brand-axami","7":"product_cat-stringid-puksikud","8":"product_tag-axami","9":"product_tag-sensual-paradise","10":"pa_suurus-l","11":"pa_suurus-m","12":"pa_suurus-s","13":"pa_suurus-xl","14":"pa_varvus-must","15":"pa_varvus-punane","17":"first","18":"instock","19":"sold-individually","20":"taxable","21":"shipping-taxable","22":"purchasable","23":"product-type-variable"},"_links":{"self":[{"href":"https:\/\/pesu24.ee\/en\/wp-json\/wp\/v2\/product\/24464","targetHints":{"allow":["GET"]}}],"collection":[{"href":"https:\/\/pesu24.ee\/en\/wp-json\/wp\/v2\/product"}],"about":[{"href":"https:\/\/pesu24.ee\/en\/wp-json\/wp\/v2\/types\/product"}],"replies":[{"embeddable":true,"href":"https:\/\/pesu24.ee\/en\/wp-json\/wp\/v2\/comments?post=24464"}],"wp:featuredmedia":[{"embeddable":true,"href":"https:\/\/pesu24.ee\/en\/wp-json\/wp\/v2\/media\/23926"}],"wp:attachment":[{"href":"https:\/\/pesu24.ee\/en\/wp-json\/wp\/v2\/media?parent=24464"}],"wp:term":[{"taxonomy":"product_brand","embeddable":true,"href":"https:\/\/pesu24.ee\/en\/wp-json\/wp\/v2\/product_brand?post=24464"},{"taxonomy":"product_cat","embeddable":true,"href":"https:\/\/pesu24.ee\/en\/wp-json\/wp\/v2\/product_cat?post=24464"},{"taxonomy":"product_tag","embeddable":true,"href":"https:\/\/pesu24.ee\/en\/wp-json\/wp\/v2\/product_tag?post=24464"}],"curies":[{"name":"wp","href":"https:\/\/api.w.org\/{rel}","templated":true}]}}