{"id":24465,"date":"2025-08-19T00:05:40","date_gmt":"2025-08-18T21:05:40","guid":{"rendered":"https:\/\/pesu24.ee\/?post_type=product&#038;p=24465"},"modified":"2025-08-20T15:00:02","modified_gmt":"2025-08-20T12:00:02","slug":"stringid-axami-v-10098","status":"publish","type":"product","link":"https:\/\/pesu24.ee\/en\/stringid-puksikud\/stringid-axami-v-10098\/","title":{"rendered":"Stringid Axami V-10098"},"content":{"rendered":"<p><strong>L\u00e4bipaistvast v\u00f5rkpitsist klassikalise l\u00f5ikega musta stringid. Puusadel ja ees topeltpael, mis r\u00f5hutab naiselikke kumerusi ja toob esile puusad.\u00a0<\/strong><\/p>\n<p>Valmistatud v\u00e4ga kvaliteetsest ja elastsest kangast. Sobivad ideaalselt kokku tootefotodel olevate sama pesukollektsiooni <a href=\"https:\/\/pesu24.ee\/en\/topid-rinnahoidjad\/rinnahoidja-axami-v-10091\/\">V-10091 rinnahoidjaga<\/a>.<\/p>\n<p><span style=\"color: #008000;\"><strong>OMADUSED<\/strong><\/span><\/p>\n<ul>\n<li>komplektis stringid<\/li>\n<li>l\u00e4bipaistev pits<\/li>\n<li>elastne ja kvaliteetne kangas<\/li>\n<li>76% pol\u00fcamiid, 18% elastaan, 6% puuvill<\/li>\n<li>saadaval suurustes XS kuni XL<\/li>\n<\/ul>\n<p>PS! Kui soovitud suurust valikus ei ole v\u00f5i on j\u00e4reltellitav, siis antud suurus on hetkel laost otsa saanud. Sel juhul v\u00f5ta julgesti \u00fchendust meie klienditoega aadressil support@pesu24.ee ja anname teada t\u00e4pse tarneaja.<\/p>","protected":false},"excerpt":{"rendered":"<p>&#46;&#46;&#46;<\/p>","protected":false},"featured_media":23935,"comment_status":"open","ping_status":"closed","template":"","meta":{"_glsr_average":0,"_glsr_ranking":0,"_glsr_reviews":0},"product_brand":[502],"product_cat":[385],"product_tag":[333,334],"class_list":{"0":"post-24465","1":"product","2":"type-product","3":"status-publish","4":"has-post-thumbnail","6":"product_brand-axami","7":"product_cat-stringid-puksikud","8":"product_tag-axami","9":"product_tag-sensual-paradise","10":"pa_suurus-l","11":"pa_suurus-m","12":"pa_suurus-s","13":"pa_suurus-xl","14":"pa_varvus-must","16":"first","17":"instock","18":"sold-individually","19":"taxable","20":"shipping-taxable","21":"purchasable","22":"product-type-variable"},"_links":{"self":[{"href":"https:\/\/pesu24.ee\/en\/wp-json\/wp\/v2\/product\/24465","targetHints":{"allow":["GET"]}}],"collection":[{"href":"https:\/\/pesu24.ee\/en\/wp-json\/wp\/v2\/product"}],"about":[{"href":"https:\/\/pesu24.ee\/en\/wp-json\/wp\/v2\/types\/product"}],"replies":[{"embeddable":true,"href":"https:\/\/pesu24.ee\/en\/wp-json\/wp\/v2\/comments?post=24465"}],"wp:featuredmedia":[{"embeddable":true,"href":"https:\/\/pesu24.ee\/en\/wp-json\/wp\/v2\/media\/23935"}],"wp:attachment":[{"href":"https:\/\/pesu24.ee\/en\/wp-json\/wp\/v2\/media?parent=24465"}],"wp:term":[{"taxonomy":"product_brand","embeddable":true,"href":"https:\/\/pesu24.ee\/en\/wp-json\/wp\/v2\/product_brand?post=24465"},{"taxonomy":"product_cat","embeddable":true,"href":"https:\/\/pesu24.ee\/en\/wp-json\/wp\/v2\/product_cat?post=24465"},{"taxonomy":"product_tag","embeddable":true,"href":"https:\/\/pesu24.ee\/en\/wp-json\/wp\/v2\/product_tag?post=24465"}],"curies":[{"name":"wp","href":"https:\/\/api.w.org\/{rel}","templated":true}]}}