{"id":24466,"date":"2025-08-19T00:05:40","date_gmt":"2025-08-18T21:05:40","guid":{"rendered":"https:\/\/pesu24.ee\/?post_type=product&#038;p=24466"},"modified":"2025-11-13T10:57:32","modified_gmt":"2025-11-13T07:57:32","slug":"stringid-axami-v-10008","status":"publish","type":"product","link":"https:\/\/pesu24.ee\/en\/stringid-puksikud\/stringid-axami-v-10008\/","title":{"rendered":"Stringid Axami V-10008"},"content":{"rendered":"<p><strong>Pooll\u00e4bipaistvast punasest t\u00fcllist ja mustast pitsist stringid, millel esiosas kuues kohast reguleeritavad topeltpaelad.\u00a0<\/strong><\/p>\n<p>Valmistatud kvaliteetsest ja v\u00e4ga elastsest kangast, mis koos reguleeritavusega tagab ideaalse sobivuse. Tootefotodel olev <a href=\"https:\/\/pesu24.ee\/en\/topid-rinnahoidjad\/rinnahoidja-axami-v-10001\/\">V-10001 rinnahoidja<\/a> ei kuulu komplekti, aga selle saab osta eraldi.<\/p>\n<p><span style=\"color: #008000;\"><strong>OMADUSED<\/strong><\/span><\/p>\n<ul>\n<li>komplektis stringid<\/li>\n<li>punasest t\u00fcllist, mustast pitsist<\/li>\n<li>esiosas k\u00f5ik paelad reguleeritavad<\/li>\n<li>elastne ja kvaliteetne kangas<\/li>\n<li>81% pol\u00fcamiid, 11% puuvill, 8% elastaan<\/li>\n<li>saadaval suurustes XS kuni XL<\/li>\n<\/ul>\n<p>PS! Kui soovitud suurust valikus ei ole v\u00f5i on j\u00e4reltellitav, siis antud suurus on hetkel laost otsa saanud. Sel juhul v\u00f5ta julgesti \u00fchendust meie klienditoega aadressil support@pesu24.ee ja anname teada t\u00e4pse tarneaja.<\/p>","protected":false},"excerpt":{"rendered":"<p>&#46;&#46;&#46;<\/p>","protected":false},"featured_media":23944,"comment_status":"open","ping_status":"closed","template":"","meta":{"_glsr_average":0,"_glsr_ranking":0,"_glsr_reviews":0},"product_brand":[502],"product_cat":[385],"product_tag":[333,334],"class_list":{"0":"post-24466","1":"product","2":"type-product","3":"status-publish","4":"has-post-thumbnail","6":"product_brand-axami","7":"product_cat-stringid-puksikud","8":"product_tag-axami","9":"product_tag-sensual-paradise","10":"pa_suurus-l","11":"pa_suurus-m","12":"pa_suurus-s","13":"pa_suurus-xl","14":"pa_varvus-must","15":"pa_varvus-punane","17":"first","18":"instock","19":"sold-individually","20":"taxable","21":"shipping-taxable","22":"purchasable","23":"product-type-variable"},"_links":{"self":[{"href":"https:\/\/pesu24.ee\/en\/wp-json\/wp\/v2\/product\/24466","targetHints":{"allow":["GET"]}}],"collection":[{"href":"https:\/\/pesu24.ee\/en\/wp-json\/wp\/v2\/product"}],"about":[{"href":"https:\/\/pesu24.ee\/en\/wp-json\/wp\/v2\/types\/product"}],"replies":[{"embeddable":true,"href":"https:\/\/pesu24.ee\/en\/wp-json\/wp\/v2\/comments?post=24466"}],"wp:featuredmedia":[{"embeddable":true,"href":"https:\/\/pesu24.ee\/en\/wp-json\/wp\/v2\/media\/23944"}],"wp:attachment":[{"href":"https:\/\/pesu24.ee\/en\/wp-json\/wp\/v2\/media?parent=24466"}],"wp:term":[{"taxonomy":"product_brand","embeddable":true,"href":"https:\/\/pesu24.ee\/en\/wp-json\/wp\/v2\/product_brand?post=24466"},{"taxonomy":"product_cat","embeddable":true,"href":"https:\/\/pesu24.ee\/en\/wp-json\/wp\/v2\/product_cat?post=24466"},{"taxonomy":"product_tag","embeddable":true,"href":"https:\/\/pesu24.ee\/en\/wp-json\/wp\/v2\/product_tag?post=24466"}],"curies":[{"name":"wp","href":"https:\/\/api.w.org\/{rel}","templated":true}]}}