{"id":24467,"date":"2025-08-19T00:05:40","date_gmt":"2025-08-18T21:05:40","guid":{"rendered":"https:\/\/pesu24.ee\/?post_type=product&#038;p=24467"},"modified":"2025-12-29T00:54:59","modified_gmt":"2025-12-28T21:54:59","slug":"stringid-axami-v-10078","status":"publish","type":"product","link":"https:\/\/pesu24.ee\/en\/stringid-puksikud\/stringid-axami-v-10078\/","title":{"rendered":"Stringid Axami V-10078"},"content":{"rendered":"<p><strong>Punased pitsist stringid, mille esi &#8211; ja taga keskosa punasest lateksist, mille k\u00fcljed omakorda kaunistatud l\u00e4ikiva tikandiga. Mugavuse tagamiseks on stringide lateksist siseosa vooderdatud sametise t\u00fclliga.\u00a0<\/strong><\/p>\n<p>Tagaosas neli elastset paela, millel lisaks tuharaid r\u00f5huvale efektile, tagavad suurep\u00e4rase sobivuse ja kandmismugavuse. Lisa juurde tootefotodel n\u00e4htav <a href=\"https:\/\/pesu24.ee\/en\/topid-rinnahoidjad\/rinnahoidja-axami-v-10071\/\">V-10071 rinnahoidja<\/a> ja saad suurep\u00e4rase komplekti.<\/p>\n<p><span style=\"color: #008000;\"><strong>OMADUSED<\/strong><\/span><\/p>\n<ul>\n<li>komplektis punased stringid<\/li>\n<li>esi- ja tagaosa punasest lateksist<\/li>\n<li>lateksist siseosa vooderdatud sametise t\u00fclliga<\/li>\n<li>elastne kangas, v\u00e4ga mugav kanda<\/li>\n<li>meeldiv keha vastas tunda<\/li>\n<li>84% pol\u00fcamiid, 11% elastaan, 5% puuvill<\/li>\n<li>saadaval suurustes XS kuni XL<\/li>\n<\/ul>\n<p>PS! Kui soovitud suurust valikus ei ole v\u00f5i on j\u00e4reltellitav, siis antud suurus on hetkel laost otsa saanud. Sel juhul v\u00f5ta julgesti \u00fchendust meie klienditoega aadressil support@pesu24.ee ja anname teada t\u00e4pse tarneaja.<\/p>\n<p>Lisaks sama komplekt saadaval ka musta v\u00e4rvi, selleks tutvu <a href=\"https:\/\/pesu24.ee\/en\/topid-rinnahoidjad\/lateks-rinnahoidja-axami-v-9441\/\">V-9441 rinnahoidja<\/a> ja <a href=\"https:\/\/pesu24.ee\/en\/stringid-puksikud\/lateks-stringid-axami-v-9448\/\">V-9448 stringidega<\/a>.<\/p>","protected":false},"excerpt":{"rendered":"<p>&#46;&#46;&#46;<\/p>","protected":false},"featured_media":23955,"comment_status":"open","ping_status":"closed","template":"","meta":{"_glsr_average":0,"_glsr_ranking":0,"_glsr_reviews":0},"product_brand":[502],"product_cat":[385],"product_tag":[333,398,334],"class_list":{"0":"post-24467","1":"product","2":"type-product","3":"status-publish","4":"has-post-thumbnail","6":"product_brand-axami","7":"product_cat-stringid-puksikud","8":"product_tag-axami","9":"product_tag-latekspesu","10":"product_tag-sensual-paradise","11":"pa_suurus-l","12":"pa_suurus-m","13":"pa_suurus-s","14":"pa_suurus-xl","15":"pa_varvus-punane","17":"first","18":"instock","19":"sold-individually","20":"taxable","21":"shipping-taxable","22":"purchasable","23":"product-type-variable"},"_links":{"self":[{"href":"https:\/\/pesu24.ee\/en\/wp-json\/wp\/v2\/product\/24467","targetHints":{"allow":["GET"]}}],"collection":[{"href":"https:\/\/pesu24.ee\/en\/wp-json\/wp\/v2\/product"}],"about":[{"href":"https:\/\/pesu24.ee\/en\/wp-json\/wp\/v2\/types\/product"}],"replies":[{"embeddable":true,"href":"https:\/\/pesu24.ee\/en\/wp-json\/wp\/v2\/comments?post=24467"}],"wp:featuredmedia":[{"embeddable":true,"href":"https:\/\/pesu24.ee\/en\/wp-json\/wp\/v2\/media\/23955"}],"wp:attachment":[{"href":"https:\/\/pesu24.ee\/en\/wp-json\/wp\/v2\/media?parent=24467"}],"wp:term":[{"taxonomy":"product_brand","embeddable":true,"href":"https:\/\/pesu24.ee\/en\/wp-json\/wp\/v2\/product_brand?post=24467"},{"taxonomy":"product_cat","embeddable":true,"href":"https:\/\/pesu24.ee\/en\/wp-json\/wp\/v2\/product_cat?post=24467"},{"taxonomy":"product_tag","embeddable":true,"href":"https:\/\/pesu24.ee\/en\/wp-json\/wp\/v2\/product_tag?post=24467"}],"curies":[{"name":"wp","href":"https:\/\/api.w.org\/{rel}","templated":true}]}}