{"id":24468,"date":"2025-08-19T00:05:40","date_gmt":"2025-08-18T21:05:40","guid":{"rendered":"https:\/\/pesu24.ee\/?post_type=product&#038;p=24468"},"modified":"2025-08-21T14:21:59","modified_gmt":"2025-08-21T11:21:59","slug":"sukapaeltega-puksikud-obsessive-dagmarie","status":"publish","type":"product","link":"https:\/\/pesu24.ee\/en\/stringid-puksikud\/sukapaeltega-puksikud-obsessive-dagmarie\/","title":{"rendered":"Sukapaeltega p\u00fcksikud Obsessive Dagmarie"},"content":{"rendered":"<p>Kas soovite muuta kuuma \u00f5htu veelgi v\u00fcrtsikamaks? Obsessive Dagmarie p\u00fcksikud r\u00f5hutavad suurep\u00e4raselt naiselikke vorme ja pakuvad teile hulganisti ulmelisi naudinguid.<\/p>\n<p>Elegantne pits ja mahlakas punane v\u00e4rv on jumalik kombinatsioon ning avatud jalgevahe ei j\u00e4ta palju ruumi kujutlusv\u00f5imele<\/p>\n<p><span style=\"color: #008000;\"><strong>KOMPLEKT SISALDAB:<\/strong><\/span><\/p>\n<ul>\n<li>p\u00fcksikud<\/li>\n<li>eemaldatavad sukapaelad<\/li>\n<li>NB! Sukad ei kuulu komplekti<\/li>\n<\/ul>\n<p>Obsessive Dagmarie sukapaeltega p\u00fcksikud sobivad kokku <a href=\"https:\/\/pesu24.ee\/en\/sukad\/sukad-obsessive-s814\/\">Obsessive S814 sukkadega (punased)<\/a>.<\/p>\n<p><span style=\"color: #008000;\"><strong>DETAILS:<\/strong><\/span><\/p>\n<ul>\n<li>s\u00fcgav punane toon<\/li>\n<li>sensuaalne pits<\/li>\n<li>eemaldatavad &amp; reguleeritavad sukapaelad<\/li>\n<li>avatud jalgevahe<\/li>\n<li>mugav &amp; elastne kangas (90% pol\u00fcamiid, 10% elastaan)<\/li>\n<\/ul>\n<p><span style=\"color: #008000;\"><strong>VIDEO<\/strong><\/span><\/p>\n<div class=\"video-container\"><iframe loading=\"lazy\" title=\"\u017dHAV\u00c9 KALHOTKY DAGMARIE GARTER PANTIES - OBSESSIVE\" width=\"500\" height=\"281\" src=\"https:\/\/www.youtube.com\/embed\/e8rncx7Z1ec?feature=oembed&#038;wmode=opaque\" frameborder=\"0\" allow=\"accelerometer; autoplay; clipboard-write; encrypted-media; gyroscope; picture-in-picture; web-share\" referrerpolicy=\"strict-origin-when-cross-origin\" allowfullscreen><\/iframe><\/div>","protected":false},"excerpt":{"rendered":"<p>&#46;&#46;&#46;<\/p>","protected":false},"featured_media":23963,"comment_status":"open","ping_status":"closed","template":"","meta":{"_glsr_average":0,"_glsr_ranking":0,"_glsr_reviews":0},"product_brand":[500],"product_cat":[385],"product_tag":[160],"class_list":{"0":"post-24468","1":"product","2":"type-product","3":"status-publish","4":"has-post-thumbnail","6":"product_brand-obsessive","7":"product_cat-stringid-puksikud","8":"product_tag-obsessive","9":"pa_suurus-m-l","10":"pa_suurus-xl-xxl","11":"pa_suurus-xs-s","12":"pa_varvus-punane","14":"first","15":"instock","16":"sold-individually","17":"taxable","18":"shipping-taxable","19":"purchasable","20":"product-type-variable"},"_links":{"self":[{"href":"https:\/\/pesu24.ee\/en\/wp-json\/wp\/v2\/product\/24468","targetHints":{"allow":["GET"]}}],"collection":[{"href":"https:\/\/pesu24.ee\/en\/wp-json\/wp\/v2\/product"}],"about":[{"href":"https:\/\/pesu24.ee\/en\/wp-json\/wp\/v2\/types\/product"}],"replies":[{"embeddable":true,"href":"https:\/\/pesu24.ee\/en\/wp-json\/wp\/v2\/comments?post=24468"}],"wp:featuredmedia":[{"embeddable":true,"href":"https:\/\/pesu24.ee\/en\/wp-json\/wp\/v2\/media\/23963"}],"wp:attachment":[{"href":"https:\/\/pesu24.ee\/en\/wp-json\/wp\/v2\/media?parent=24468"}],"wp:term":[{"taxonomy":"product_brand","embeddable":true,"href":"https:\/\/pesu24.ee\/en\/wp-json\/wp\/v2\/product_brand?post=24468"},{"taxonomy":"product_cat","embeddable":true,"href":"https:\/\/pesu24.ee\/en\/wp-json\/wp\/v2\/product_cat?post=24468"},{"taxonomy":"product_tag","embeddable":true,"href":"https:\/\/pesu24.ee\/en\/wp-json\/wp\/v2\/product_tag?post=24468"}],"curies":[{"name":"wp","href":"https:\/\/api.w.org\/{rel}","templated":true}]}}