{"id":24471,"date":"2025-08-19T00:05:40","date_gmt":"2025-08-18T21:05:40","guid":{"rendered":"https:\/\/pesu24.ee\/?post_type=product&#038;p=24471"},"modified":"2025-08-21T16:13:30","modified_gmt":"2025-08-21T13:13:30","slug":"korge-pihaga-puksikud-noir-handmade-f290","status":"publish","type":"product","link":"https:\/\/pesu24.ee\/en\/stringid-puksikud\/korge-pihaga-puksikud-noir-handmade-f290\/","title":{"rendered":"K\u00f5rge pihaga p\u00fcksikud Noir Handmade F290"},"content":{"rendered":"<p>Noir Handmade F290 k\u00f5rge pihaga p\u00fcksikud on valmistatud pooll\u00e4bipaistvast t\u00fcllist, mida kaunistab leopardimuster. Mugavamaks selga panemiseks on p\u00fcksikud eest kolmesuunalise lukuga avatavad (k.a jalgevahe).<\/p>\n<p><span style=\"color: #008000;\"><strong>KOMPLEKT SISALDAB:<\/strong><\/span><\/p>\n<ul>\n<li>p\u00fcksikud<\/li>\n<\/ul>\n<p>Lisaks v\u00f5ivad teile meeldida j\u00e4rgmised Noir Handmade tooted: <a href=\"https:\/\/pesu24.ee\/en\/puksid-pukskostuumid\/avatud-seljaga-overall-noir-handmade-f286\/\">overall F286<\/a>, <a href=\"https:\/\/pesu24.ee\/en\/bodyd\/body-noir-handmade-f287\/\">body F287<\/a> ja <a href=\"https:\/\/pesu24.ee\/en\/topid-rinnahoidjad\/topp-noir-handmade-f289\/\">topp F289<\/a>.<\/p>\n<p><span style=\"color: #008000;\"><strong>DETAILS:<\/strong><\/span><\/p>\n<ul>\n<li>valmistatud pooll\u00e4bipaistvast t\u00fcllist<\/li>\n<li>kaunistatud leopardimustriga<\/li>\n<li>eest kolmesuunalise lukuga avatav<\/li>\n<li>mugav ja elastne kangas (90% pol\u00fcester; 10% elastaan)<\/li>\n<\/ul>","protected":false},"excerpt":{"rendered":"<p>&#46;&#46;&#46;<\/p>","protected":false},"featured_media":23987,"comment_status":"open","ping_status":"closed","template":"","meta":{"_glsr_average":0,"_glsr_ranking":0,"_glsr_reviews":0},"product_brand":[501],"product_cat":[385],"product_tag":[398,218],"class_list":{"0":"post-24471","1":"product","2":"type-product","3":"status-publish","4":"has-post-thumbnail","6":"product_brand-noir-handmade","7":"product_cat-stringid-puksikud","8":"product_tag-latekspesu","9":"product_tag-noir-handmade","10":"pa_suurus-l","11":"pa_suurus-m","12":"pa_suurus-s","13":"pa_suurus-xl","14":"pa_varvus-must","16":"first","17":"instock","18":"sold-individually","19":"taxable","20":"shipping-taxable","21":"purchasable","22":"product-type-variable"},"_links":{"self":[{"href":"https:\/\/pesu24.ee\/en\/wp-json\/wp\/v2\/product\/24471","targetHints":{"allow":["GET"]}}],"collection":[{"href":"https:\/\/pesu24.ee\/en\/wp-json\/wp\/v2\/product"}],"about":[{"href":"https:\/\/pesu24.ee\/en\/wp-json\/wp\/v2\/types\/product"}],"replies":[{"embeddable":true,"href":"https:\/\/pesu24.ee\/en\/wp-json\/wp\/v2\/comments?post=24471"}],"wp:featuredmedia":[{"embeddable":true,"href":"https:\/\/pesu24.ee\/en\/wp-json\/wp\/v2\/media\/23987"}],"wp:attachment":[{"href":"https:\/\/pesu24.ee\/en\/wp-json\/wp\/v2\/media?parent=24471"}],"wp:term":[{"taxonomy":"product_brand","embeddable":true,"href":"https:\/\/pesu24.ee\/en\/wp-json\/wp\/v2\/product_brand?post=24471"},{"taxonomy":"product_cat","embeddable":true,"href":"https:\/\/pesu24.ee\/en\/wp-json\/wp\/v2\/product_cat?post=24471"},{"taxonomy":"product_tag","embeddable":true,"href":"https:\/\/pesu24.ee\/en\/wp-json\/wp\/v2\/product_tag?post=24471"}],"curies":[{"name":"wp","href":"https:\/\/api.w.org\/{rel}","templated":true}]}}