{"id":24479,"date":"2025-08-19T00:05:48","date_gmt":"2025-08-18T21:05:48","guid":{"rendered":"https:\/\/pesu24.ee\/?post_type=product&#038;p=24479"},"modified":"2025-08-20T15:00:01","modified_gmt":"2025-08-20T12:00:01","slug":"stringid-axami-v-9455","status":"publish","type":"product","link":"https:\/\/pesu24.ee\/en\/stringid-puksikud\/stringid-axami-v-9455\/","title":{"rendered":"Stringid Axami V-9455"},"content":{"rendered":"<p><strong>Kaunid brasiilia stringid V-9455, mis sobivad ideaalselt kokku ja t\u00e4iendavad tootefotodel olevaid <a href=\"https:\/\/pesu24.ee\/en\/topid-rinnahoidjad\/rinnahoidja-axami-v-9451\/\">V-9451 rinnahoidjaid<\/a>. Need kaks garderoobi elementi toovad \u00fcheskoos esile ilu, t\u00e4ielikkuse ja seksuaalsuse.<\/strong><\/p>\n<p>Stringid on valmistatud eranditult meeldivast mustast pitsist. V\u00e4ga elastne kangas, mida on v\u00e4ga mugav kanda, meeldiv keha vastas tunda ning m\u00f5nus puudutada.<\/p>\n<p>T\u00e4iusliku komplekti saamiseks lisa peale Axami V-9455 rinnahoidja juurde ka tootefotodel olevad <a href=\"https:\/\/pesu24.ee\/en\/sukad\/sukad-axami-v-7694\/\">V-7694 sukad<\/a>.<\/p>\n<p><span style=\"color: #008000;\"><strong>DETAILS<\/strong><\/span><\/p>\n<ul>\n<li>komplektis mustast pitsist stringid<\/li>\n<li>elastne ja veniv kangas, mida v\u00e4ga mugav kanda<\/li>\n<li>meeldiv keha vastas tunda, m\u00f5nus puudutada<\/li>\n<li>saadaval suurustes S kuni XL<\/li>\n<li>80% pol\u00fcamiid, elastaan 12%, puuvill 8%<\/li>\n<\/ul>\n<p>Kindlasti tutvuda toode m\u00f5\u00f5tude tabeliga ja lisaks soovitame tutvuda ka teiste <a href=\"https:\/\/pesu24.ee\/en\/omadus\/axami\/\">Axami pesudega<\/a>. Mistahes k\u00fcsimuste korral kirjutage julgelt support@pesu24.ee.<\/p>","protected":false},"excerpt":{"rendered":"<p>&#46;&#46;&#46;<\/p>","protected":false},"featured_media":24189,"comment_status":"open","ping_status":"closed","template":"","meta":{"_glsr_average":0,"_glsr_ranking":0,"_glsr_reviews":0},"product_brand":[502],"product_cat":[385],"product_tag":[333,436],"class_list":{"0":"post-24479","1":"product","2":"type-product","3":"status-publish","4":"has-post-thumbnail","6":"product_brand-axami","7":"product_cat-stringid-puksikud","8":"product_tag-axami","9":"product_tag-malaca-loca","10":"pa_suurus-l","11":"pa_suurus-m","12":"pa_suurus-s","13":"pa_suurus-xl","14":"pa_varvus-must","16":"first","17":"instock","18":"sold-individually","19":"taxable","20":"shipping-taxable","21":"purchasable","22":"product-type-variable"},"_links":{"self":[{"href":"https:\/\/pesu24.ee\/en\/wp-json\/wp\/v2\/product\/24479","targetHints":{"allow":["GET"]}}],"collection":[{"href":"https:\/\/pesu24.ee\/en\/wp-json\/wp\/v2\/product"}],"about":[{"href":"https:\/\/pesu24.ee\/en\/wp-json\/wp\/v2\/types\/product"}],"replies":[{"embeddable":true,"href":"https:\/\/pesu24.ee\/en\/wp-json\/wp\/v2\/comments?post=24479"}],"wp:featuredmedia":[{"embeddable":true,"href":"https:\/\/pesu24.ee\/en\/wp-json\/wp\/v2\/media\/24189"}],"wp:attachment":[{"href":"https:\/\/pesu24.ee\/en\/wp-json\/wp\/v2\/media?parent=24479"}],"wp:term":[{"taxonomy":"product_brand","embeddable":true,"href":"https:\/\/pesu24.ee\/en\/wp-json\/wp\/v2\/product_brand?post=24479"},{"taxonomy":"product_cat","embeddable":true,"href":"https:\/\/pesu24.ee\/en\/wp-json\/wp\/v2\/product_cat?post=24479"},{"taxonomy":"product_tag","embeddable":true,"href":"https:\/\/pesu24.ee\/en\/wp-json\/wp\/v2\/product_tag?post=24479"}],"curies":[{"name":"wp","href":"https:\/\/api.w.org\/{rel}","templated":true}]}}