{"id":24481,"date":"2025-08-19T00:05:49","date_gmt":"2025-08-18T21:05:49","guid":{"rendered":"https:\/\/pesu24.ee\/?post_type=product&#038;p=24481"},"modified":"2025-08-21T14:26:52","modified_gmt":"2025-08-21T11:26:52","slug":"lateks-stringid-axami-v-9448","status":"publish","type":"product","link":"https:\/\/pesu24.ee\/en\/stringid-puksikud\/lateks-stringid-axami-v-9448\/","title":{"rendered":"Lateks stringid Axami V-9448"},"content":{"rendered":"<p><strong>Need lateksist stringid V-9448 sobivad ideaalselt kokku sama komplekti lateksist <a href=\"https:\/\/pesu24.ee\/en\/topid-rinnahoidjad\/lateks-rinnahoidja-axami-v-9441\/\">rinnahoidjaga V-9441<\/a>. Stringide v\u00e4line osa lateksist, siseosa kaetud siidise kangaga, mis tagab suurep\u00e4rase kandmismugavuse.<\/strong><\/p>\n<p>Stringide l\u00f5ige ja l\u00e4bipaistvus toob esile naiselikud kurvid, aga on siiski piisavalt diskreetsed, et j\u00e4tta ruumi fantaasiale. Luksuslik v\u00e4limus ja parimad kangad, panevad kandjat tundma v\u00e4gagi enesekindlana. Sama komplekt saadaval ka punast v\u00e4rvi, selleks tutvu <a href=\"https:\/\/pesu24.ee\/en\/topid-rinnahoidjad\/rinnahoidja-axami-v-10071\/\">V-10071 rinnahoidja<\/a> ja <a href=\"https:\/\/pesu24.ee\/en\/stringid-puksikud\/stringid-axami-v-10078\/\">V-10078 stringidega<\/a>.<\/p>\n<p><span style=\"color: #008000;\"><strong>DETAILS<\/strong><\/span><\/p>\n<ul>\n<li>komplektis stringid<\/li>\n<li>v\u00e4ljast lateksist, sisemine osa siidine kangas<\/li>\n<li>elastne ja kvaliteetne kangas<\/li>\n<li>meeldiv keha vastas tunda, m\u00f5nus puudutada<\/li>\n<li>saadaval suurustes S kuni XL<\/li>\n<li>48% pol\u00fcamiid, 42% pol\u00fcester, %5 puuvill, 5% elastaan.<\/li>\n<\/ul>\n<p>Kindlasti tutvuda toode m\u00f5\u00f5tude tabeliga ja lisaks soovitame tutvuda ka teiste <a href=\"https:\/\/pesu24.ee\/en\/omadus\/axami\/\">Axami pesudega<\/a>. Mistahes k\u00fcsimuste korral kirjutage julgelt support@pesu24.ee.<\/p>","protected":false},"excerpt":{"rendered":"<p>&#46;&#46;&#46;<\/p>","protected":false},"featured_media":24230,"comment_status":"open","ping_status":"closed","template":"","meta":{"_glsr_average":0,"_glsr_ranking":0,"_glsr_reviews":0},"product_brand":[502],"product_cat":[385],"product_tag":[333,398,436],"class_list":{"0":"post-24481","1":"product","2":"type-product","3":"status-publish","4":"has-post-thumbnail","6":"product_brand-axami","7":"product_cat-stringid-puksikud","8":"product_tag-axami","9":"product_tag-latekspesu","10":"product_tag-malaca-loca","11":"pa_suurus-l","12":"pa_suurus-m","13":"pa_suurus-s","14":"pa_suurus-xl","15":"pa_varvus-must","17":"first","18":"instock","19":"sold-individually","20":"taxable","21":"shipping-taxable","22":"purchasable","23":"product-type-variable"},"_links":{"self":[{"href":"https:\/\/pesu24.ee\/en\/wp-json\/wp\/v2\/product\/24481","targetHints":{"allow":["GET"]}}],"collection":[{"href":"https:\/\/pesu24.ee\/en\/wp-json\/wp\/v2\/product"}],"about":[{"href":"https:\/\/pesu24.ee\/en\/wp-json\/wp\/v2\/types\/product"}],"replies":[{"embeddable":true,"href":"https:\/\/pesu24.ee\/en\/wp-json\/wp\/v2\/comments?post=24481"}],"wp:featuredmedia":[{"embeddable":true,"href":"https:\/\/pesu24.ee\/en\/wp-json\/wp\/v2\/media\/24230"}],"wp:attachment":[{"href":"https:\/\/pesu24.ee\/en\/wp-json\/wp\/v2\/media?parent=24481"}],"wp:term":[{"taxonomy":"product_brand","embeddable":true,"href":"https:\/\/pesu24.ee\/en\/wp-json\/wp\/v2\/product_brand?post=24481"},{"taxonomy":"product_cat","embeddable":true,"href":"https:\/\/pesu24.ee\/en\/wp-json\/wp\/v2\/product_cat?post=24481"},{"taxonomy":"product_tag","embeddable":true,"href":"https:\/\/pesu24.ee\/en\/wp-json\/wp\/v2\/product_tag?post=24481"}],"curies":[{"name":"wp","href":"https:\/\/api.w.org\/{rel}","templated":true}]}}