{"id":24483,"date":"2025-08-19T00:05:49","date_gmt":"2025-08-18T21:05:49","guid":{"rendered":"https:\/\/pesu24.ee\/?post_type=product&#038;p=24483"},"modified":"2025-12-10T21:42:46","modified_gmt":"2025-12-10T18:42:46","slug":"stringid-axami-v-9498","status":"publish","type":"product","link":"https:\/\/pesu24.ee\/en\/stringid-puksikud\/stringid-axami-v-9498\/","title":{"rendered":"Stringid Axami V-9498"},"content":{"rendered":"<p><strong>Mustast pitsist stringid V-9468, mille esiosa vooderdatud bee\u017ei t\u00fclliga. Tagaosa l\u00e4bipaistvast mustast pitsist.<\/strong><\/p>\n<p>Kaunis disain ja kvaliteetne kangas toob esile naiseliku ilu. Perfektsuse saavutamiseks lisada juurde tootefotodel olev <a href=\"https:\/\/pesu24.ee\/en\/topid-rinnahoidjad\/rinnahoidja-axami-v-9491\/\">V-9491 rinnahoidja<\/a> ning <a href=\"https:\/\/pesu24.ee\/en\/sukad\/sukad-axami-v-7834\/\">V-7834 sukad<\/a>.<\/p>\n<p><span style=\"color: #008000;\"><strong>DETAILS<\/strong><\/span><\/p>\n<ul>\n<li>komplektis mustast l\u00e4bipaistvast pitsist stringid<\/li>\n<li>stringide esiosa vooderdatud bee\u017ei t\u00fclliga, mis tagab kandmismugavuse ja kaotab l\u00e4bipaistvuse<\/li>\n<li>elastne ja kvaliteetne kangas<\/li>\n<li>meeldiv keha vastas tunda, m\u00f5nus puudutada<\/li>\n<li>saadaval suurustes S kuni XL<\/li>\n<li>78% pol\u00fcamiid, 10% elastaan, 6% puuvill, 6% pol\u00fcester<\/li>\n<\/ul>\n<p>Kindlasti tutvuda toode m\u00f5\u00f5tude tabeliga ja lisaks soovitame tutvuda ka teiste <a href=\"https:\/\/pesu24.ee\/en\/omadus\/axami\/\">Axami pesudega<\/a>. Mistahes k\u00fcsimuste korral kirjutage julgelt support@pesu24.ee.<\/p>","protected":false},"excerpt":{"rendered":"<p>&#46;&#46;&#46;<\/p>","protected":false},"featured_media":24246,"comment_status":"open","ping_status":"closed","template":"","meta":{"_glsr_average":0,"_glsr_ranking":0,"_glsr_reviews":0},"product_brand":[502],"product_cat":[385],"product_tag":[333,436],"class_list":{"0":"post-24483","1":"product","2":"type-product","3":"status-publish","4":"has-post-thumbnail","6":"product_brand-axami","7":"product_cat-stringid-puksikud","8":"product_tag-axami","9":"product_tag-malaca-loca","10":"pa_suurus-l","11":"pa_suurus-m","12":"pa_suurus-s","13":"pa_suurus-xl","14":"pa_varvus-must","16":"first","17":"instock","18":"sold-individually","19":"taxable","20":"shipping-taxable","21":"purchasable","22":"product-type-variable"},"_links":{"self":[{"href":"https:\/\/pesu24.ee\/en\/wp-json\/wp\/v2\/product\/24483","targetHints":{"allow":["GET"]}}],"collection":[{"href":"https:\/\/pesu24.ee\/en\/wp-json\/wp\/v2\/product"}],"about":[{"href":"https:\/\/pesu24.ee\/en\/wp-json\/wp\/v2\/types\/product"}],"replies":[{"embeddable":true,"href":"https:\/\/pesu24.ee\/en\/wp-json\/wp\/v2\/comments?post=24483"}],"wp:featuredmedia":[{"embeddable":true,"href":"https:\/\/pesu24.ee\/en\/wp-json\/wp\/v2\/media\/24246"}],"wp:attachment":[{"href":"https:\/\/pesu24.ee\/en\/wp-json\/wp\/v2\/media?parent=24483"}],"wp:term":[{"taxonomy":"product_brand","embeddable":true,"href":"https:\/\/pesu24.ee\/en\/wp-json\/wp\/v2\/product_brand?post=24483"},{"taxonomy":"product_cat","embeddable":true,"href":"https:\/\/pesu24.ee\/en\/wp-json\/wp\/v2\/product_cat?post=24483"},{"taxonomy":"product_tag","embeddable":true,"href":"https:\/\/pesu24.ee\/en\/wp-json\/wp\/v2\/product_tag?post=24483"}],"curies":[{"name":"wp","href":"https:\/\/api.w.org\/{rel}","templated":true}]}}